{"id":772,"date":"2012-04-16T15:14:39","date_gmt":"2012-04-16T15:14:39","guid":{"rendered":"http:\/\/demo.cpothemes.com\/panoramica\/?page_id=770"},"modified":"2017-07-12T11:12:22","modified_gmt":"2017-07-12T11:12:22","slug":"products","status":"publish","type":"page","link":"https:\/\/norfran.co.uk\/fr\/products\/","title":{"rendered":"Les Produits"},"content":{"rendered":"<p><img decoding=\"async\" class=\"alignnone size-full wp-image-2256 lazyload\" data-src=\"https:\/\/norfran.co.uk\/wp-content\/uploads\/2013\/09\/products.jpg\" alt=\"Products\" width=\"100%\" data-srcset=\"https:\/\/norfran.co.uk\/wp-content\/uploads\/2013\/09\/products.jpg 1400w, https:\/\/norfran.co.uk\/wp-content\/uploads\/2013\/09\/products-300x47.jpg 300w, https:\/\/norfran.co.uk\/wp-content\/uploads\/2013\/09\/products-768x121.jpg 768w, https:\/\/norfran.co.uk\/wp-content\/uploads\/2013\/09\/products-1024x161.jpg 1024w\" data-sizes=\"auto\" src=\"data:image\/svg+xml;base64,PHN2ZyB3aWR0aD0iMSIgaGVpZ2h0PSIxIiB4bWxucz0iaHR0cDovL3d3dy53My5vcmcvMjAwMC9zdmciPjwvc3ZnPg==\" style=\"--smush-placeholder-width: 1400px; --smush-placeholder-aspect-ratio: 1400\/220;\" data-original-sizes=\"(max-width: 1400px) 100vw, 1400px\" \/><\/p>\n<p class=\"firstpara\"><strong>Norfran peut r\u00e9pondre \u00e0 tous vos besoins depuis les pi\u00e8ces brutes jusqu&rsquo;aux assemblages enti\u00e8rement finis. Nos gammes actuelles de produits sont utilis\u00e9es dans diff\u00e9rentes applications, parmi lesquelles : &#8211;<\/strong><\/p>\n<ul>\n<li>Pi\u00e8ces destin\u00e9es \u00e0 l&rsquo;industrie automobile<\/li>\n<li>Gros \u00e9lectrom\u00e9nager<\/li>\n<li>Mobilier et accessoires de bureau<\/li>\n<li>Pi\u00e8ces destin\u00e9es au g\u00e9nie industriel<\/li>\n<li>Industries de l&rsquo;\u00e9lectricit\u00e9 et de l&rsquo;\u00e9lectronique<\/li>\n<li>Appareils \u00e9lectrom\u00e9nagers<\/li>\n<li>et bien d&rsquo;autres&#8230;<\/li>\n<\/ul>\n<h2>Nous exportons vers :-<\/h2>\n<p>Europe<br \/>\nAm\u00e9rique du Nord<br \/>\nAm\u00e9rique du Sud<br \/>\nExtr\u00eame-Orient<br \/>\nAsie<br \/>\nAustralasie<\/p>","protected":false},"excerpt":{"rendered":"<p>Norfran peut r\u00e9pondre \u00e0 tous vos besoins depuis les pi\u00e8ces brutes jusqu&rsquo;aux assemblages enti\u00e8rement finis. Nos gammes actuelles de produits sont utilis\u00e9es dans diff\u00e9rentes applications, parmi lesquelles : &#8211; Pi\u00e8ces destin\u00e9es \u00e0 l&rsquo;industrie automobile Gros \u00e9lectrom\u00e9nager Mobilier et accessoires de bureau Pi\u00e8ces destin\u00e9es au g\u00e9nie industriel Industries de l&rsquo;\u00e9lectricit\u00e9 et de l&rsquo;\u00e9lectronique Appareils \u00e9lectrom\u00e9nagers et bien d&rsquo;autres&#8230; Nous exportons vers :- Europe Am\u00e9rique du Nord Am\u00e9rique du Sud Extr\u00eame-Orient Asie Australasie<\/p>\n","protected":false},"author":2,"featured_media":0,"parent":0,"menu_order":0,"comment_status":"closed","ping_status":"closed","template":"","meta":{"footnotes":""},"class_list":["post-772","page","type-page","status-publish","hentry"],"yoast_head":"<!-- This site is optimized with the Yoast SEO plugin v27.5 - https:\/\/yoast.com\/product\/yoast-seo-wordpress\/ -->\n<title>Les Produits - Norfran Limited<\/title>\n<meta name=\"robots\" content=\"index, follow, max-snippet:-1, max-image-preview:large, max-video-preview:-1\" \/>\n<link rel=\"canonical\" href=\"https:\/\/norfran.co.uk\/products\/\" \/>\n<meta property=\"og:locale\" content=\"fr_FR\" \/>\n<meta property=\"og:type\" content=\"article\" \/>\n<meta property=\"og:title\" content=\"Les Produits - Norfran Limited\" \/>\n<meta property=\"og:description\" content=\"Norfran peut r\u00e9pondre \u00e0 tous vos besoins depuis les pi\u00e8ces brutes jusqu&rsquo;aux assemblages enti\u00e8rement finis. Nos gammes actuelles de produits sont utilis\u00e9es dans diff\u00e9rentes applications, parmi lesquelles : &#8211; Pi\u00e8ces destin\u00e9es \u00e0 l&rsquo;industrie automobile Gros \u00e9lectrom\u00e9nager Mobilier et accessoires de bureau Pi\u00e8ces destin\u00e9es au g\u00e9nie industriel Industries de l&rsquo;\u00e9lectricit\u00e9 et de l&rsquo;\u00e9lectronique Appareils \u00e9lectrom\u00e9nagers et bien d&rsquo;autres&#8230; Nous exportons vers :- Europe Am\u00e9rique du Nord Am\u00e9rique du Sud Extr\u00eame-Orient Asie Australasie\" \/>\n<meta property=\"og:url\" content=\"https:\/\/norfran.co.uk\/products\/\" \/>\n<meta property=\"og:site_name\" content=\"Norfran Limited\" \/>\n<meta property=\"article:modified_time\" content=\"2017-07-12T11:12:22+00:00\" \/>\n<meta property=\"og:image\" content=\"https:\/\/norfran.co.uk\/wp-content\/uploads\/2013\/09\/products.jpg\" \/>\n<meta name=\"twitter:card\" content=\"summary_large_image\" \/>\n<meta name=\"twitter:label1\" content=\"Dur\u00e9e de lecture estim\u00e9e\" \/>\n\t<meta name=\"twitter:data1\" content=\"2 minutes\" \/>\n<script type=\"application\/ld+json\" class=\"yoast-schema-graph\">{\"@context\":\"https:\\\/\\\/schema.org\",\"@graph\":[{\"@type\":\"WebPage\",\"@id\":\"https:\\\/\\\/norfran.co.uk\\\/products\\\/\",\"url\":\"https:\\\/\\\/norfran.co.uk\\\/products\\\/\",\"name\":\"[:en]Products[:de]Produkte[:fr]Les Produits[:es]Productos[:] - Norfran Limited\",\"isPartOf\":{\"@id\":\"https:\\\/\\\/norfran.co.uk\\\/#website\"},\"primaryImageOfPage\":{\"@id\":\"https:\\\/\\\/norfran.co.uk\\\/products\\\/#primaryimage\"},\"image\":{\"@id\":\"https:\\\/\\\/norfran.co.uk\\\/products\\\/#primaryimage\"},\"thumbnailUrl\":\"https:\\\/\\\/norfran.co.uk\\\/wp-content\\\/uploads\\\/2013\\\/09\\\/products.jpg\",\"datePublished\":\"2012-04-16T15:14:39+00:00\",\"dateModified\":\"2017-07-12T11:12:22+00:00\",\"breadcrumb\":{\"@id\":\"https:\\\/\\\/norfran.co.uk\\\/products\\\/#breadcrumb\"},\"inLanguage\":\"fr-FR\",\"potentialAction\":[{\"@type\":\"ReadAction\",\"target\":[\"https:\\\/\\\/norfran.co.uk\\\/products\\\/\"]}]},{\"@type\":\"ImageObject\",\"inLanguage\":\"fr-FR\",\"@id\":\"https:\\\/\\\/norfran.co.uk\\\/products\\\/#primaryimage\",\"url\":\"https:\\\/\\\/norfran.co.uk\\\/wp-content\\\/uploads\\\/2013\\\/09\\\/products.jpg\",\"contentUrl\":\"https:\\\/\\\/norfran.co.uk\\\/wp-content\\\/uploads\\\/2013\\\/09\\\/products.jpg\"},{\"@type\":\"BreadcrumbList\",\"@id\":\"https:\\\/\\\/norfran.co.uk\\\/products\\\/#breadcrumb\",\"itemListElement\":[{\"@type\":\"ListItem\",\"position\":1,\"name\":\"Home\",\"item\":\"https:\\\/\\\/norfran.co.uk\\\/\"},{\"@type\":\"ListItem\",\"position\":2,\"name\":\"Products\"}]},{\"@type\":\"WebSite\",\"@id\":\"https:\\\/\\\/norfran.co.uk\\\/#website\",\"url\":\"https:\\\/\\\/norfran.co.uk\\\/\",\"name\":\"Norfran Limited\",\"description\":\"Precision Aluminium and Zinc Diecasters\",\"potentialAction\":[{\"@type\":\"SearchAction\",\"target\":{\"@type\":\"EntryPoint\",\"urlTemplate\":\"https:\\\/\\\/norfran.co.uk\\\/?s={search_term_string}\"},\"query-input\":{\"@type\":\"PropertyValueSpecification\",\"valueRequired\":true,\"valueName\":\"search_term_string\"}}],\"inLanguage\":\"fr-FR\"}]}<\/script>\n<!-- \/ Yoast SEO plugin. -->","yoast_head_json":{"title":"Les Produits - Norfran Limited","robots":{"index":"index","follow":"follow","max-snippet":"max-snippet:-1","max-image-preview":"max-image-preview:large","max-video-preview":"max-video-preview:-1"},"canonical":"https:\/\/norfran.co.uk\/products\/","og_locale":"fr_FR","og_type":"article","og_title":"Les Produits - Norfran Limited","og_description":"Norfran peut r\u00e9pondre \u00e0 tous vos besoins depuis les pi\u00e8ces brutes jusqu&rsquo;aux assemblages enti\u00e8rement finis. Nos gammes actuelles de produits sont utilis\u00e9es dans diff\u00e9rentes applications, parmi lesquelles : &#8211; Pi\u00e8ces destin\u00e9es \u00e0 l&rsquo;industrie automobile Gros \u00e9lectrom\u00e9nager Mobilier et accessoires de bureau Pi\u00e8ces destin\u00e9es au g\u00e9nie industriel Industries de l&rsquo;\u00e9lectricit\u00e9 et de l&rsquo;\u00e9lectronique Appareils \u00e9lectrom\u00e9nagers et bien d&rsquo;autres&#8230; Nous exportons vers :- Europe Am\u00e9rique du Nord Am\u00e9rique du Sud Extr\u00eame-Orient Asie Australasie","og_url":"https:\/\/norfran.co.uk\/products\/","og_site_name":"Norfran Limited","article_modified_time":"2017-07-12T11:12:22+00:00","og_image":[{"url":"https:\/\/norfran.co.uk\/wp-content\/uploads\/2013\/09\/products.jpg","type":"","width":"","height":""}],"twitter_card":"summary_large_image","twitter_misc":{"Dur\u00e9e de lecture estim\u00e9e":"2 minutes"},"schema":{"@context":"https:\/\/schema.org","@graph":[{"@type":"WebPage","@id":"https:\/\/norfran.co.uk\/products\/","url":"https:\/\/norfran.co.uk\/products\/","name":"[:en]Products[:de]Produkte[:fr]Les Produits[:es]Productos[:] - Norfran Limited","isPartOf":{"@id":"https:\/\/norfran.co.uk\/#website"},"primaryImageOfPage":{"@id":"https:\/\/norfran.co.uk\/products\/#primaryimage"},"image":{"@id":"https:\/\/norfran.co.uk\/products\/#primaryimage"},"thumbnailUrl":"https:\/\/norfran.co.uk\/wp-content\/uploads\/2013\/09\/products.jpg","datePublished":"2012-04-16T15:14:39+00:00","dateModified":"2017-07-12T11:12:22+00:00","breadcrumb":{"@id":"https:\/\/norfran.co.uk\/products\/#breadcrumb"},"inLanguage":"fr-FR","potentialAction":[{"@type":"ReadAction","target":["https:\/\/norfran.co.uk\/products\/"]}]},{"@type":"ImageObject","inLanguage":"fr-FR","@id":"https:\/\/norfran.co.uk\/products\/#primaryimage","url":"https:\/\/norfran.co.uk\/wp-content\/uploads\/2013\/09\/products.jpg","contentUrl":"https:\/\/norfran.co.uk\/wp-content\/uploads\/2013\/09\/products.jpg"},{"@type":"BreadcrumbList","@id":"https:\/\/norfran.co.uk\/products\/#breadcrumb","itemListElement":[{"@type":"ListItem","position":1,"name":"Home","item":"https:\/\/norfran.co.uk\/"},{"@type":"ListItem","position":2,"name":"Products"}]},{"@type":"WebSite","@id":"https:\/\/norfran.co.uk\/#website","url":"https:\/\/norfran.co.uk\/","name":"Norfran Limited","description":"Precision Aluminium and Zinc Diecasters","potentialAction":[{"@type":"SearchAction","target":{"@type":"EntryPoint","urlTemplate":"https:\/\/norfran.co.uk\/?s={search_term_string}"},"query-input":{"@type":"PropertyValueSpecification","valueRequired":true,"valueName":"search_term_string"}}],"inLanguage":"fr-FR"}]}},"_links":{"self":[{"href":"https:\/\/norfran.co.uk\/fr\/wp-json\/wp\/v2\/pages\/772","targetHints":{"allow":["GET"]}}],"collection":[{"href":"https:\/\/norfran.co.uk\/fr\/wp-json\/wp\/v2\/pages"}],"about":[{"href":"https:\/\/norfran.co.uk\/fr\/wp-json\/wp\/v2\/types\/page"}],"author":[{"embeddable":true,"href":"https:\/\/norfran.co.uk\/fr\/wp-json\/wp\/v2\/users\/2"}],"replies":[{"embeddable":true,"href":"https:\/\/norfran.co.uk\/fr\/wp-json\/wp\/v2\/comments?post=772"}],"version-history":[{"count":0,"href":"https:\/\/norfran.co.uk\/fr\/wp-json\/wp\/v2\/pages\/772\/revisions"}],"wp:attachment":[{"href":"https:\/\/norfran.co.uk\/fr\/wp-json\/wp\/v2\/media?parent=772"}],"curies":[{"name":"wp","href":"https:\/\/api.w.org\/{rel}","templated":true}]}}