{"id":696,"date":"2012-02-16T12:17:01","date_gmt":"2012-02-16T12:17:01","guid":{"rendered":"http:\/\/demo.cpothemes.com\/illustrious\/?page_id=696"},"modified":"2023-05-15T13:40:34","modified_gmt":"2023-05-15T13:40:34","slug":"quality","status":"publish","type":"page","link":"https:\/\/norfran.co.uk\/fr\/quality\/","title":{"rendered":"Assurance Qualit\u00e9"},"content":{"rendered":"<p><img decoding=\"async\" class=\"alignnone size-full wp-image-2257 lazyload\" data-src=\"https:\/\/norfran.co.uk\/wp-content\/uploads\/2013\/09\/quality.jpg\" alt=\"Quality\" width=\"100%\" data-srcset=\"https:\/\/norfran.co.uk\/wp-content\/uploads\/2013\/09\/quality.jpg 1400w, https:\/\/norfran.co.uk\/wp-content\/uploads\/2013\/09\/quality-300x47.jpg 300w, https:\/\/norfran.co.uk\/wp-content\/uploads\/2013\/09\/quality-768x121.jpg 768w, https:\/\/norfran.co.uk\/wp-content\/uploads\/2013\/09\/quality-1024x161.jpg 1024w\" data-sizes=\"auto\" src=\"data:image\/svg+xml;base64,PHN2ZyB3aWR0aD0iMSIgaGVpZ2h0PSIxIiB4bWxucz0iaHR0cDovL3d3dy53My5vcmcvMjAwMC9zdmciPjwvc3ZnPg==\" style=\"--smush-placeholder-width: 1400px; --smush-placeholder-aspect-ratio: 1400\/220;\" data-original-sizes=\"(max-width: 1400px) 100vw, 1400px\" \/><\/p>\n<h1>Assurance Qualit\u00e9<\/h1>\n<p><strong>Qualit\u00e9, Livraison, Prix &#8211; les pierres angulaires de la Satisfaction du Client. L&rsquo;obtention de la certification selon BS EN ISO 9001:2015 nous a permis d&rsquo;\u00e9tablir des relations de partenariat \u00e9troit avec les Clients et les Fournisseurs. Notre syst\u00e8me garantit que le cahier des charges sera respect\u00e9.<\/strong><\/p>\n<p>Les mati\u00e8res premi\u00e8res nous sont fournies par des entreprises qui r\u00e9pondent aux normes internationales et \u00e0 celles du client..<\/p>\n<p>Les essais par spectrographie et les essais de traction men\u00e9s dans nos laboratoires permettent de certifier la conformit\u00e9 chimique et m\u00e9canique. La radiographie en temps r\u00e9el, sur \u00e9cran \u00e0 haute r\u00e9solution, les essais de fuite et les mesures automatiques de la densit\u00e9 sont tous des \u00e9l\u00e9ments qui permettent de produire des pi\u00e8ces de qualit\u00e9.<\/p>\n<p>Nos laboratoires d&rsquo;essais agr\u00e9\u00e9s UKAS permettent d&rsquo;effectuer le calibrage de l&rsquo;\u00e9quipement essentiel y compris celui d&rsquo;une Machine de Mesures Coordonn\u00e9es et de pr\u00e9server l&rsquo;int\u00e9grit\u00e9 g\u00e9om\u00e9trique des outils de mesure sp\u00e9cialis\u00e9s.<\/p>\n<p>La poursuite de la qualit\u00e9 est \u00e9tay\u00e9e par une main d&rsquo;oeuvre d\u00e9termin\u00e9e et hautement qualifi\u00e9e.<\/p>\n<p><a href=\"https:\/\/norfran.co.uk\/wp-content\/uploads\/2018\/08\/SGS_ISO_9001_UKAS_2014_TCL.jpg\"><img decoding=\"async\" class=\"alignnone wp-image-2522 lazyload\" data-src=\"https:\/\/norfran.co.uk\/wp-content\/uploads\/2018\/08\/SGS_ISO_9001_UKAS_2014_TCL-300x174.jpg\" alt=\"\" width=\"138\" height=\"80\" data-srcset=\"https:\/\/norfran.co.uk\/wp-content\/uploads\/2018\/08\/SGS_ISO_9001_UKAS_2014_TCL-300x174.jpg 300w, https:\/\/norfran.co.uk\/wp-content\/uploads\/2018\/08\/SGS_ISO_9001_UKAS_2014_TCL.jpg 305w\" data-sizes=\"auto\" src=\"data:image\/svg+xml;base64,PHN2ZyB3aWR0aD0iMSIgaGVpZ2h0PSIxIiB4bWxucz0iaHR0cDovL3d3dy53My5vcmcvMjAwMC9zdmciPjwvc3ZnPg==\" style=\"--smush-placeholder-width: 138px; --smush-placeholder-aspect-ratio: 138\/80;\" data-original-sizes=\"(max-width: 138px) 100vw, 138px\" \/>\u00a0\u00a0<\/a><a href=\"https:\/\/norfran.co.uk\/wp-content\/uploads\/2018\/08\/SGS_ISO_14001_UKAS_2014_TCL.jpg\"><img decoding=\"async\" class=\"alignnone wp-image-2521 lazyload\" data-src=\"https:\/\/norfran.co.uk\/wp-content\/uploads\/2018\/08\/SGS_ISO_14001_UKAS_2014_TCL-300x174.jpg\" alt=\"\" width=\"138\" height=\"80\" data-srcset=\"https:\/\/norfran.co.uk\/wp-content\/uploads\/2018\/08\/SGS_ISO_14001_UKAS_2014_TCL-300x174.jpg 300w, https:\/\/norfran.co.uk\/wp-content\/uploads\/2018\/08\/SGS_ISO_14001_UKAS_2014_TCL.jpg 305w\" data-sizes=\"auto\" src=\"data:image\/svg+xml;base64,PHN2ZyB3aWR0aD0iMSIgaGVpZ2h0PSIxIiB4bWxucz0iaHR0cDovL3d3dy53My5vcmcvMjAwMC9zdmciPjwvc3ZnPg==\" style=\"--smush-placeholder-width: 138px; --smush-placeholder-aspect-ratio: 138\/80;\" data-original-sizes=\"(max-width: 138px) 100vw, 138px\" \/><\/a><\/p>","protected":false},"excerpt":{"rendered":"<p>Assurance Qualit\u00e9 Qualit\u00e9, Livraison, Prix &#8211; les pierres angulaires de la Satisfaction du Client. L&rsquo;obtention de la certification selon BS EN ISO 9001:2015 nous a permis d&rsquo;\u00e9tablir des relations de partenariat \u00e9troit avec les Clients et les Fournisseurs. Notre syst\u00e8me garantit que le cahier des charges sera respect\u00e9. Les mati\u00e8res premi\u00e8res nous sont fournies par des entreprises qui r\u00e9pondent aux normes internationales et \u00e0 celles du client.. Les essais par spectrographie et les essais de traction men\u00e9s dans nos laboratoires&hellip;<\/p>\n","protected":false},"author":2,"featured_media":0,"parent":0,"menu_order":0,"comment_status":"closed","ping_status":"closed","template":"","meta":{"footnotes":""},"class_list":["post-696","page","type-page","status-publish","hentry"],"yoast_head":"<!-- This site is optimized with the Yoast SEO plugin v27.5 - https:\/\/yoast.com\/product\/yoast-seo-wordpress\/ -->\n<title>Assurance Qualit\u00e9 - Norfran Limited<\/title>\n<meta name=\"robots\" content=\"index, follow, max-snippet:-1, max-image-preview:large, max-video-preview:-1\" \/>\n<link rel=\"canonical\" href=\"https:\/\/norfran.co.uk\/quality\/\" \/>\n<meta property=\"og:locale\" content=\"fr_FR\" \/>\n<meta property=\"og:type\" content=\"article\" \/>\n<meta property=\"og:title\" content=\"Assurance Qualit\u00e9 - Norfran Limited\" \/>\n<meta property=\"og:description\" content=\"Assurance Qualit\u00e9 Qualit\u00e9, Livraison, Prix &#8211; les pierres angulaires de la Satisfaction du Client. L&rsquo;obtention de la certification selon BS EN ISO 9001:2015 nous a permis d&rsquo;\u00e9tablir des relations de partenariat \u00e9troit avec les Clients et les Fournisseurs. Notre syst\u00e8me garantit que le cahier des charges sera respect\u00e9. Les mati\u00e8res premi\u00e8res nous sont fournies par des entreprises qui r\u00e9pondent aux normes internationales et \u00e0 celles du client.. Les essais par spectrographie et les essais de traction men\u00e9s dans nos laboratoires&hellip;\" \/>\n<meta property=\"og:url\" content=\"https:\/\/norfran.co.uk\/quality\/\" \/>\n<meta property=\"og:site_name\" content=\"Norfran Limited\" \/>\n<meta property=\"article:modified_time\" content=\"2023-05-15T13:40:34+00:00\" \/>\n<meta property=\"og:image\" content=\"https:\/\/norfran.co.uk\/wp-content\/uploads\/2013\/09\/quality.jpg\" \/>\n<meta name=\"twitter:card\" content=\"summary_large_image\" \/>\n<meta name=\"twitter:label1\" content=\"Dur\u00e9e de lecture estim\u00e9e\" \/>\n\t<meta name=\"twitter:data1\" content=\"2 minutes\" \/>\n<script type=\"application\/ld+json\" class=\"yoast-schema-graph\">{\"@context\":\"https:\\\/\\\/schema.org\",\"@graph\":[{\"@type\":\"WebPage\",\"@id\":\"https:\\\/\\\/norfran.co.uk\\\/quality\\\/\",\"url\":\"https:\\\/\\\/norfran.co.uk\\\/quality\\\/\",\"name\":\"[:en]Quality[:de]Qualit\u00e4tssicherung[:fr]Assurance Qualit\u00e9[:es]Garant\u00eda de calidad[:] - Norfran Limited\",\"isPartOf\":{\"@id\":\"https:\\\/\\\/norfran.co.uk\\\/#website\"},\"primaryImageOfPage\":{\"@id\":\"https:\\\/\\\/norfran.co.uk\\\/quality\\\/#primaryimage\"},\"image\":{\"@id\":\"https:\\\/\\\/norfran.co.uk\\\/quality\\\/#primaryimage\"},\"thumbnailUrl\":\"https:\\\/\\\/norfran.co.uk\\\/wp-content\\\/uploads\\\/2013\\\/09\\\/quality.jpg\",\"datePublished\":\"2012-02-16T12:17:01+00:00\",\"dateModified\":\"2023-05-15T13:40:34+00:00\",\"breadcrumb\":{\"@id\":\"https:\\\/\\\/norfran.co.uk\\\/quality\\\/#breadcrumb\"},\"inLanguage\":\"fr-FR\",\"potentialAction\":[{\"@type\":\"ReadAction\",\"target\":[\"https:\\\/\\\/norfran.co.uk\\\/quality\\\/\"]}]},{\"@type\":\"ImageObject\",\"inLanguage\":\"fr-FR\",\"@id\":\"https:\\\/\\\/norfran.co.uk\\\/quality\\\/#primaryimage\",\"url\":\"https:\\\/\\\/norfran.co.uk\\\/wp-content\\\/uploads\\\/2013\\\/09\\\/quality.jpg\",\"contentUrl\":\"https:\\\/\\\/norfran.co.uk\\\/wp-content\\\/uploads\\\/2013\\\/09\\\/quality.jpg\"},{\"@type\":\"BreadcrumbList\",\"@id\":\"https:\\\/\\\/norfran.co.uk\\\/quality\\\/#breadcrumb\",\"itemListElement\":[{\"@type\":\"ListItem\",\"position\":1,\"name\":\"Home\",\"item\":\"https:\\\/\\\/norfran.co.uk\\\/\"},{\"@type\":\"ListItem\",\"position\":2,\"name\":\"Quality\"}]},{\"@type\":\"WebSite\",\"@id\":\"https:\\\/\\\/norfran.co.uk\\\/#website\",\"url\":\"https:\\\/\\\/norfran.co.uk\\\/\",\"name\":\"Norfran Limited\",\"description\":\"Precision Aluminium and Zinc Diecasters\",\"potentialAction\":[{\"@type\":\"SearchAction\",\"target\":{\"@type\":\"EntryPoint\",\"urlTemplate\":\"https:\\\/\\\/norfran.co.uk\\\/?s={search_term_string}\"},\"query-input\":{\"@type\":\"PropertyValueSpecification\",\"valueRequired\":true,\"valueName\":\"search_term_string\"}}],\"inLanguage\":\"fr-FR\"}]}<\/script>\n<!-- \/ Yoast SEO plugin. -->","yoast_head_json":{"title":"Assurance Qualit\u00e9 - Norfran Limited","robots":{"index":"index","follow":"follow","max-snippet":"max-snippet:-1","max-image-preview":"max-image-preview:large","max-video-preview":"max-video-preview:-1"},"canonical":"https:\/\/norfran.co.uk\/quality\/","og_locale":"fr_FR","og_type":"article","og_title":"Assurance Qualit\u00e9 - Norfran Limited","og_description":"Assurance Qualit\u00e9 Qualit\u00e9, Livraison, Prix &#8211; les pierres angulaires de la Satisfaction du Client. L&rsquo;obtention de la certification selon BS EN ISO 9001:2015 nous a permis d&rsquo;\u00e9tablir des relations de partenariat \u00e9troit avec les Clients et les Fournisseurs. Notre syst\u00e8me garantit que le cahier des charges sera respect\u00e9. Les mati\u00e8res premi\u00e8res nous sont fournies par des entreprises qui r\u00e9pondent aux normes internationales et \u00e0 celles du client.. Les essais par spectrographie et les essais de traction men\u00e9s dans nos laboratoires&hellip;","og_url":"https:\/\/norfran.co.uk\/quality\/","og_site_name":"Norfran Limited","article_modified_time":"2023-05-15T13:40:34+00:00","og_image":[{"url":"https:\/\/norfran.co.uk\/wp-content\/uploads\/2013\/09\/quality.jpg","type":"","width":"","height":""}],"twitter_card":"summary_large_image","twitter_misc":{"Dur\u00e9e de lecture estim\u00e9e":"2 minutes"},"schema":{"@context":"https:\/\/schema.org","@graph":[{"@type":"WebPage","@id":"https:\/\/norfran.co.uk\/quality\/","url":"https:\/\/norfran.co.uk\/quality\/","name":"[:en]Quality[:de]Qualit\u00e4tssicherung[:fr]Assurance Qualit\u00e9[:es]Garant\u00eda de calidad[:] - Norfran Limited","isPartOf":{"@id":"https:\/\/norfran.co.uk\/#website"},"primaryImageOfPage":{"@id":"https:\/\/norfran.co.uk\/quality\/#primaryimage"},"image":{"@id":"https:\/\/norfran.co.uk\/quality\/#primaryimage"},"thumbnailUrl":"https:\/\/norfran.co.uk\/wp-content\/uploads\/2013\/09\/quality.jpg","datePublished":"2012-02-16T12:17:01+00:00","dateModified":"2023-05-15T13:40:34+00:00","breadcrumb":{"@id":"https:\/\/norfran.co.uk\/quality\/#breadcrumb"},"inLanguage":"fr-FR","potentialAction":[{"@type":"ReadAction","target":["https:\/\/norfran.co.uk\/quality\/"]}]},{"@type":"ImageObject","inLanguage":"fr-FR","@id":"https:\/\/norfran.co.uk\/quality\/#primaryimage","url":"https:\/\/norfran.co.uk\/wp-content\/uploads\/2013\/09\/quality.jpg","contentUrl":"https:\/\/norfran.co.uk\/wp-content\/uploads\/2013\/09\/quality.jpg"},{"@type":"BreadcrumbList","@id":"https:\/\/norfran.co.uk\/quality\/#breadcrumb","itemListElement":[{"@type":"ListItem","position":1,"name":"Home","item":"https:\/\/norfran.co.uk\/"},{"@type":"ListItem","position":2,"name":"Quality"}]},{"@type":"WebSite","@id":"https:\/\/norfran.co.uk\/#website","url":"https:\/\/norfran.co.uk\/","name":"Norfran Limited","description":"Precision Aluminium and Zinc Diecasters","potentialAction":[{"@type":"SearchAction","target":{"@type":"EntryPoint","urlTemplate":"https:\/\/norfran.co.uk\/?s={search_term_string}"},"query-input":{"@type":"PropertyValueSpecification","valueRequired":true,"valueName":"search_term_string"}}],"inLanguage":"fr-FR"}]}},"_links":{"self":[{"href":"https:\/\/norfran.co.uk\/fr\/wp-json\/wp\/v2\/pages\/696","targetHints":{"allow":["GET"]}}],"collection":[{"href":"https:\/\/norfran.co.uk\/fr\/wp-json\/wp\/v2\/pages"}],"about":[{"href":"https:\/\/norfran.co.uk\/fr\/wp-json\/wp\/v2\/types\/page"}],"author":[{"embeddable":true,"href":"https:\/\/norfran.co.uk\/fr\/wp-json\/wp\/v2\/users\/2"}],"replies":[{"embeddable":true,"href":"https:\/\/norfran.co.uk\/fr\/wp-json\/wp\/v2\/comments?post=696"}],"version-history":[{"count":0,"href":"https:\/\/norfran.co.uk\/fr\/wp-json\/wp\/v2\/pages\/696\/revisions"}],"wp:attachment":[{"href":"https:\/\/norfran.co.uk\/fr\/wp-json\/wp\/v2\/media?parent=696"}],"curies":[{"name":"wp","href":"https:\/\/api.w.org\/{rel}","templated":true}]}}