{"id":2177,"date":"2017-05-25T11:34:30","date_gmt":"2017-05-25T11:34:30","guid":{"rendered":"http:\/\/pressurediecasting.co.uk\/?page_id=2177"},"modified":"2024-02-01T13:10:50","modified_gmt":"2024-02-01T13:10:50","slug":"surface-finish","status":"publish","type":"page","link":"https:\/\/norfran.co.uk\/fr\/technical\/surface-finish\/","title":{"rendered":"Finition de surface"},"content":{"rendered":"<p><img decoding=\"async\" class=\"alignnone size-full wp-image-2265 lazyload\" data-src=\"https:\/\/norfran.co.uk\/wp-content\/uploads\/2013\/09\/Tech-surface-finish.jpg\" alt=\"Surface Finish\" width=\"100%\" data-srcset=\"https:\/\/norfran.co.uk\/wp-content\/uploads\/2013\/09\/Tech-surface-finish.jpg 1400w, https:\/\/norfran.co.uk\/wp-content\/uploads\/2013\/09\/Tech-surface-finish-300x47.jpg 300w, https:\/\/norfran.co.uk\/wp-content\/uploads\/2013\/09\/Tech-surface-finish-768x121.jpg 768w, https:\/\/norfran.co.uk\/wp-content\/uploads\/2013\/09\/Tech-surface-finish-1024x161.jpg 1024w\" data-sizes=\"auto\" src=\"data:image\/svg+xml;base64,PHN2ZyB3aWR0aD0iMSIgaGVpZ2h0PSIxIiB4bWxucz0iaHR0cDovL3d3dy53My5vcmcvMjAwMC9zdmciPjwvc3ZnPg==\" style=\"--smush-placeholder-width: 1400px; --smush-placeholder-aspect-ratio: 1400\/220;\" data-original-sizes=\"(max-width: 1400px) 100vw, 1400px\" \/><\/p>\n<h1>Finition de surface<\/h1>\n<h2>Finition de surface brute de coul\u00e9e<\/h2>\n<p class=\"firstpara\"><strong>But g\u00e9n\u00e9ral de la finition standard de la surface brute de coul\u00e9e :<br \/>\nPour ce qui concerne certaines applications, il est souhaitable de sp\u00e9cifier les exigences en mati\u00e8re de finition de surface. Il s&rsquo;agit de classifier la finition des surfaces brutes de coul\u00e9e des moulages en une s\u00e9rie de degr\u00e9s de fa\u00e7on \u00e0 ce que le type de finition requis puisse \u00eatre pr\u00e9cis\u00e9 \u00e0 l&rsquo;avance. <\/strong><\/p>\n<h2>Finition des pi\u00e8ces moul\u00e9es sous pression<\/h2>\n<div class=\"inlineList\">\n<ol>\n<li>Imperfections de surface (couture de moule ferm\u00e9 \u00e0 froid, cloques, traces de coul\u00e9e d&rsquo;huile, etc.) non prohibitives.<\/li>\n<li>Certaines imperfections de surface (couture de moule ferm\u00e9 \u00e0 froid, patine, porosit\u00e9 de surface, etc.) non prohibitives.<\/li>\n<li>Certaines imperfections de surface (couture de moule ferm\u00e9 \u00e0 froid, patine, porosit\u00e9 de surface, etc.) qui peuvent \u00eatre \u00e9limin\u00e9es par polissage des points concern\u00e9s, non prohibitives.<\/li>\n<li>Imperfections de surface qui peuvent \u00eatre \u00e9limin\u00e9es par polissage automatique, non prohibitives.<\/li>\n<li>Imperfections de surface non prohibitives qui seraient accentu\u00e9es par polissage \u00e9lectrochimique. Dans les cas o\u00c3\u00b9 l&rsquo;ondulation (plan\u00e9it\u00e9) not\u00e9e par la r\u00e9flexion de la lumi\u00e8re peut constituer un motif de rejet, il est requis d&rsquo;atteindre un accord sp\u00e9cial.<\/li>\n<\/ol>\n<\/div>\n<h2>Finition finale<\/h2>\n<div class=\"inlineList\">\n<ol>\n<li>Finition de surface non importante<\/li>\n<li>Enduits protecteurs :<br \/>\nAnodis\u00e9e (non d\u00e9corative)<br \/>\nChromate<br \/>\nPeinture industrielle<br \/>\nFinition mate ou au vernis vermicul\u00e9<\/li>\n<li>Enduits d\u00e9coratifs :<br \/>\nLaques<br \/>\n\u00e9maux<br \/>\nPlacage (A1)<br \/>\nFinition chimique<br \/>\nFinition polie<\/li>\n<li>Parties structurelles (zones de contraintes \u00e9lev\u00e9es)<br \/>\nPlacage (Zn).<br \/>\nPlacage \u00e9lectrostatique<\/li>\n<\/ol>\n<\/div>\n<p><\/p>","protected":false},"excerpt":{"rendered":"<p>Finition de surface Finition de surface brute de coul\u00e9e But g\u00e9n\u00e9ral de la finition standard de la surface brute de coul\u00e9e : Pour ce qui concerne certaines applications, il est souhaitable de sp\u00e9cifier les exigences en mati\u00e8re de finition de surface. Il s&rsquo;agit de classifier la finition des surfaces brutes de coul\u00e9e des moulages en une s\u00e9rie de degr\u00e9s de fa\u00e7on \u00e0 ce que le type de finition requis puisse \u00eatre pr\u00e9cis\u00e9 \u00e0 l&rsquo;avance. Finition des pi\u00e8ces moul\u00e9es sous pression&hellip;<\/p>\n","protected":false},"author":2,"featured_media":0,"parent":2166,"menu_order":4,"comment_status":"closed","ping_status":"closed","template":"","meta":{"footnotes":""},"class_list":["post-2177","page","type-page","status-publish","hentry"],"yoast_head":"<!-- This site is optimized with the Yoast SEO plugin v27.5 - https:\/\/yoast.com\/product\/yoast-seo-wordpress\/ -->\n<title>Surface Finish as Cast | Cast finish | End finish<\/title>\n<meta name=\"description\" content=\"Surface Finish as Cast. For some applications it is desirable to specifiy requirements to classify as cast surface finish of diecastings.\" \/>\n<meta name=\"robots\" content=\"index, follow, max-snippet:-1, max-image-preview:large, max-video-preview:-1\" \/>\n<link rel=\"canonical\" href=\"https:\/\/norfran.co.uk\/technical\/surface-finish\/\" \/>\n<meta property=\"og:locale\" content=\"fr_FR\" \/>\n<meta property=\"og:type\" content=\"article\" \/>\n<meta property=\"og:title\" content=\"Surface Finish as Cast | Cast finish | End finish\" \/>\n<meta property=\"og:description\" content=\"Surface Finish as Cast. For some applications it is desirable to specifiy requirements to classify as cast surface finish of diecastings.\" \/>\n<meta property=\"og:url\" content=\"https:\/\/norfran.co.uk\/technical\/surface-finish\/\" \/>\n<meta property=\"og:site_name\" content=\"Norfran Limited\" \/>\n<meta property=\"article:modified_time\" content=\"2024-02-01T13:10:50+00:00\" \/>\n<meta property=\"og:image\" content=\"https:\/\/norfran.co.uk\/wp-content\/uploads\/2013\/09\/Tech-surface-finish.jpg\" \/>\n<meta name=\"twitter:card\" content=\"summary_large_image\" \/>\n<meta name=\"twitter:label1\" content=\"Dur\u00e9e de lecture estim\u00e9e\" \/>\n\t<meta name=\"twitter:data1\" content=\"1 minute\" \/>\n<script type=\"application\/ld+json\" class=\"yoast-schema-graph\">{\"@context\":\"https:\\\/\\\/schema.org\",\"@graph\":[{\"@type\":\"WebPage\",\"@id\":\"https:\\\/\\\/norfran.co.uk\\\/technical\\\/surface-finish\\\/\",\"url\":\"https:\\\/\\\/norfran.co.uk\\\/technical\\\/surface-finish\\\/\",\"name\":\"Surface Finish as Cast | Cast finish | End finish\",\"isPartOf\":{\"@id\":\"https:\\\/\\\/norfran.co.uk\\\/#website\"},\"primaryImageOfPage\":{\"@id\":\"https:\\\/\\\/norfran.co.uk\\\/technical\\\/surface-finish\\\/#primaryimage\"},\"image\":{\"@id\":\"https:\\\/\\\/norfran.co.uk\\\/technical\\\/surface-finish\\\/#primaryimage\"},\"thumbnailUrl\":\"https:\\\/\\\/norfran.co.uk\\\/wp-content\\\/uploads\\\/2013\\\/09\\\/Tech-surface-finish.jpg\",\"datePublished\":\"2017-05-25T11:34:30+00:00\",\"dateModified\":\"2024-02-01T13:10:50+00:00\",\"description\":\"Surface Finish as Cast. For some applications it is desirable to specifiy requirements to classify as cast surface finish of diecastings.\",\"breadcrumb\":{\"@id\":\"https:\\\/\\\/norfran.co.uk\\\/technical\\\/surface-finish\\\/#breadcrumb\"},\"inLanguage\":\"fr-FR\",\"potentialAction\":[{\"@type\":\"ReadAction\",\"target\":[\"https:\\\/\\\/norfran.co.uk\\\/technical\\\/surface-finish\\\/\"]}]},{\"@type\":\"ImageObject\",\"inLanguage\":\"fr-FR\",\"@id\":\"https:\\\/\\\/norfran.co.uk\\\/technical\\\/surface-finish\\\/#primaryimage\",\"url\":\"https:\\\/\\\/norfran.co.uk\\\/wp-content\\\/uploads\\\/2013\\\/09\\\/Tech-surface-finish.jpg\",\"contentUrl\":\"https:\\\/\\\/norfran.co.uk\\\/wp-content\\\/uploads\\\/2013\\\/09\\\/Tech-surface-finish.jpg\"},{\"@type\":\"BreadcrumbList\",\"@id\":\"https:\\\/\\\/norfran.co.uk\\\/technical\\\/surface-finish\\\/#breadcrumb\",\"itemListElement\":[{\"@type\":\"ListItem\",\"position\":1,\"name\":\"Home\",\"item\":\"https:\\\/\\\/norfran.co.uk\\\/\"},{\"@type\":\"ListItem\",\"position\":2,\"name\":\"Technical\",\"item\":\"https:\\\/\\\/norfran.co.uk\\\/technical\\\/\"},{\"@type\":\"ListItem\",\"position\":3,\"name\":\"Surface Finish\"}]},{\"@type\":\"WebSite\",\"@id\":\"https:\\\/\\\/norfran.co.uk\\\/#website\",\"url\":\"https:\\\/\\\/norfran.co.uk\\\/\",\"name\":\"Norfran Limited\",\"description\":\"Precision Aluminium and Zinc Diecasters\",\"potentialAction\":[{\"@type\":\"SearchAction\",\"target\":{\"@type\":\"EntryPoint\",\"urlTemplate\":\"https:\\\/\\\/norfran.co.uk\\\/?s={search_term_string}\"},\"query-input\":{\"@type\":\"PropertyValueSpecification\",\"valueRequired\":true,\"valueName\":\"search_term_string\"}}],\"inLanguage\":\"fr-FR\"}]}<\/script>\n<!-- \/ Yoast SEO plugin. -->","yoast_head_json":{"title":"Surface Finish as Cast | Cast finish | End finish","description":"Surface Finish as Cast. For some applications it is desirable to specifiy requirements to classify as cast surface finish of diecastings.","robots":{"index":"index","follow":"follow","max-snippet":"max-snippet:-1","max-image-preview":"max-image-preview:large","max-video-preview":"max-video-preview:-1"},"canonical":"https:\/\/norfran.co.uk\/technical\/surface-finish\/","og_locale":"fr_FR","og_type":"article","og_title":"Surface Finish as Cast | Cast finish | End finish","og_description":"Surface Finish as Cast. For some applications it is desirable to specifiy requirements to classify as cast surface finish of diecastings.","og_url":"https:\/\/norfran.co.uk\/technical\/surface-finish\/","og_site_name":"Norfran Limited","article_modified_time":"2024-02-01T13:10:50+00:00","og_image":[{"url":"https:\/\/norfran.co.uk\/wp-content\/uploads\/2013\/09\/Tech-surface-finish.jpg","type":"","width":"","height":""}],"twitter_card":"summary_large_image","twitter_misc":{"Dur\u00e9e de lecture estim\u00e9e":"1 minute"},"schema":{"@context":"https:\/\/schema.org","@graph":[{"@type":"WebPage","@id":"https:\/\/norfran.co.uk\/technical\/surface-finish\/","url":"https:\/\/norfran.co.uk\/technical\/surface-finish\/","name":"Surface Finish as Cast | Cast finish | End finish","isPartOf":{"@id":"https:\/\/norfran.co.uk\/#website"},"primaryImageOfPage":{"@id":"https:\/\/norfran.co.uk\/technical\/surface-finish\/#primaryimage"},"image":{"@id":"https:\/\/norfran.co.uk\/technical\/surface-finish\/#primaryimage"},"thumbnailUrl":"https:\/\/norfran.co.uk\/wp-content\/uploads\/2013\/09\/Tech-surface-finish.jpg","datePublished":"2017-05-25T11:34:30+00:00","dateModified":"2024-02-01T13:10:50+00:00","description":"Surface Finish as Cast. For some applications it is desirable to specifiy requirements to classify as cast surface finish of diecastings.","breadcrumb":{"@id":"https:\/\/norfran.co.uk\/technical\/surface-finish\/#breadcrumb"},"inLanguage":"fr-FR","potentialAction":[{"@type":"ReadAction","target":["https:\/\/norfran.co.uk\/technical\/surface-finish\/"]}]},{"@type":"ImageObject","inLanguage":"fr-FR","@id":"https:\/\/norfran.co.uk\/technical\/surface-finish\/#primaryimage","url":"https:\/\/norfran.co.uk\/wp-content\/uploads\/2013\/09\/Tech-surface-finish.jpg","contentUrl":"https:\/\/norfran.co.uk\/wp-content\/uploads\/2013\/09\/Tech-surface-finish.jpg"},{"@type":"BreadcrumbList","@id":"https:\/\/norfran.co.uk\/technical\/surface-finish\/#breadcrumb","itemListElement":[{"@type":"ListItem","position":1,"name":"Home","item":"https:\/\/norfran.co.uk\/"},{"@type":"ListItem","position":2,"name":"Technical","item":"https:\/\/norfran.co.uk\/technical\/"},{"@type":"ListItem","position":3,"name":"Surface Finish"}]},{"@type":"WebSite","@id":"https:\/\/norfran.co.uk\/#website","url":"https:\/\/norfran.co.uk\/","name":"Norfran Limited","description":"Precision Aluminium and Zinc Diecasters","potentialAction":[{"@type":"SearchAction","target":{"@type":"EntryPoint","urlTemplate":"https:\/\/norfran.co.uk\/?s={search_term_string}"},"query-input":{"@type":"PropertyValueSpecification","valueRequired":true,"valueName":"search_term_string"}}],"inLanguage":"fr-FR"}]}},"_links":{"self":[{"href":"https:\/\/norfran.co.uk\/fr\/wp-json\/wp\/v2\/pages\/2177","targetHints":{"allow":["GET"]}}],"collection":[{"href":"https:\/\/norfran.co.uk\/fr\/wp-json\/wp\/v2\/pages"}],"about":[{"href":"https:\/\/norfran.co.uk\/fr\/wp-json\/wp\/v2\/types\/page"}],"author":[{"embeddable":true,"href":"https:\/\/norfran.co.uk\/fr\/wp-json\/wp\/v2\/users\/2"}],"replies":[{"embeddable":true,"href":"https:\/\/norfran.co.uk\/fr\/wp-json\/wp\/v2\/comments?post=2177"}],"version-history":[{"count":0,"href":"https:\/\/norfran.co.uk\/fr\/wp-json\/wp\/v2\/pages\/2177\/revisions"}],"up":[{"embeddable":true,"href":"https:\/\/norfran.co.uk\/fr\/wp-json\/wp\/v2\/pages\/2166"}],"wp:attachment":[{"href":"https:\/\/norfran.co.uk\/fr\/wp-json\/wp\/v2\/media?parent=2177"}],"curies":[{"name":"wp","href":"https:\/\/api.w.org\/{rel}","templated":true}]}}