{"id":772,"date":"2012-04-16T15:14:39","date_gmt":"2012-04-16T15:14:39","guid":{"rendered":"http:\/\/demo.cpothemes.com\/panoramica\/?page_id=770"},"modified":"2017-07-12T11:12:22","modified_gmt":"2017-07-12T11:12:22","slug":"products","status":"publish","type":"page","link":"https:\/\/norfran.co.uk\/es\/products\/","title":{"rendered":"Productos"},"content":{"rendered":"<p><img decoding=\"async\" class=\"alignnone size-full wp-image-2256 lazyload\" data-src=\"https:\/\/norfran.co.uk\/wp-content\/uploads\/2013\/09\/products.jpg\" alt=\"Products\" width=\"100%\" data-srcset=\"https:\/\/norfran.co.uk\/wp-content\/uploads\/2013\/09\/products.jpg 1400w, https:\/\/norfran.co.uk\/wp-content\/uploads\/2013\/09\/products-300x47.jpg 300w, https:\/\/norfran.co.uk\/wp-content\/uploads\/2013\/09\/products-768x121.jpg 768w, https:\/\/norfran.co.uk\/wp-content\/uploads\/2013\/09\/products-1024x161.jpg 1024w\" data-sizes=\"auto\" src=\"data:image\/svg+xml;base64,PHN2ZyB3aWR0aD0iMSIgaGVpZ2h0PSIxIiB4bWxucz0iaHR0cDovL3d3dy53My5vcmcvMjAwMC9zdmciPjwvc3ZnPg==\" style=\"--smush-placeholder-width: 1400px; --smush-placeholder-aspect-ratio: 1400\/220;\" data-original-sizes=\"(max-width: 1400px) 100vw, 1400px\" \/><\/p>\n<p class=\"firstpara\"><strong>Norfran puede suministrarle todos los productos que necesite, desde los productos de fundici\u00f3n simples hasta conjuntos completos. Nuestra gama actual de productos se utiliza en gran cantidad de aplicaciones, entre las que encontramos: &#8211;<\/strong><\/p>\n<ul>\n<li>Componentes para la industria del autom\u00f3vil<\/li>\n<li>Gama blanca<\/li>\n<li>Mobiliario y accesorios de oficina<\/li>\n<li>Componentes para la ingenier\u00eda industrial<\/li>\n<li>Industria el\u00e9ctrica y electr\u00f3nica<\/li>\n<li>Electrodom\u00e9sticos<\/li>\n<li>Y mucho m\u00e1s&#8230;<\/li>\n<\/ul>\n<h2>Exportamos a:<\/h2>\n<p>Europa<br \/>\nAm\u00e9rica del Norte<br \/>\nAm\u00e9rica del Sur<br \/>\nLejano Oriente<br \/>\nAsia<br \/>\nAustralasia<\/p>","protected":false},"excerpt":{"rendered":"<p>Norfran puede suministrarle todos los productos que necesite, desde los productos de fundici\u00f3n simples hasta conjuntos completos. Nuestra gama actual de productos se utiliza en gran cantidad de aplicaciones, entre las que encontramos: &#8211; Componentes para la industria del autom\u00f3vil Gama blanca Mobiliario y accesorios de oficina Componentes para la ingenier\u00eda industrial Industria el\u00e9ctrica y electr\u00f3nica Electrodom\u00e9sticos Y mucho m\u00e1s&#8230; Exportamos a: Europa Am\u00e9rica del Norte Am\u00e9rica del Sur Lejano Oriente Asia Australasia<\/p>\n","protected":false},"author":2,"featured_media":0,"parent":0,"menu_order":0,"comment_status":"closed","ping_status":"closed","template":"","meta":{"footnotes":""},"class_list":["post-772","page","type-page","status-publish","hentry"],"yoast_head":"<!-- This site is optimized with the Yoast SEO plugin v27.4 - https:\/\/yoast.com\/product\/yoast-seo-wordpress\/ -->\n<title>Productos - Norfran Limited<\/title>\n<meta name=\"robots\" content=\"index, follow, max-snippet:-1, max-image-preview:large, max-video-preview:-1\" \/>\n<link rel=\"canonical\" href=\"https:\/\/norfran.co.uk\/products\/\" \/>\n<meta property=\"og:locale\" content=\"es_ES\" \/>\n<meta property=\"og:type\" content=\"article\" \/>\n<meta property=\"og:title\" content=\"Productos - Norfran Limited\" \/>\n<meta property=\"og:description\" content=\"Norfran puede suministrarle todos los productos que necesite, desde los productos de fundici\u00f3n simples hasta conjuntos completos. Nuestra gama actual de productos se utiliza en gran cantidad de aplicaciones, entre las que encontramos: &#8211; Componentes para la industria del autom\u00f3vil Gama blanca Mobiliario y accesorios de oficina Componentes para la ingenier\u00eda industrial Industria el\u00e9ctrica y electr\u00f3nica Electrodom\u00e9sticos Y mucho m\u00e1s&#8230; Exportamos a: Europa Am\u00e9rica del Norte Am\u00e9rica del Sur Lejano Oriente Asia Australasia\" \/>\n<meta property=\"og:url\" content=\"https:\/\/norfran.co.uk\/products\/\" \/>\n<meta property=\"og:site_name\" content=\"Norfran Limited\" \/>\n<meta property=\"article:modified_time\" content=\"2017-07-12T11:12:22+00:00\" \/>\n<meta property=\"og:image\" content=\"https:\/\/norfran.co.uk\/wp-content\/uploads\/2013\/09\/products.jpg\" \/>\n<meta name=\"twitter:card\" content=\"summary_large_image\" \/>\n<meta name=\"twitter:label1\" content=\"Tiempo de lectura\" \/>\n\t<meta name=\"twitter:data1\" content=\"2 minutos\" \/>\n<script type=\"application\/ld+json\" class=\"yoast-schema-graph\">{\"@context\":\"https:\\\/\\\/schema.org\",\"@graph\":[{\"@type\":\"WebPage\",\"@id\":\"https:\\\/\\\/norfran.co.uk\\\/products\\\/\",\"url\":\"https:\\\/\\\/norfran.co.uk\\\/products\\\/\",\"name\":\"[:en]Products[:de]Produkte[:fr]Les Produits[:es]Productos[:] - Norfran Limited\",\"isPartOf\":{\"@id\":\"https:\\\/\\\/norfran.co.uk\\\/#website\"},\"primaryImageOfPage\":{\"@id\":\"https:\\\/\\\/norfran.co.uk\\\/products\\\/#primaryimage\"},\"image\":{\"@id\":\"https:\\\/\\\/norfran.co.uk\\\/products\\\/#primaryimage\"},\"thumbnailUrl\":\"https:\\\/\\\/norfran.co.uk\\\/wp-content\\\/uploads\\\/2013\\\/09\\\/products.jpg\",\"datePublished\":\"2012-04-16T15:14:39+00:00\",\"dateModified\":\"2017-07-12T11:12:22+00:00\",\"breadcrumb\":{\"@id\":\"https:\\\/\\\/norfran.co.uk\\\/products\\\/#breadcrumb\"},\"inLanguage\":\"es\",\"potentialAction\":[{\"@type\":\"ReadAction\",\"target\":[\"https:\\\/\\\/norfran.co.uk\\\/products\\\/\"]}]},{\"@type\":\"ImageObject\",\"inLanguage\":\"es\",\"@id\":\"https:\\\/\\\/norfran.co.uk\\\/products\\\/#primaryimage\",\"url\":\"https:\\\/\\\/norfran.co.uk\\\/wp-content\\\/uploads\\\/2013\\\/09\\\/products.jpg\",\"contentUrl\":\"https:\\\/\\\/norfran.co.uk\\\/wp-content\\\/uploads\\\/2013\\\/09\\\/products.jpg\"},{\"@type\":\"BreadcrumbList\",\"@id\":\"https:\\\/\\\/norfran.co.uk\\\/products\\\/#breadcrumb\",\"itemListElement\":[{\"@type\":\"ListItem\",\"position\":1,\"name\":\"Home\",\"item\":\"https:\\\/\\\/norfran.co.uk\\\/\"},{\"@type\":\"ListItem\",\"position\":2,\"name\":\"Products\"}]},{\"@type\":\"WebSite\",\"@id\":\"https:\\\/\\\/norfran.co.uk\\\/#website\",\"url\":\"https:\\\/\\\/norfran.co.uk\\\/\",\"name\":\"Norfran Limited\",\"description\":\"Precision Aluminium and Zinc Diecasters\",\"potentialAction\":[{\"@type\":\"SearchAction\",\"target\":{\"@type\":\"EntryPoint\",\"urlTemplate\":\"https:\\\/\\\/norfran.co.uk\\\/?s={search_term_string}\"},\"query-input\":{\"@type\":\"PropertyValueSpecification\",\"valueRequired\":true,\"valueName\":\"search_term_string\"}}],\"inLanguage\":\"es\"}]}<\/script>\n<!-- \/ Yoast SEO plugin. -->","yoast_head_json":{"title":"Productos - Norfran Limited","robots":{"index":"index","follow":"follow","max-snippet":"max-snippet:-1","max-image-preview":"max-image-preview:large","max-video-preview":"max-video-preview:-1"},"canonical":"https:\/\/norfran.co.uk\/products\/","og_locale":"es_ES","og_type":"article","og_title":"Productos - Norfran Limited","og_description":"Norfran puede suministrarle todos los productos que necesite, desde los productos de fundici\u00f3n simples hasta conjuntos completos. Nuestra gama actual de productos se utiliza en gran cantidad de aplicaciones, entre las que encontramos: &#8211; Componentes para la industria del autom\u00f3vil Gama blanca Mobiliario y accesorios de oficina Componentes para la ingenier\u00eda industrial Industria el\u00e9ctrica y electr\u00f3nica Electrodom\u00e9sticos Y mucho m\u00e1s&#8230; Exportamos a: Europa Am\u00e9rica del Norte Am\u00e9rica del Sur Lejano Oriente Asia Australasia","og_url":"https:\/\/norfran.co.uk\/products\/","og_site_name":"Norfran Limited","article_modified_time":"2017-07-12T11:12:22+00:00","og_image":[{"url":"https:\/\/norfran.co.uk\/wp-content\/uploads\/2013\/09\/products.jpg","type":"","width":"","height":""}],"twitter_card":"summary_large_image","twitter_misc":{"Tiempo de lectura":"2 minutos"},"schema":{"@context":"https:\/\/schema.org","@graph":[{"@type":"WebPage","@id":"https:\/\/norfran.co.uk\/products\/","url":"https:\/\/norfran.co.uk\/products\/","name":"[:en]Products[:de]Produkte[:fr]Les Produits[:es]Productos[:] - Norfran Limited","isPartOf":{"@id":"https:\/\/norfran.co.uk\/#website"},"primaryImageOfPage":{"@id":"https:\/\/norfran.co.uk\/products\/#primaryimage"},"image":{"@id":"https:\/\/norfran.co.uk\/products\/#primaryimage"},"thumbnailUrl":"https:\/\/norfran.co.uk\/wp-content\/uploads\/2013\/09\/products.jpg","datePublished":"2012-04-16T15:14:39+00:00","dateModified":"2017-07-12T11:12:22+00:00","breadcrumb":{"@id":"https:\/\/norfran.co.uk\/products\/#breadcrumb"},"inLanguage":"es","potentialAction":[{"@type":"ReadAction","target":["https:\/\/norfran.co.uk\/products\/"]}]},{"@type":"ImageObject","inLanguage":"es","@id":"https:\/\/norfran.co.uk\/products\/#primaryimage","url":"https:\/\/norfran.co.uk\/wp-content\/uploads\/2013\/09\/products.jpg","contentUrl":"https:\/\/norfran.co.uk\/wp-content\/uploads\/2013\/09\/products.jpg"},{"@type":"BreadcrumbList","@id":"https:\/\/norfran.co.uk\/products\/#breadcrumb","itemListElement":[{"@type":"ListItem","position":1,"name":"Home","item":"https:\/\/norfran.co.uk\/"},{"@type":"ListItem","position":2,"name":"Products"}]},{"@type":"WebSite","@id":"https:\/\/norfran.co.uk\/#website","url":"https:\/\/norfran.co.uk\/","name":"Norfran Limited","description":"Precision Aluminium and Zinc Diecasters","potentialAction":[{"@type":"SearchAction","target":{"@type":"EntryPoint","urlTemplate":"https:\/\/norfran.co.uk\/?s={search_term_string}"},"query-input":{"@type":"PropertyValueSpecification","valueRequired":true,"valueName":"search_term_string"}}],"inLanguage":"es"}]}},"_links":{"self":[{"href":"https:\/\/norfran.co.uk\/es\/wp-json\/wp\/v2\/pages\/772","targetHints":{"allow":["GET"]}}],"collection":[{"href":"https:\/\/norfran.co.uk\/es\/wp-json\/wp\/v2\/pages"}],"about":[{"href":"https:\/\/norfran.co.uk\/es\/wp-json\/wp\/v2\/types\/page"}],"author":[{"embeddable":true,"href":"https:\/\/norfran.co.uk\/es\/wp-json\/wp\/v2\/users\/2"}],"replies":[{"embeddable":true,"href":"https:\/\/norfran.co.uk\/es\/wp-json\/wp\/v2\/comments?post=772"}],"version-history":[{"count":0,"href":"https:\/\/norfran.co.uk\/es\/wp-json\/wp\/v2\/pages\/772\/revisions"}],"wp:attachment":[{"href":"https:\/\/norfran.co.uk\/es\/wp-json\/wp\/v2\/media?parent=772"}],"curies":[{"name":"wp","href":"https:\/\/api.w.org\/{rel}","templated":true}]}}