{"id":696,"date":"2012-02-16T12:17:01","date_gmt":"2012-02-16T12:17:01","guid":{"rendered":"http:\/\/demo.cpothemes.com\/illustrious\/?page_id=696"},"modified":"2023-05-15T13:40:34","modified_gmt":"2023-05-15T13:40:34","slug":"quality","status":"publish","type":"page","link":"https:\/\/norfran.co.uk\/es\/quality\/","title":{"rendered":"Garant\u00eda de calidad"},"content":{"rendered":"<p><img decoding=\"async\" class=\"alignnone size-full wp-image-2257 lazyload\" data-src=\"https:\/\/norfran.co.uk\/wp-content\/uploads\/2013\/09\/quality.jpg\" alt=\"Quality\" width=\"100%\" data-srcset=\"https:\/\/norfran.co.uk\/wp-content\/uploads\/2013\/09\/quality.jpg 1400w, https:\/\/norfran.co.uk\/wp-content\/uploads\/2013\/09\/quality-300x47.jpg 300w, https:\/\/norfran.co.uk\/wp-content\/uploads\/2013\/09\/quality-768x121.jpg 768w, https:\/\/norfran.co.uk\/wp-content\/uploads\/2013\/09\/quality-1024x161.jpg 1024w\" data-sizes=\"auto\" src=\"data:image\/svg+xml;base64,PHN2ZyB3aWR0aD0iMSIgaGVpZ2h0PSIxIiB4bWxucz0iaHR0cDovL3d3dy53My5vcmcvMjAwMC9zdmciPjwvc3ZnPg==\" style=\"--smush-placeholder-width: 1400px; --smush-placeholder-aspect-ratio: 1400\/220;\" data-original-sizes=\"(max-width: 1400px) 100vw, 1400px\" \/><\/p>\n<h1>Garant\u00eda de calidad<\/h1>\n<p><strong>Calidad, entrega, precio &#8211; las piedras angulares de la satisfacci\u00f3n de nuestros clientes. Para obtener la certificaci\u00f3n BS EN ISO 9001: 2015 hemos establecido estrechas relaciones comerciales con clientes y proveedores. Nuestro sistema nos permite certificar el cumplimiento de las caracter\u00edsticas t\u00e9cnicas de todos los trabajos.<\/strong><\/p>\n<p>Los materiales se obtienen de empresas reputadas que cumplen los est\u00e1ndares internacionales y de nuestros clientes.<\/p>\n<p>El ensayo espectrogr\u00e1fico y de tensi\u00f3n en nuestras instalaciones garantiza la calidad qu\u00edmica y mec\u00e1nica. La visualizaci\u00f3n en una pantalla de gran resoluci\u00f3n por rayos X, la prueba autom\u00e1tica de fugas y la medici\u00f3n de la densidad nos ayudan a fabricar productos de fundici\u00f3n inyectada de gran calidad.<\/p>\n<p>Los laboratorios de ensayo, certificados por la organizaci\u00f3n UKAS, se utilizan para calibrar equipamiento esencial (como una m\u00e1quina de medici\u00f3n coordinada o una serie de herramientas especiales para la medici\u00f3n) y nos permiten mantener la precisi\u00f3n en los tama\u00f1os.<\/p>\n<p>Un personal profesional y con una gran formaci\u00f3n soporta nuestro objetivo de consecuci\u00f3n de la calidad.<\/p>\n<p><a href=\"https:\/\/norfran.co.uk\/wp-content\/uploads\/2018\/08\/SGS_ISO_9001_UKAS_2014_TCL.jpg\"><img decoding=\"async\" class=\"alignnone wp-image-2522 lazyload\" data-src=\"https:\/\/norfran.co.uk\/wp-content\/uploads\/2018\/08\/SGS_ISO_9001_UKAS_2014_TCL-300x174.jpg\" alt=\"\" width=\"138\" height=\"80\" data-srcset=\"https:\/\/norfran.co.uk\/wp-content\/uploads\/2018\/08\/SGS_ISO_9001_UKAS_2014_TCL-300x174.jpg 300w, https:\/\/norfran.co.uk\/wp-content\/uploads\/2018\/08\/SGS_ISO_9001_UKAS_2014_TCL.jpg 305w\" data-sizes=\"auto\" src=\"data:image\/svg+xml;base64,PHN2ZyB3aWR0aD0iMSIgaGVpZ2h0PSIxIiB4bWxucz0iaHR0cDovL3d3dy53My5vcmcvMjAwMC9zdmciPjwvc3ZnPg==\" style=\"--smush-placeholder-width: 138px; --smush-placeholder-aspect-ratio: 138\/80;\" data-original-sizes=\"(max-width: 138px) 100vw, 138px\" \/>\u00a0\u00a0<\/a><a href=\"https:\/\/norfran.co.uk\/wp-content\/uploads\/2018\/08\/SGS_ISO_14001_UKAS_2014_TCL.jpg\"><img decoding=\"async\" class=\"alignnone wp-image-2521 lazyload\" data-src=\"https:\/\/norfran.co.uk\/wp-content\/uploads\/2018\/08\/SGS_ISO_14001_UKAS_2014_TCL-300x174.jpg\" alt=\"\" width=\"138\" height=\"80\" data-srcset=\"https:\/\/norfran.co.uk\/wp-content\/uploads\/2018\/08\/SGS_ISO_14001_UKAS_2014_TCL-300x174.jpg 300w, https:\/\/norfran.co.uk\/wp-content\/uploads\/2018\/08\/SGS_ISO_14001_UKAS_2014_TCL.jpg 305w\" data-sizes=\"auto\" src=\"data:image\/svg+xml;base64,PHN2ZyB3aWR0aD0iMSIgaGVpZ2h0PSIxIiB4bWxucz0iaHR0cDovL3d3dy53My5vcmcvMjAwMC9zdmciPjwvc3ZnPg==\" style=\"--smush-placeholder-width: 138px; --smush-placeholder-aspect-ratio: 138\/80;\" data-original-sizes=\"(max-width: 138px) 100vw, 138px\" \/><\/a><\/p>","protected":false},"excerpt":{"rendered":"<p>Garant\u00eda de calidad Calidad, entrega, precio &#8211; las piedras angulares de la satisfacci\u00f3n de nuestros clientes. Para obtener la certificaci\u00f3n BS EN ISO 9001: 2015 hemos establecido estrechas relaciones comerciales con clientes y proveedores. Nuestro sistema nos permite certificar el cumplimiento de las caracter\u00edsticas t\u00e9cnicas de todos los trabajos. Los materiales se obtienen de empresas reputadas que cumplen los est\u00e1ndares internacionales y de nuestros clientes. El ensayo espectrogr\u00e1fico y de tensi\u00f3n en nuestras instalaciones garantiza la calidad qu\u00edmica y mec\u00e1nica.&hellip;<\/p>\n","protected":false},"author":2,"featured_media":0,"parent":0,"menu_order":0,"comment_status":"closed","ping_status":"closed","template":"","meta":{"footnotes":""},"class_list":["post-696","page","type-page","status-publish","hentry"],"yoast_head":"<!-- This site is optimized with the Yoast SEO plugin v27.4 - https:\/\/yoast.com\/product\/yoast-seo-wordpress\/ -->\n<title>Garant\u00eda de calidad - Norfran Limited<\/title>\n<meta name=\"robots\" content=\"index, follow, max-snippet:-1, max-image-preview:large, max-video-preview:-1\" \/>\n<link rel=\"canonical\" href=\"https:\/\/norfran.co.uk\/quality\/\" \/>\n<meta property=\"og:locale\" content=\"es_ES\" \/>\n<meta property=\"og:type\" content=\"article\" \/>\n<meta property=\"og:title\" content=\"Garant\u00eda de calidad - Norfran Limited\" \/>\n<meta property=\"og:description\" content=\"Garant\u00eda de calidad Calidad, entrega, precio &#8211; las piedras angulares de la satisfacci\u00f3n de nuestros clientes. Para obtener la certificaci\u00f3n BS EN ISO 9001: 2015 hemos establecido estrechas relaciones comerciales con clientes y proveedores. Nuestro sistema nos permite certificar el cumplimiento de las caracter\u00edsticas t\u00e9cnicas de todos los trabajos. Los materiales se obtienen de empresas reputadas que cumplen los est\u00e1ndares internacionales y de nuestros clientes. El ensayo espectrogr\u00e1fico y de tensi\u00f3n en nuestras instalaciones garantiza la calidad qu\u00edmica y mec\u00e1nica.&hellip;\" \/>\n<meta property=\"og:url\" content=\"https:\/\/norfran.co.uk\/quality\/\" \/>\n<meta property=\"og:site_name\" content=\"Norfran Limited\" \/>\n<meta property=\"article:modified_time\" content=\"2023-05-15T13:40:34+00:00\" \/>\n<meta property=\"og:image\" content=\"https:\/\/norfran.co.uk\/wp-content\/uploads\/2013\/09\/quality.jpg\" \/>\n<meta name=\"twitter:card\" content=\"summary_large_image\" \/>\n<meta name=\"twitter:label1\" content=\"Tiempo de lectura\" \/>\n\t<meta name=\"twitter:data1\" content=\"2 minutos\" \/>\n<script type=\"application\/ld+json\" class=\"yoast-schema-graph\">{\"@context\":\"https:\\\/\\\/schema.org\",\"@graph\":[{\"@type\":\"WebPage\",\"@id\":\"https:\\\/\\\/norfran.co.uk\\\/quality\\\/\",\"url\":\"https:\\\/\\\/norfran.co.uk\\\/quality\\\/\",\"name\":\"[:en]Quality[:de]Qualit\u00e4tssicherung[:fr]Assurance Qualit\u00e9[:es]Garant\u00eda de calidad[:] - Norfran Limited\",\"isPartOf\":{\"@id\":\"https:\\\/\\\/norfran.co.uk\\\/#website\"},\"primaryImageOfPage\":{\"@id\":\"https:\\\/\\\/norfran.co.uk\\\/quality\\\/#primaryimage\"},\"image\":{\"@id\":\"https:\\\/\\\/norfran.co.uk\\\/quality\\\/#primaryimage\"},\"thumbnailUrl\":\"https:\\\/\\\/norfran.co.uk\\\/wp-content\\\/uploads\\\/2013\\\/09\\\/quality.jpg\",\"datePublished\":\"2012-02-16T12:17:01+00:00\",\"dateModified\":\"2023-05-15T13:40:34+00:00\",\"breadcrumb\":{\"@id\":\"https:\\\/\\\/norfran.co.uk\\\/quality\\\/#breadcrumb\"},\"inLanguage\":\"es\",\"potentialAction\":[{\"@type\":\"ReadAction\",\"target\":[\"https:\\\/\\\/norfran.co.uk\\\/quality\\\/\"]}]},{\"@type\":\"ImageObject\",\"inLanguage\":\"es\",\"@id\":\"https:\\\/\\\/norfran.co.uk\\\/quality\\\/#primaryimage\",\"url\":\"https:\\\/\\\/norfran.co.uk\\\/wp-content\\\/uploads\\\/2013\\\/09\\\/quality.jpg\",\"contentUrl\":\"https:\\\/\\\/norfran.co.uk\\\/wp-content\\\/uploads\\\/2013\\\/09\\\/quality.jpg\"},{\"@type\":\"BreadcrumbList\",\"@id\":\"https:\\\/\\\/norfran.co.uk\\\/quality\\\/#breadcrumb\",\"itemListElement\":[{\"@type\":\"ListItem\",\"position\":1,\"name\":\"Home\",\"item\":\"https:\\\/\\\/norfran.co.uk\\\/\"},{\"@type\":\"ListItem\",\"position\":2,\"name\":\"Quality\"}]},{\"@type\":\"WebSite\",\"@id\":\"https:\\\/\\\/norfran.co.uk\\\/#website\",\"url\":\"https:\\\/\\\/norfran.co.uk\\\/\",\"name\":\"Norfran Limited\",\"description\":\"Precision Aluminium and Zinc Diecasters\",\"potentialAction\":[{\"@type\":\"SearchAction\",\"target\":{\"@type\":\"EntryPoint\",\"urlTemplate\":\"https:\\\/\\\/norfran.co.uk\\\/?s={search_term_string}\"},\"query-input\":{\"@type\":\"PropertyValueSpecification\",\"valueRequired\":true,\"valueName\":\"search_term_string\"}}],\"inLanguage\":\"es\"}]}<\/script>\n<!-- \/ Yoast SEO plugin. -->","yoast_head_json":{"title":"Garant\u00eda de calidad - Norfran Limited","robots":{"index":"index","follow":"follow","max-snippet":"max-snippet:-1","max-image-preview":"max-image-preview:large","max-video-preview":"max-video-preview:-1"},"canonical":"https:\/\/norfran.co.uk\/quality\/","og_locale":"es_ES","og_type":"article","og_title":"Garant\u00eda de calidad - Norfran Limited","og_description":"Garant\u00eda de calidad Calidad, entrega, precio &#8211; las piedras angulares de la satisfacci\u00f3n de nuestros clientes. Para obtener la certificaci\u00f3n BS EN ISO 9001: 2015 hemos establecido estrechas relaciones comerciales con clientes y proveedores. Nuestro sistema nos permite certificar el cumplimiento de las caracter\u00edsticas t\u00e9cnicas de todos los trabajos. Los materiales se obtienen de empresas reputadas que cumplen los est\u00e1ndares internacionales y de nuestros clientes. El ensayo espectrogr\u00e1fico y de tensi\u00f3n en nuestras instalaciones garantiza la calidad qu\u00edmica y mec\u00e1nica.&hellip;","og_url":"https:\/\/norfran.co.uk\/quality\/","og_site_name":"Norfran Limited","article_modified_time":"2023-05-15T13:40:34+00:00","og_image":[{"url":"https:\/\/norfran.co.uk\/wp-content\/uploads\/2013\/09\/quality.jpg","type":"","width":"","height":""}],"twitter_card":"summary_large_image","twitter_misc":{"Tiempo de lectura":"2 minutos"},"schema":{"@context":"https:\/\/schema.org","@graph":[{"@type":"WebPage","@id":"https:\/\/norfran.co.uk\/quality\/","url":"https:\/\/norfran.co.uk\/quality\/","name":"[:en]Quality[:de]Qualit\u00e4tssicherung[:fr]Assurance Qualit\u00e9[:es]Garant\u00eda de calidad[:] - Norfran Limited","isPartOf":{"@id":"https:\/\/norfran.co.uk\/#website"},"primaryImageOfPage":{"@id":"https:\/\/norfran.co.uk\/quality\/#primaryimage"},"image":{"@id":"https:\/\/norfran.co.uk\/quality\/#primaryimage"},"thumbnailUrl":"https:\/\/norfran.co.uk\/wp-content\/uploads\/2013\/09\/quality.jpg","datePublished":"2012-02-16T12:17:01+00:00","dateModified":"2023-05-15T13:40:34+00:00","breadcrumb":{"@id":"https:\/\/norfran.co.uk\/quality\/#breadcrumb"},"inLanguage":"es","potentialAction":[{"@type":"ReadAction","target":["https:\/\/norfran.co.uk\/quality\/"]}]},{"@type":"ImageObject","inLanguage":"es","@id":"https:\/\/norfran.co.uk\/quality\/#primaryimage","url":"https:\/\/norfran.co.uk\/wp-content\/uploads\/2013\/09\/quality.jpg","contentUrl":"https:\/\/norfran.co.uk\/wp-content\/uploads\/2013\/09\/quality.jpg"},{"@type":"BreadcrumbList","@id":"https:\/\/norfran.co.uk\/quality\/#breadcrumb","itemListElement":[{"@type":"ListItem","position":1,"name":"Home","item":"https:\/\/norfran.co.uk\/"},{"@type":"ListItem","position":2,"name":"Quality"}]},{"@type":"WebSite","@id":"https:\/\/norfran.co.uk\/#website","url":"https:\/\/norfran.co.uk\/","name":"Norfran Limited","description":"Precision Aluminium and Zinc Diecasters","potentialAction":[{"@type":"SearchAction","target":{"@type":"EntryPoint","urlTemplate":"https:\/\/norfran.co.uk\/?s={search_term_string}"},"query-input":{"@type":"PropertyValueSpecification","valueRequired":true,"valueName":"search_term_string"}}],"inLanguage":"es"}]}},"_links":{"self":[{"href":"https:\/\/norfran.co.uk\/es\/wp-json\/wp\/v2\/pages\/696","targetHints":{"allow":["GET"]}}],"collection":[{"href":"https:\/\/norfran.co.uk\/es\/wp-json\/wp\/v2\/pages"}],"about":[{"href":"https:\/\/norfran.co.uk\/es\/wp-json\/wp\/v2\/types\/page"}],"author":[{"embeddable":true,"href":"https:\/\/norfran.co.uk\/es\/wp-json\/wp\/v2\/users\/2"}],"replies":[{"embeddable":true,"href":"https:\/\/norfran.co.uk\/es\/wp-json\/wp\/v2\/comments?post=696"}],"version-history":[{"count":0,"href":"https:\/\/norfran.co.uk\/es\/wp-json\/wp\/v2\/pages\/696\/revisions"}],"wp:attachment":[{"href":"https:\/\/norfran.co.uk\/es\/wp-json\/wp\/v2\/media?parent=696"}],"curies":[{"name":"wp","href":"https:\/\/api.w.org\/{rel}","templated":true}]}}