{"id":2181,"date":"2017-05-25T11:37:52","date_gmt":"2017-05-25T11:37:52","guid":{"rendered":"http:\/\/pressurediecasting.co.uk\/?page_id=2181"},"modified":"2024-02-01T15:31:40","modified_gmt":"2024-02-01T15:31:40","slug":"ejector-pins-and-draft","status":"publish","type":"page","link":"https:\/\/norfran.co.uk\/es\/technical\/ejector-pins-and-draft\/","title":{"rendered":"Expulsores y remetido"},"content":{"rendered":"<p><img decoding=\"async\" class=\"alignnone size-full wp-image-2261 lazyload\" data-src=\"https:\/\/norfran.co.uk\/wp-content\/uploads\/2013\/09\/Tech-ejector-pins.jpg\" alt=\"Ejector Pins and Draft\" width=\"100%\" data-srcset=\"https:\/\/norfran.co.uk\/wp-content\/uploads\/2013\/09\/Tech-ejector-pins.jpg 1400w, https:\/\/norfran.co.uk\/wp-content\/uploads\/2013\/09\/Tech-ejector-pins-300x47.jpg 300w, https:\/\/norfran.co.uk\/wp-content\/uploads\/2013\/09\/Tech-ejector-pins-768x121.jpg 768w, https:\/\/norfran.co.uk\/wp-content\/uploads\/2013\/09\/Tech-ejector-pins-1024x161.jpg 1024w\" data-sizes=\"auto\" src=\"data:image\/svg+xml;base64,PHN2ZyB3aWR0aD0iMSIgaGVpZ2h0PSIxIiB4bWxucz0iaHR0cDovL3d3dy53My5vcmcvMjAwMC9zdmciPjwvc3ZnPg==\" style=\"--smush-placeholder-width: 1400px; --smush-placeholder-aspect-ratio: 1400\/220;\" data-original-sizes=\"(max-width: 1400px) 100vw, 1400px\" \/><\/p>\n<h1>Expulsores y remetido<\/h1>\n<h2>Marcas del expulsor<\/h2>\n<p>Las marcas de los expulsores en las piezas fundidas est\u00e1n compuestas por patillas m\u00f3viles que expulsan las piezas del molde. El n\u00famero y la situaci\u00f3n de los expulsores, para conseguir la producci\u00f3n m\u00e1s econ\u00f3mica, variar\u00e1 seg\u00fan el tama\u00f1o y la complejidad de la pieza fundida, as\u00ed como tambi\u00e9n de otros factores.<\/p>\n<h2>Situaci\u00f3n del expulsor<\/h2>\n<p>La situaci\u00f3n del expulsor se realizar\u00e1 a criterio del moldeador de acuerdo con las especificaciones determinadas por el cliente.<\/p>\n<h2>Marcas aceptables del expulsor<\/h2>\n<p>La mayor\u00eda de marcas de expulsor en las piezas fundidas puede subirse 0,38 mm o rebajarse 0,38 mm como m\u00e1ximo. Las marcas del expulsor est\u00e1n rodeadas por una rebaba de metal.<\/p>\n<p>Si el uso final lo permite, la rebaba del expulsor no se extraer\u00e1. En los casos en los que no sea posible, la rebaba del extractor deber\u00e1 aplastarse o alisarse.<\/p>\n<p><span class=\"blueBold\">Note &#8211; <\/span>La eliminaci\u00f3n por completo de las marcas y las rebabas del expulsor por maquinado o raspado manual deber\u00e1 especificarse s\u00f3lo cuando las necesidades justifiquen el gasto que implica la realizaci\u00f3n de esta tarea extra.<\/p>\n<h2>Requisitos de dise\u00f1o<\/h2>\n<p>Todas las paredes de las piezas fundidas normalmente deben ser verticales al plano de separaci\u00f3n del molde que necesite remetido o vaciado. Este remetido no es constante. Variar\u00e1 seg\u00fan la aleaci\u00f3n utilizada y la profundidad de la pared. El remetido necesario en las paredes exteriores es la mitad del necesario en las paredes interiores.<\/p>\n<p>Una buena pol\u00edtica es especificar un gran \u00e1ngulo de remetido donde sean tolerables \u00e1ngulos pr\u00e1cticos pero de un grado o menos.<\/p>","protected":false},"excerpt":{"rendered":"<p>Expulsores y remetido Marcas del expulsor Las marcas de los expulsores en las piezas fundidas est\u00e1n compuestas por patillas m\u00f3viles que expulsan las piezas del molde. El n\u00famero y la situaci\u00f3n de los expulsores, para conseguir la producci\u00f3n m\u00e1s econ\u00f3mica, variar\u00e1 seg\u00fan el tama\u00f1o y la complejidad de la pieza fundida, as\u00ed como tambi\u00e9n de otros factores. Situaci\u00f3n del expulsor La situaci\u00f3n del expulsor se realizar\u00e1 a criterio del moldeador de acuerdo con las especificaciones determinadas por el cliente. Marcas&hellip;<\/p>\n","protected":false},"author":2,"featured_media":0,"parent":2166,"menu_order":6,"comment_status":"closed","ping_status":"closed","template":"","meta":{"footnotes":""},"class_list":["post-2181","page","type-page","status-publish","hentry"],"yoast_head":"<!-- This site is optimized with the Yoast SEO plugin v27.4 - https:\/\/yoast.com\/product\/yoast-seo-wordpress\/ -->\n<title>Ejector Pins and Draft | Ejector Pin Marks | Norfran<\/title>\n<meta name=\"description\" content=\"Location of Ejector pins shall be at the option of the die caster subject to the customer&#039;s agreement where required.\" \/>\n<meta name=\"robots\" content=\"index, follow, max-snippet:-1, max-image-preview:large, max-video-preview:-1\" \/>\n<link rel=\"canonical\" href=\"https:\/\/norfran.co.uk\/technical\/ejector-pins-and-draft\/\" \/>\n<meta property=\"og:locale\" content=\"es_ES\" \/>\n<meta property=\"og:type\" content=\"article\" \/>\n<meta property=\"og:title\" content=\"Ejector Pins and Draft | Ejector Pin Marks | Norfran\" \/>\n<meta property=\"og:description\" content=\"Location of Ejector pins shall be at the option of the die caster subject to the customer&#039;s agreement where required.\" \/>\n<meta property=\"og:url\" content=\"https:\/\/norfran.co.uk\/technical\/ejector-pins-and-draft\/\" \/>\n<meta property=\"og:site_name\" content=\"Norfran Limited\" \/>\n<meta property=\"article:modified_time\" content=\"2024-02-01T15:31:40+00:00\" \/>\n<meta property=\"og:image\" content=\"https:\/\/norfran.co.uk\/wp-content\/uploads\/2013\/09\/Tech-ejector-pins.jpg\" \/>\n<meta name=\"twitter:card\" content=\"summary_large_image\" \/>\n<meta name=\"twitter:label1\" content=\"Tiempo de lectura\" \/>\n\t<meta name=\"twitter:data1\" content=\"2 minutos\" \/>\n<script type=\"application\/ld+json\" class=\"yoast-schema-graph\">{\"@context\":\"https:\\\/\\\/schema.org\",\"@graph\":[{\"@type\":\"WebPage\",\"@id\":\"https:\\\/\\\/norfran.co.uk\\\/technical\\\/ejector-pins-and-draft\\\/\",\"url\":\"https:\\\/\\\/norfran.co.uk\\\/technical\\\/ejector-pins-and-draft\\\/\",\"name\":\"Ejector Pins and Draft | Ejector Pin Marks | Norfran\",\"isPartOf\":{\"@id\":\"https:\\\/\\\/norfran.co.uk\\\/#website\"},\"primaryImageOfPage\":{\"@id\":\"https:\\\/\\\/norfran.co.uk\\\/technical\\\/ejector-pins-and-draft\\\/#primaryimage\"},\"image\":{\"@id\":\"https:\\\/\\\/norfran.co.uk\\\/technical\\\/ejector-pins-and-draft\\\/#primaryimage\"},\"thumbnailUrl\":\"https:\\\/\\\/norfran.co.uk\\\/wp-content\\\/uploads\\\/2013\\\/09\\\/Tech-ejector-pins.jpg\",\"datePublished\":\"2017-05-25T11:37:52+00:00\",\"dateModified\":\"2024-02-01T15:31:40+00:00\",\"description\":\"Location of Ejector pins shall be at the option of the die caster subject to the customer's agreement where required.\",\"breadcrumb\":{\"@id\":\"https:\\\/\\\/norfran.co.uk\\\/technical\\\/ejector-pins-and-draft\\\/#breadcrumb\"},\"inLanguage\":\"es\",\"potentialAction\":[{\"@type\":\"ReadAction\",\"target\":[\"https:\\\/\\\/norfran.co.uk\\\/technical\\\/ejector-pins-and-draft\\\/\"]}]},{\"@type\":\"ImageObject\",\"inLanguage\":\"es\",\"@id\":\"https:\\\/\\\/norfran.co.uk\\\/technical\\\/ejector-pins-and-draft\\\/#primaryimage\",\"url\":\"https:\\\/\\\/norfran.co.uk\\\/wp-content\\\/uploads\\\/2013\\\/09\\\/Tech-ejector-pins.jpg\",\"contentUrl\":\"https:\\\/\\\/norfran.co.uk\\\/wp-content\\\/uploads\\\/2013\\\/09\\\/Tech-ejector-pins.jpg\"},{\"@type\":\"BreadcrumbList\",\"@id\":\"https:\\\/\\\/norfran.co.uk\\\/technical\\\/ejector-pins-and-draft\\\/#breadcrumb\",\"itemListElement\":[{\"@type\":\"ListItem\",\"position\":1,\"name\":\"Home\",\"item\":\"https:\\\/\\\/norfran.co.uk\\\/\"},{\"@type\":\"ListItem\",\"position\":2,\"name\":\"Technical\",\"item\":\"https:\\\/\\\/norfran.co.uk\\\/technical\\\/\"},{\"@type\":\"ListItem\",\"position\":3,\"name\":\"Ejector Pins and Draft\"}]},{\"@type\":\"WebSite\",\"@id\":\"https:\\\/\\\/norfran.co.uk\\\/#website\",\"url\":\"https:\\\/\\\/norfran.co.uk\\\/\",\"name\":\"Norfran Limited\",\"description\":\"Precision Aluminium and Zinc Diecasters\",\"potentialAction\":[{\"@type\":\"SearchAction\",\"target\":{\"@type\":\"EntryPoint\",\"urlTemplate\":\"https:\\\/\\\/norfran.co.uk\\\/?s={search_term_string}\"},\"query-input\":{\"@type\":\"PropertyValueSpecification\",\"valueRequired\":true,\"valueName\":\"search_term_string\"}}],\"inLanguage\":\"es\"}]}<\/script>\n<!-- \/ Yoast SEO plugin. -->","yoast_head_json":{"title":"Ejector Pins and Draft | Ejector Pin Marks | Norfran","description":"Location of Ejector pins shall be at the option of the die caster subject to the customer's agreement where required.","robots":{"index":"index","follow":"follow","max-snippet":"max-snippet:-1","max-image-preview":"max-image-preview:large","max-video-preview":"max-video-preview:-1"},"canonical":"https:\/\/norfran.co.uk\/technical\/ejector-pins-and-draft\/","og_locale":"es_ES","og_type":"article","og_title":"Ejector Pins and Draft | Ejector Pin Marks | Norfran","og_description":"Location of Ejector pins shall be at the option of the die caster subject to the customer's agreement where required.","og_url":"https:\/\/norfran.co.uk\/technical\/ejector-pins-and-draft\/","og_site_name":"Norfran Limited","article_modified_time":"2024-02-01T15:31:40+00:00","og_image":[{"url":"https:\/\/norfran.co.uk\/wp-content\/uploads\/2013\/09\/Tech-ejector-pins.jpg","type":"","width":"","height":""}],"twitter_card":"summary_large_image","twitter_misc":{"Tiempo de lectura":"2 minutos"},"schema":{"@context":"https:\/\/schema.org","@graph":[{"@type":"WebPage","@id":"https:\/\/norfran.co.uk\/technical\/ejector-pins-and-draft\/","url":"https:\/\/norfran.co.uk\/technical\/ejector-pins-and-draft\/","name":"Ejector Pins and Draft | Ejector Pin Marks | Norfran","isPartOf":{"@id":"https:\/\/norfran.co.uk\/#website"},"primaryImageOfPage":{"@id":"https:\/\/norfran.co.uk\/technical\/ejector-pins-and-draft\/#primaryimage"},"image":{"@id":"https:\/\/norfran.co.uk\/technical\/ejector-pins-and-draft\/#primaryimage"},"thumbnailUrl":"https:\/\/norfran.co.uk\/wp-content\/uploads\/2013\/09\/Tech-ejector-pins.jpg","datePublished":"2017-05-25T11:37:52+00:00","dateModified":"2024-02-01T15:31:40+00:00","description":"Location of Ejector pins shall be at the option of the die caster subject to the customer's agreement where required.","breadcrumb":{"@id":"https:\/\/norfran.co.uk\/technical\/ejector-pins-and-draft\/#breadcrumb"},"inLanguage":"es","potentialAction":[{"@type":"ReadAction","target":["https:\/\/norfran.co.uk\/technical\/ejector-pins-and-draft\/"]}]},{"@type":"ImageObject","inLanguage":"es","@id":"https:\/\/norfran.co.uk\/technical\/ejector-pins-and-draft\/#primaryimage","url":"https:\/\/norfran.co.uk\/wp-content\/uploads\/2013\/09\/Tech-ejector-pins.jpg","contentUrl":"https:\/\/norfran.co.uk\/wp-content\/uploads\/2013\/09\/Tech-ejector-pins.jpg"},{"@type":"BreadcrumbList","@id":"https:\/\/norfran.co.uk\/technical\/ejector-pins-and-draft\/#breadcrumb","itemListElement":[{"@type":"ListItem","position":1,"name":"Home","item":"https:\/\/norfran.co.uk\/"},{"@type":"ListItem","position":2,"name":"Technical","item":"https:\/\/norfran.co.uk\/technical\/"},{"@type":"ListItem","position":3,"name":"Ejector Pins and Draft"}]},{"@type":"WebSite","@id":"https:\/\/norfran.co.uk\/#website","url":"https:\/\/norfran.co.uk\/","name":"Norfran Limited","description":"Precision Aluminium and Zinc Diecasters","potentialAction":[{"@type":"SearchAction","target":{"@type":"EntryPoint","urlTemplate":"https:\/\/norfran.co.uk\/?s={search_term_string}"},"query-input":{"@type":"PropertyValueSpecification","valueRequired":true,"valueName":"search_term_string"}}],"inLanguage":"es"}]}},"_links":{"self":[{"href":"https:\/\/norfran.co.uk\/es\/wp-json\/wp\/v2\/pages\/2181","targetHints":{"allow":["GET"]}}],"collection":[{"href":"https:\/\/norfran.co.uk\/es\/wp-json\/wp\/v2\/pages"}],"about":[{"href":"https:\/\/norfran.co.uk\/es\/wp-json\/wp\/v2\/types\/page"}],"author":[{"embeddable":true,"href":"https:\/\/norfran.co.uk\/es\/wp-json\/wp\/v2\/users\/2"}],"replies":[{"embeddable":true,"href":"https:\/\/norfran.co.uk\/es\/wp-json\/wp\/v2\/comments?post=2181"}],"version-history":[{"count":0,"href":"https:\/\/norfran.co.uk\/es\/wp-json\/wp\/v2\/pages\/2181\/revisions"}],"up":[{"embeddable":true,"href":"https:\/\/norfran.co.uk\/es\/wp-json\/wp\/v2\/pages\/2166"}],"wp:attachment":[{"href":"https:\/\/norfran.co.uk\/es\/wp-json\/wp\/v2\/media?parent=2181"}],"curies":[{"name":"wp","href":"https:\/\/api.w.org\/{rel}","templated":true}]}}