{"id":2173,"date":"2017-05-25T11:30:43","date_gmt":"2017-05-25T11:30:43","guid":{"rendered":"http:\/\/pressurediecasting.co.uk\/?page_id=2173"},"modified":"2024-02-01T12:39:11","modified_gmt":"2024-02-01T12:39:11","slug":"linear-tolerances","status":"publish","type":"page","link":"https:\/\/norfran.co.uk\/es\/technical\/linear-tolerances\/","title":{"rendered":"Tolerancias lineales"},"content":{"rendered":"<p><img decoding=\"async\" class=\"alignnone size-full wp-image-2262 lazyload\" data-src=\"https:\/\/norfran.co.uk\/wp-content\/uploads\/2013\/09\/tech-linear-tolerances.jpg\" alt=\"Linear Tolerances\" width=\"100%\" data-srcset=\"https:\/\/norfran.co.uk\/wp-content\/uploads\/2013\/09\/tech-linear-tolerances.jpg 1400w, https:\/\/norfran.co.uk\/wp-content\/uploads\/2013\/09\/tech-linear-tolerances-300x47.jpg 300w, https:\/\/norfran.co.uk\/wp-content\/uploads\/2013\/09\/tech-linear-tolerances-768x121.jpg 768w, https:\/\/norfran.co.uk\/wp-content\/uploads\/2013\/09\/tech-linear-tolerances-1024x161.jpg 1024w\" data-sizes=\"auto\" src=\"data:image\/svg+xml;base64,PHN2ZyB3aWR0aD0iMSIgaGVpZ2h0PSIxIiB4bWxucz0iaHR0cDovL3d3dy53My5vcmcvMjAwMC9zdmciPjwvc3ZnPg==\" style=\"--smush-placeholder-width: 1400px; --smush-placeholder-aspect-ratio: 1400\/220;\" data-original-sizes=\"(max-width: 1400px) 100vw, 1400px\" \/><\/p>\n<h1>Tolerancias lineales<\/h1>\n<div class=\"techSplit\">\n<p><img decoding=\"async\" class=\"techImg alignright lazyload\" data-src=\"https:\/\/norfran.co.uk\/wp-content\/uploads\/2017\/07\/sp-techimg_linear.gif\" alt=\"\" width=\"271\" height=\"403\" src=\"data:image\/svg+xml;base64,PHN2ZyB3aWR0aD0iMSIgaGVpZ2h0PSIxIiB4bWxucz0iaHR0cDovL3d3dy53My5vcmcvMjAwMC9zdmciPjwvc3ZnPg==\" style=\"--smush-placeholder-width: 271px; --smush-placeholder-aspect-ratio: 271\/403;\" \/><\/p>\n<p>La planeidad debe medirse desde tres puntos separados en una superficie plana continua del molde.<\/p>\n<p><strong><span class=\"blueBold\">Nota <\/span>&#8211;<\/strong> La presente tabla es una gu\u00eda s\u00f3lo para su referencia, todas las tolerancias geom\u00e9tricas var\u00edan seg\u00fan el dise\u00f1o de cada componente, p\u00f3ngase en contacto con NORFRAN para obtener m\u00e1s informaci\u00f3n.<\/p>\n<p><strong>Tolerancias de partes m\u00f3viles del molde &#8211; Adem\u00e1s de tolerancias lineales del tama\u00f1o<br \/>\n<\/strong>Si al mover una parte del molde se ve afectado el tama\u00f1o lineal, se deben indicar las tolerancias de las partes m\u00f3viles del molde, adem\u00e1s de las tolerancias lineales del tama\u00f1o y las tolerancias de la l\u00ednea de separaci\u00f3n.<\/p>\n<p>El \u00ab\u00e1rea proyectada\u00bb es el \u00e1rea en mm de la porci\u00f3n del molde afectado por el movimiento de la parte del molde.<\/p>\n<div class=\"clear\"><\/div>\n<\/div>\n<div class=\"techSplit\">\n<p><strong>Tolerancias del tama\u00f1o lineal como molde<br \/>\n<\/strong>La tolerancia sobre una dimensi\u00f3n \u00abA\u00bb ser\u00e1 el valor que se muestra en la tabla. Esta tolerancia se deber\u00e1 incrementar cuando la l\u00ednea de separaci\u00f3n del molde, o las partes del molde afecten al tama\u00f1o \u00abA\u00bb.<\/p>\n<p><img decoding=\"async\" class=\"alignleft lazyload\" data-src=\"https:\/\/norfran.co.uk\/wp-content\/uploads\/2017\/05\/sp-techimg_linear2H.gif\" alt=\"\" width=\"700\" height=\"148\" src=\"data:image\/svg+xml;base64,PHN2ZyB3aWR0aD0iMSIgaGVpZ2h0PSIxIiB4bWxucz0iaHR0cDovL3d3dy53My5vcmcvMjAwMC9zdmciPjwvc3ZnPg==\" style=\"--smush-placeholder-width: 700px; --smush-placeholder-aspect-ratio: 700\/148;\" \/><\/p>\n<div class=\"clear\"><\/div>\n<\/div>\n<div class=\"techSplit\"><img decoding=\"async\" class=\"techImg alignright lazyload\" data-src=\"https:\/\/norfran.co.uk\/wp-content\/uploads\/2017\/05\/sp-techimg_linear3.gif\" alt=\"\" width=\"271\" height=\"240\" src=\"data:image\/svg+xml;base64,PHN2ZyB3aWR0aD0iMSIgaGVpZ2h0PSIxIiB4bWxucz0iaHR0cDovL3d3dy53My5vcmcvMjAwMC9zdmciPjwvc3ZnPg==\" style=\"--smush-placeholder-width: 271px; --smush-placeholder-aspect-ratio: 271\/240;\" \/><strong>Tolerancias de la l\u00ednea de separaci\u00f3n, adem\u00e1s de las tolerancias del tama\u00f1o lineal<br \/>\n<\/strong>Basadas en un molde de una sola cavidad.<\/p>\n<p>Cuando la l\u00ednea de separaci\u00f3n afecta al tama\u00f1o lineal se deben incluir las tolerancias de la l\u00ednea de separaci\u00f3n, adem\u00e1s de las tolerancias del tama\u00f1o lineal.<\/p>\n<p>El \u00ab\u00e1rea proyectada\u00bb es el \u00e1rea del molde en mil\u00edmetros cuadros en el plano de separaci\u00f3n del molde.<\/p>\n<\/div>\n<p><\/p>","protected":false},"excerpt":{"rendered":"<p>Tolerancias lineales La planeidad debe medirse desde tres puntos separados en una superficie plana continua del molde. Nota &#8211; La presente tabla es una gu\u00eda s\u00f3lo para su referencia, todas las tolerancias geom\u00e9tricas var\u00edan seg\u00fan el dise\u00f1o de cada componente, p\u00f3ngase en contacto con NORFRAN para obtener m\u00e1s informaci\u00f3n. Tolerancias de partes m\u00f3viles del molde &#8211; Adem\u00e1s de tolerancias lineales del tama\u00f1o Si al mover una parte del molde se ve afectado el tama\u00f1o lineal, se deben indicar las tolerancias&hellip;<\/p>\n","protected":false},"author":2,"featured_media":0,"parent":2166,"menu_order":2,"comment_status":"closed","ping_status":"closed","template":"","meta":{"footnotes":""},"class_list":["post-2173","page","type-page","status-publish","hentry"],"yoast_head":"<!-- This site is optimized with the Yoast SEO plugin v27.4 - https:\/\/yoast.com\/product\/yoast-seo-wordpress\/ -->\n<title>Linear Tolerances | Die Casting | Die Casting Tolerances | Norfran<\/title>\n<meta name=\"description\" content=\"Linear Tolerances: Die Cast tolerance charts, Moving Die Part, Linear Dimensions as cast, and Addition to Linear Dimension Tolerances\" \/>\n<meta name=\"robots\" content=\"index, follow, max-snippet:-1, max-image-preview:large, max-video-preview:-1\" \/>\n<link rel=\"canonical\" href=\"https:\/\/norfran.co.uk\/technical\/linear-tolerances\/\" \/>\n<meta property=\"og:locale\" content=\"es_ES\" \/>\n<meta property=\"og:type\" content=\"article\" \/>\n<meta property=\"og:title\" content=\"Linear Tolerances | Die Casting | Die Casting Tolerances | Norfran\" \/>\n<meta property=\"og:description\" content=\"Linear Tolerances: Die Cast tolerance charts, Moving Die Part, Linear Dimensions as cast, and Addition to Linear Dimension Tolerances\" \/>\n<meta property=\"og:url\" content=\"https:\/\/norfran.co.uk\/technical\/linear-tolerances\/\" \/>\n<meta property=\"og:site_name\" content=\"Norfran Limited\" \/>\n<meta property=\"article:modified_time\" content=\"2024-02-01T12:39:11+00:00\" \/>\n<meta property=\"og:image\" content=\"https:\/\/norfran.co.uk\/wp-content\/uploads\/2013\/09\/tech-linear-tolerances.jpg\" \/>\n<meta name=\"twitter:card\" content=\"summary_large_image\" \/>\n<meta name=\"twitter:label1\" content=\"Tiempo de lectura\" \/>\n\t<meta name=\"twitter:data1\" content=\"2 minutos\" \/>\n<script type=\"application\/ld+json\" class=\"yoast-schema-graph\">{\"@context\":\"https:\\\/\\\/schema.org\",\"@graph\":[{\"@type\":\"WebPage\",\"@id\":\"https:\\\/\\\/norfran.co.uk\\\/technical\\\/linear-tolerances\\\/\",\"url\":\"https:\\\/\\\/norfran.co.uk\\\/technical\\\/linear-tolerances\\\/\",\"name\":\"Linear Tolerances | Die Casting | Die Casting Tolerances | Norfran\",\"isPartOf\":{\"@id\":\"https:\\\/\\\/norfran.co.uk\\\/#website\"},\"primaryImageOfPage\":{\"@id\":\"https:\\\/\\\/norfran.co.uk\\\/technical\\\/linear-tolerances\\\/#primaryimage\"},\"image\":{\"@id\":\"https:\\\/\\\/norfran.co.uk\\\/technical\\\/linear-tolerances\\\/#primaryimage\"},\"thumbnailUrl\":\"https:\\\/\\\/norfran.co.uk\\\/wp-content\\\/uploads\\\/2013\\\/09\\\/tech-linear-tolerances.jpg\",\"datePublished\":\"2017-05-25T11:30:43+00:00\",\"dateModified\":\"2024-02-01T12:39:11+00:00\",\"description\":\"Linear Tolerances: Die Cast tolerance charts, Moving Die Part, Linear Dimensions as cast, and Addition to Linear Dimension Tolerances\",\"breadcrumb\":{\"@id\":\"https:\\\/\\\/norfran.co.uk\\\/technical\\\/linear-tolerances\\\/#breadcrumb\"},\"inLanguage\":\"es\",\"potentialAction\":[{\"@type\":\"ReadAction\",\"target\":[\"https:\\\/\\\/norfran.co.uk\\\/technical\\\/linear-tolerances\\\/\"]}]},{\"@type\":\"ImageObject\",\"inLanguage\":\"es\",\"@id\":\"https:\\\/\\\/norfran.co.uk\\\/technical\\\/linear-tolerances\\\/#primaryimage\",\"url\":\"https:\\\/\\\/norfran.co.uk\\\/wp-content\\\/uploads\\\/2013\\\/09\\\/tech-linear-tolerances.jpg\",\"contentUrl\":\"https:\\\/\\\/norfran.co.uk\\\/wp-content\\\/uploads\\\/2013\\\/09\\\/tech-linear-tolerances.jpg\"},{\"@type\":\"BreadcrumbList\",\"@id\":\"https:\\\/\\\/norfran.co.uk\\\/technical\\\/linear-tolerances\\\/#breadcrumb\",\"itemListElement\":[{\"@type\":\"ListItem\",\"position\":1,\"name\":\"Home\",\"item\":\"https:\\\/\\\/norfran.co.uk\\\/\"},{\"@type\":\"ListItem\",\"position\":2,\"name\":\"Technical\",\"item\":\"https:\\\/\\\/norfran.co.uk\\\/technical\\\/\"},{\"@type\":\"ListItem\",\"position\":3,\"name\":\"Linear Tolerances\"}]},{\"@type\":\"WebSite\",\"@id\":\"https:\\\/\\\/norfran.co.uk\\\/#website\",\"url\":\"https:\\\/\\\/norfran.co.uk\\\/\",\"name\":\"Norfran Limited\",\"description\":\"Precision Aluminium and Zinc Diecasters\",\"potentialAction\":[{\"@type\":\"SearchAction\",\"target\":{\"@type\":\"EntryPoint\",\"urlTemplate\":\"https:\\\/\\\/norfran.co.uk\\\/?s={search_term_string}\"},\"query-input\":{\"@type\":\"PropertyValueSpecification\",\"valueRequired\":true,\"valueName\":\"search_term_string\"}}],\"inLanguage\":\"es\"}]}<\/script>\n<!-- \/ Yoast SEO plugin. -->","yoast_head_json":{"title":"Linear Tolerances | Die Casting | Die Casting Tolerances | Norfran","description":"Linear Tolerances: Die Cast tolerance charts, Moving Die Part, Linear Dimensions as cast, and Addition to Linear Dimension Tolerances","robots":{"index":"index","follow":"follow","max-snippet":"max-snippet:-1","max-image-preview":"max-image-preview:large","max-video-preview":"max-video-preview:-1"},"canonical":"https:\/\/norfran.co.uk\/technical\/linear-tolerances\/","og_locale":"es_ES","og_type":"article","og_title":"Linear Tolerances | Die Casting | Die Casting Tolerances | Norfran","og_description":"Linear Tolerances: Die Cast tolerance charts, Moving Die Part, Linear Dimensions as cast, and Addition to Linear Dimension Tolerances","og_url":"https:\/\/norfran.co.uk\/technical\/linear-tolerances\/","og_site_name":"Norfran Limited","article_modified_time":"2024-02-01T12:39:11+00:00","og_image":[{"url":"https:\/\/norfran.co.uk\/wp-content\/uploads\/2013\/09\/tech-linear-tolerances.jpg","type":"","width":"","height":""}],"twitter_card":"summary_large_image","twitter_misc":{"Tiempo de lectura":"2 minutos"},"schema":{"@context":"https:\/\/schema.org","@graph":[{"@type":"WebPage","@id":"https:\/\/norfran.co.uk\/technical\/linear-tolerances\/","url":"https:\/\/norfran.co.uk\/technical\/linear-tolerances\/","name":"Linear Tolerances | Die Casting | Die Casting Tolerances | Norfran","isPartOf":{"@id":"https:\/\/norfran.co.uk\/#website"},"primaryImageOfPage":{"@id":"https:\/\/norfran.co.uk\/technical\/linear-tolerances\/#primaryimage"},"image":{"@id":"https:\/\/norfran.co.uk\/technical\/linear-tolerances\/#primaryimage"},"thumbnailUrl":"https:\/\/norfran.co.uk\/wp-content\/uploads\/2013\/09\/tech-linear-tolerances.jpg","datePublished":"2017-05-25T11:30:43+00:00","dateModified":"2024-02-01T12:39:11+00:00","description":"Linear Tolerances: Die Cast tolerance charts, Moving Die Part, Linear Dimensions as cast, and Addition to Linear Dimension Tolerances","breadcrumb":{"@id":"https:\/\/norfran.co.uk\/technical\/linear-tolerances\/#breadcrumb"},"inLanguage":"es","potentialAction":[{"@type":"ReadAction","target":["https:\/\/norfran.co.uk\/technical\/linear-tolerances\/"]}]},{"@type":"ImageObject","inLanguage":"es","@id":"https:\/\/norfran.co.uk\/technical\/linear-tolerances\/#primaryimage","url":"https:\/\/norfran.co.uk\/wp-content\/uploads\/2013\/09\/tech-linear-tolerances.jpg","contentUrl":"https:\/\/norfran.co.uk\/wp-content\/uploads\/2013\/09\/tech-linear-tolerances.jpg"},{"@type":"BreadcrumbList","@id":"https:\/\/norfran.co.uk\/technical\/linear-tolerances\/#breadcrumb","itemListElement":[{"@type":"ListItem","position":1,"name":"Home","item":"https:\/\/norfran.co.uk\/"},{"@type":"ListItem","position":2,"name":"Technical","item":"https:\/\/norfran.co.uk\/technical\/"},{"@type":"ListItem","position":3,"name":"Linear Tolerances"}]},{"@type":"WebSite","@id":"https:\/\/norfran.co.uk\/#website","url":"https:\/\/norfran.co.uk\/","name":"Norfran Limited","description":"Precision Aluminium and Zinc Diecasters","potentialAction":[{"@type":"SearchAction","target":{"@type":"EntryPoint","urlTemplate":"https:\/\/norfran.co.uk\/?s={search_term_string}"},"query-input":{"@type":"PropertyValueSpecification","valueRequired":true,"valueName":"search_term_string"}}],"inLanguage":"es"}]}},"_links":{"self":[{"href":"https:\/\/norfran.co.uk\/es\/wp-json\/wp\/v2\/pages\/2173","targetHints":{"allow":["GET"]}}],"collection":[{"href":"https:\/\/norfran.co.uk\/es\/wp-json\/wp\/v2\/pages"}],"about":[{"href":"https:\/\/norfran.co.uk\/es\/wp-json\/wp\/v2\/types\/page"}],"author":[{"embeddable":true,"href":"https:\/\/norfran.co.uk\/es\/wp-json\/wp\/v2\/users\/2"}],"replies":[{"embeddable":true,"href":"https:\/\/norfran.co.uk\/es\/wp-json\/wp\/v2\/comments?post=2173"}],"version-history":[{"count":0,"href":"https:\/\/norfran.co.uk\/es\/wp-json\/wp\/v2\/pages\/2173\/revisions"}],"up":[{"embeddable":true,"href":"https:\/\/norfran.co.uk\/es\/wp-json\/wp\/v2\/pages\/2166"}],"wp:attachment":[{"href":"https:\/\/norfran.co.uk\/es\/wp-json\/wp\/v2\/media?parent=2173"}],"curies":[{"name":"wp","href":"https:\/\/api.w.org\/{rel}","templated":true}]}}