{"id":2166,"date":"2017-05-25T11:21:46","date_gmt":"2017-05-25T11:21:46","guid":{"rendered":"http:\/\/pressurediecasting.co.uk\/?page_id=2166"},"modified":"2017-07-12T11:22:03","modified_gmt":"2017-07-12T11:22:03","slug":"technical","status":"publish","type":"page","link":"https:\/\/norfran.co.uk\/es\/technical\/","title":{"rendered":"T\u00e9cnica"},"content":{"rendered":"<p><img decoding=\"async\" class=\"alignnone size-full wp-image-2263 lazyload\" data-src=\"https:\/\/norfran.co.uk\/wp-content\/uploads\/2013\/09\/technical.jpg\" alt=\"Technical\" width=\"100%\" data-srcset=\"https:\/\/norfran.co.uk\/wp-content\/uploads\/2013\/09\/technical.jpg 1400w, https:\/\/norfran.co.uk\/wp-content\/uploads\/2013\/09\/technical-300x47.jpg 300w, https:\/\/norfran.co.uk\/wp-content\/uploads\/2013\/09\/technical-768x121.jpg 768w, https:\/\/norfran.co.uk\/wp-content\/uploads\/2013\/09\/technical-1024x161.jpg 1024w\" data-sizes=\"auto\" src=\"data:image\/svg+xml;base64,PHN2ZyB3aWR0aD0iMSIgaGVpZ2h0PSIxIiB4bWxucz0iaHR0cDovL3d3dy53My5vcmcvMjAwMC9zdmciPjwvc3ZnPg==\" style=\"--smush-placeholder-width: 1400px; --smush-placeholder-aspect-ratio: 1400\/220;\" data-original-sizes=\"(max-width: 1400px) 100vw, 1400px\" \/><\/p>\n<h1>T\u00e9cnica<\/h1>\n<p class=\"firstpara\"><strong>El criterio principal para un buen dise\u00f1o de una pieza de fundici\u00f3n inyectada es que debe permitir una producci\u00f3n r\u00e1pida con un bajo \u00edndice de rechazo. El dise\u00f1o tambi\u00e9n debe permitir extraer\/desbastar r\u00e1pidamente las rebabas laterales. La fundici\u00f3n inyectada para aplicaciones decorativas debe ser f\u00e1cil de pulir, y sin de residuos del pulido antes del recubrimiento electrol\u00edtico. Estos requisitos refuerzan otro: perfiles ligeramente curvados y la ausencia de cantos afilados, por ejemplo, facilitan el llenado de la cavidad y la buena calidad de la fundici\u00f3n, pero tambi\u00e9n ayudan a la realizaci\u00f3n de operaciones segundarias de maquinado.<\/strong><\/p>\n<p>A pesar de que los componentes con perfiles duros y formas \u00abcuadradas\u00bb no representan un verdadero problema de producci\u00f3n para el responsable del dise\u00f1o, ser\u00eda inocente pensar que se obtendr\u00eda la misma calidad de acabado de la superficie en este tipo de piezas que la que se obtendr\u00eda con las piezas con una forma m\u00e1s redondeada. Adem\u00e1s, la cantidad de rechazos ser\u00e1 mucho mayor con las formas con cantos cuadrados y no se podr\u00eda conseguir la m\u00e1xima capacidad de fuerza debido a que las presiones aplicadas durante la contracci\u00f3n se concentrar\u00edan en los \u00e1ngulos en lugar de repartirse uniformemente por toda la estructura. Las esquinas con partes exteriores pronunciadas aumentan la presi\u00f3n y son propensas a romperse, por lo que la vida del molde se reduce.<\/p>\n<p>Un radio generoso y conferir la m\u00e1xima capacidad de remetido compatible con la funci\u00f3n del componente se encuentran entre las contribuciones m\u00e1s importantes que el dise\u00f1ador puede aplicar para una producci\u00f3n econ\u00f3mica de cualquier componente de fundici\u00f3n inyectada. Los \u00e1ngulos con un radio generoso reducen las concentraciones de presi\u00f3n, y el remetido adecuado minimiza el riesgo de deformaci\u00f3n o de presiones futuras al expulsar la pieza fundida. Con estas dos premisas, se pueden producir los moldes m\u00e1s dif\u00edciles con total facilidad, sin ellos, la pieza m\u00e1s simple provocar\u00eda problemas durante la fabricaci\u00f3n.<\/p>\n<p>Las piezas de fundici\u00f3n inyectada producidas tienen una superficie de acabado, una precisi\u00f3n del tama\u00f1o y un remetido m\u00ednimo excelente. Esta gran cantidad de requisitos al m\u00e1ximo nivel de calidad en un solo molde nunca, o pr\u00e1cticamente nunca ser\u00e1 necesaria. Por ello, estas directrices abarcan valores como la velocidad, una producci\u00f3n sin interrupci\u00f3n, una vida razonable del molde y de los utillajes, al igual que el coste de mantenimiento, un envasado para inspecci\u00f3n y unos costes de transporte normales. El cumplimiento de las directrices garantiza un servicio excelente al m\u00ednimo precio. En cualquier momento, el cliente puede solicitar diferentes acabados o una precisi\u00f3n de tama\u00f1o diferente de lo especificado en estas directrices. La incorporaci\u00f3n de estas modificaciones, tras su consulta con NORFRAN, tan solo supondr\u00e1 un peque\u00f1o aumento en el coste.<\/p>","protected":false},"excerpt":{"rendered":"<p>T\u00e9cnica El criterio principal para un buen dise\u00f1o de una pieza de fundici\u00f3n inyectada es que debe permitir una producci\u00f3n r\u00e1pida con un bajo \u00edndice de rechazo. El dise\u00f1o tambi\u00e9n debe permitir extraer\/desbastar r\u00e1pidamente las rebabas laterales. La fundici\u00f3n inyectada para aplicaciones decorativas debe ser f\u00e1cil de pulir, y sin de residuos del pulido antes del recubrimiento electrol\u00edtico. Estos requisitos refuerzan otro: perfiles ligeramente curvados y la ausencia de cantos afilados, por ejemplo, facilitan el llenado de la cavidad y&hellip;<\/p>\n","protected":false},"author":2,"featured_media":0,"parent":0,"menu_order":0,"comment_status":"closed","ping_status":"closed","template":"","meta":{"footnotes":""},"class_list":["post-2166","page","type-page","status-publish","hentry"],"yoast_head":"<!-- This site is optimized with the Yoast SEO plugin v27.4 - https:\/\/yoast.com\/product\/yoast-seo-wordpress\/ -->\n<title>T\u00e9cnica - Norfran Limited<\/title>\n<meta name=\"robots\" content=\"index, follow, max-snippet:-1, max-image-preview:large, max-video-preview:-1\" \/>\n<link rel=\"canonical\" href=\"https:\/\/norfran.co.uk\/technical\/\" \/>\n<meta property=\"og:locale\" content=\"es_ES\" \/>\n<meta property=\"og:type\" content=\"article\" \/>\n<meta property=\"og:title\" content=\"T\u00e9cnica - Norfran Limited\" \/>\n<meta property=\"og:description\" content=\"T\u00e9cnica El criterio principal para un buen dise\u00f1o de una pieza de fundici\u00f3n inyectada es que debe permitir una producci\u00f3n r\u00e1pida con un bajo \u00edndice de rechazo. El dise\u00f1o tambi\u00e9n debe permitir extraer\/desbastar r\u00e1pidamente las rebabas laterales. La fundici\u00f3n inyectada para aplicaciones decorativas debe ser f\u00e1cil de pulir, y sin de residuos del pulido antes del recubrimiento electrol\u00edtico. Estos requisitos refuerzan otro: perfiles ligeramente curvados y la ausencia de cantos afilados, por ejemplo, facilitan el llenado de la cavidad y&hellip;\" \/>\n<meta property=\"og:url\" content=\"https:\/\/norfran.co.uk\/technical\/\" \/>\n<meta property=\"og:site_name\" content=\"Norfran Limited\" \/>\n<meta property=\"article:modified_time\" content=\"2017-07-12T11:22:03+00:00\" \/>\n<meta property=\"og:image\" content=\"https:\/\/norfran.co.uk\/wp-content\/uploads\/2013\/09\/technical.jpg\" \/>\n<meta name=\"twitter:card\" content=\"summary_large_image\" \/>\n<meta name=\"twitter:label1\" content=\"Tiempo de lectura\" \/>\n\t<meta name=\"twitter:data1\" content=\"9 minutos\" \/>\n<script type=\"application\/ld+json\" class=\"yoast-schema-graph\">{\"@context\":\"https:\\\/\\\/schema.org\",\"@graph\":[{\"@type\":\"WebPage\",\"@id\":\"https:\\\/\\\/norfran.co.uk\\\/technical\\\/\",\"url\":\"https:\\\/\\\/norfran.co.uk\\\/technical\\\/\",\"name\":\"[:en]Technical[:de]Technik[:fr]Technique[:es]T\u00e9cnica[:] - Norfran Limited\",\"isPartOf\":{\"@id\":\"https:\\\/\\\/norfran.co.uk\\\/#website\"},\"primaryImageOfPage\":{\"@id\":\"https:\\\/\\\/norfran.co.uk\\\/technical\\\/#primaryimage\"},\"image\":{\"@id\":\"https:\\\/\\\/norfran.co.uk\\\/technical\\\/#primaryimage\"},\"thumbnailUrl\":\"https:\\\/\\\/norfran.co.uk\\\/wp-content\\\/uploads\\\/2013\\\/09\\\/technical.jpg\",\"datePublished\":\"2017-05-25T11:21:46+00:00\",\"dateModified\":\"2017-07-12T11:22:03+00:00\",\"breadcrumb\":{\"@id\":\"https:\\\/\\\/norfran.co.uk\\\/technical\\\/#breadcrumb\"},\"inLanguage\":\"es\",\"potentialAction\":[{\"@type\":\"ReadAction\",\"target\":[\"https:\\\/\\\/norfran.co.uk\\\/technical\\\/\"]}]},{\"@type\":\"ImageObject\",\"inLanguage\":\"es\",\"@id\":\"https:\\\/\\\/norfran.co.uk\\\/technical\\\/#primaryimage\",\"url\":\"https:\\\/\\\/norfran.co.uk\\\/wp-content\\\/uploads\\\/2013\\\/09\\\/technical.jpg\",\"contentUrl\":\"https:\\\/\\\/norfran.co.uk\\\/wp-content\\\/uploads\\\/2013\\\/09\\\/technical.jpg\"},{\"@type\":\"BreadcrumbList\",\"@id\":\"https:\\\/\\\/norfran.co.uk\\\/technical\\\/#breadcrumb\",\"itemListElement\":[{\"@type\":\"ListItem\",\"position\":1,\"name\":\"Home\",\"item\":\"https:\\\/\\\/norfran.co.uk\\\/\"},{\"@type\":\"ListItem\",\"position\":2,\"name\":\"Technical\"}]},{\"@type\":\"WebSite\",\"@id\":\"https:\\\/\\\/norfran.co.uk\\\/#website\",\"url\":\"https:\\\/\\\/norfran.co.uk\\\/\",\"name\":\"Norfran Limited\",\"description\":\"Precision Aluminium and Zinc Diecasters\",\"potentialAction\":[{\"@type\":\"SearchAction\",\"target\":{\"@type\":\"EntryPoint\",\"urlTemplate\":\"https:\\\/\\\/norfran.co.uk\\\/?s={search_term_string}\"},\"query-input\":{\"@type\":\"PropertyValueSpecification\",\"valueRequired\":true,\"valueName\":\"search_term_string\"}}],\"inLanguage\":\"es\"}]}<\/script>\n<!-- \/ Yoast SEO plugin. -->","yoast_head_json":{"title":"T\u00e9cnica - Norfran Limited","robots":{"index":"index","follow":"follow","max-snippet":"max-snippet:-1","max-image-preview":"max-image-preview:large","max-video-preview":"max-video-preview:-1"},"canonical":"https:\/\/norfran.co.uk\/technical\/","og_locale":"es_ES","og_type":"article","og_title":"T\u00e9cnica - Norfran Limited","og_description":"T\u00e9cnica El criterio principal para un buen dise\u00f1o de una pieza de fundici\u00f3n inyectada es que debe permitir una producci\u00f3n r\u00e1pida con un bajo \u00edndice de rechazo. El dise\u00f1o tambi\u00e9n debe permitir extraer\/desbastar r\u00e1pidamente las rebabas laterales. La fundici\u00f3n inyectada para aplicaciones decorativas debe ser f\u00e1cil de pulir, y sin de residuos del pulido antes del recubrimiento electrol\u00edtico. Estos requisitos refuerzan otro: perfiles ligeramente curvados y la ausencia de cantos afilados, por ejemplo, facilitan el llenado de la cavidad y&hellip;","og_url":"https:\/\/norfran.co.uk\/technical\/","og_site_name":"Norfran Limited","article_modified_time":"2017-07-12T11:22:03+00:00","og_image":[{"url":"https:\/\/norfran.co.uk\/wp-content\/uploads\/2013\/09\/technical.jpg","type":"","width":"","height":""}],"twitter_card":"summary_large_image","twitter_misc":{"Tiempo de lectura":"9 minutos"},"schema":{"@context":"https:\/\/schema.org","@graph":[{"@type":"WebPage","@id":"https:\/\/norfran.co.uk\/technical\/","url":"https:\/\/norfran.co.uk\/technical\/","name":"[:en]Technical[:de]Technik[:fr]Technique[:es]T\u00e9cnica[:] - Norfran Limited","isPartOf":{"@id":"https:\/\/norfran.co.uk\/#website"},"primaryImageOfPage":{"@id":"https:\/\/norfran.co.uk\/technical\/#primaryimage"},"image":{"@id":"https:\/\/norfran.co.uk\/technical\/#primaryimage"},"thumbnailUrl":"https:\/\/norfran.co.uk\/wp-content\/uploads\/2013\/09\/technical.jpg","datePublished":"2017-05-25T11:21:46+00:00","dateModified":"2017-07-12T11:22:03+00:00","breadcrumb":{"@id":"https:\/\/norfran.co.uk\/technical\/#breadcrumb"},"inLanguage":"es","potentialAction":[{"@type":"ReadAction","target":["https:\/\/norfran.co.uk\/technical\/"]}]},{"@type":"ImageObject","inLanguage":"es","@id":"https:\/\/norfran.co.uk\/technical\/#primaryimage","url":"https:\/\/norfran.co.uk\/wp-content\/uploads\/2013\/09\/technical.jpg","contentUrl":"https:\/\/norfran.co.uk\/wp-content\/uploads\/2013\/09\/technical.jpg"},{"@type":"BreadcrumbList","@id":"https:\/\/norfran.co.uk\/technical\/#breadcrumb","itemListElement":[{"@type":"ListItem","position":1,"name":"Home","item":"https:\/\/norfran.co.uk\/"},{"@type":"ListItem","position":2,"name":"Technical"}]},{"@type":"WebSite","@id":"https:\/\/norfran.co.uk\/#website","url":"https:\/\/norfran.co.uk\/","name":"Norfran Limited","description":"Precision Aluminium and Zinc Diecasters","potentialAction":[{"@type":"SearchAction","target":{"@type":"EntryPoint","urlTemplate":"https:\/\/norfran.co.uk\/?s={search_term_string}"},"query-input":{"@type":"PropertyValueSpecification","valueRequired":true,"valueName":"search_term_string"}}],"inLanguage":"es"}]}},"_links":{"self":[{"href":"https:\/\/norfran.co.uk\/es\/wp-json\/wp\/v2\/pages\/2166","targetHints":{"allow":["GET"]}}],"collection":[{"href":"https:\/\/norfran.co.uk\/es\/wp-json\/wp\/v2\/pages"}],"about":[{"href":"https:\/\/norfran.co.uk\/es\/wp-json\/wp\/v2\/types\/page"}],"author":[{"embeddable":true,"href":"https:\/\/norfran.co.uk\/es\/wp-json\/wp\/v2\/users\/2"}],"replies":[{"embeddable":true,"href":"https:\/\/norfran.co.uk\/es\/wp-json\/wp\/v2\/comments?post=2166"}],"version-history":[{"count":0,"href":"https:\/\/norfran.co.uk\/es\/wp-json\/wp\/v2\/pages\/2166\/revisions"}],"wp:attachment":[{"href":"https:\/\/norfran.co.uk\/es\/wp-json\/wp\/v2\/media?parent=2166"}],"curies":[{"name":"wp","href":"https:\/\/api.w.org\/{rel}","templated":true}]}}