{"id":1811,"date":"2013-09-30T10:48:19","date_gmt":"2013-09-30T10:48:19","guid":{"rendered":"http:\/\/demo.cpothemes.com\/scenica\/?page_id=1806"},"modified":"2017-07-07T11:47:57","modified_gmt":"2017-07-07T11:47:57","slug":"services","status":"publish","type":"page","link":"https:\/\/norfran.co.uk\/es\/services\/","title":{"rendered":"Servicios"},"content":{"rendered":"<p><img decoding=\"async\" class=\"alignnone size-full wp-image-2258 lazyload\" data-src=\"https:\/\/norfran.co.uk\/wp-content\/uploads\/2013\/09\/services.jpg\" alt=\"Services\" width=\"100%\" height=\"220\" data-srcset=\"https:\/\/norfran.co.uk\/wp-content\/uploads\/2013\/09\/services.jpg 1400w, https:\/\/norfran.co.uk\/wp-content\/uploads\/2013\/09\/services-300x47.jpg 300w, https:\/\/norfran.co.uk\/wp-content\/uploads\/2013\/09\/services-768x121.jpg 768w, https:\/\/norfran.co.uk\/wp-content\/uploads\/2013\/09\/services-1024x161.jpg 1024w\" data-sizes=\"auto\" src=\"data:image\/svg+xml;base64,PHN2ZyB3aWR0aD0iMSIgaGVpZ2h0PSIxIiB4bWxucz0iaHR0cDovL3d3dy53My5vcmcvMjAwMC9zdmciPjwvc3ZnPg==\" style=\"--smush-placeholder-width: 1400px; --smush-placeholder-aspect-ratio: 1400\/220;\" data-original-sizes=\"(max-width: 1400px) 100vw, 1400px\" \/><\/p>\n<p class=\"firstpara\"><strong>En Norfran Ltd nos hemos especializado al cien por cien en la fabricaci\u00f3n de piezas de fundici\u00f3n a presi\u00f3n de aleaci\u00f3n de zinc y aluminio.<\/strong><\/p>\n<p class=\"firstpara\"><strong>El departamento de fundici\u00f3n recibe su suministro de la zona de fundido que aloja cuatro hornos totalmente autom\u00e1ticos Striko MH capaces de suministrar 4 toneladas de aleaci\u00f3n por hora. <\/strong><\/p>\n<h2>Dise\u00f1o y gesti\u00f3n de proyectos<\/h2>\n<p>Para llevar a cabo los dise\u00f1os de las piezas, trabajamos mano a mano con nuestros clientes para la creaci\u00f3n del componente que necesitan. Ofrecemos a nuestros clientes un servicio totalmente integrado. El dise\u00f1o para la fabricaci\u00f3n es uno de los puntos fuertes de Norfran. Disponemos de las instalaciones necesarias para aceptar formatos 3-D y 2-D Cad.<\/p>\n<p>Tambi\u00e9n le suministraremos sus prototipos de un modo r\u00e1pido y fabricaremos utillaje provisional para prototipos de piezas de fundici\u00f3n a presi\u00f3n<\/p>\n<h2>Fundici\u00f3n a presi\u00f3n<\/h2>\n<p>Estamos preparados para emplear nuestra gran variedad de maquinaria para ofrecerle una producci\u00f3n flexible. Nuestras m\u00e1quinas son capaces de adaptarse a una gran variedad de formas y tama\u00f1os.<\/p>\n<p>Norfran tiene una larga experiencia en la fabricaci\u00f3n de piezas a presi\u00f3n y de m\u00e1s de una pieza, como cierres cojinetes o incluso componentes el\u00e9ctricos.<\/p>\n<p>Norfran ha llevado a cabo un importante programa de inversi\u00f3n que ha tenido como resultado 10 celdas de fundici\u00f3n totalmente automatizadas mediante los m\u00e1s novedoso robots de manipulaci\u00f3n de material de 6 ejes, robots de manipulaci\u00f3n de 3 ejes y sistemas de pulverizado CNC de 2 ejes. Nuestras celdas de fundici\u00f3n robotizadas se emplean para llevar a cabo los largos procesos de fabricaci\u00f3n de pedidos de mucho volumen. Aquellos pedidos m\u00e1s peque\u00f1os se llevan a cabo con celdas semiautom\u00e1ticas<\/p>\n<h2>Finalizaci\u00f3n de la fundici\u00f3n<\/h2>\n<p>Norfran tambi\u00e9n ha llevado a cabo una inversi\u00f3n en su departamento de acabados. Mantenemos la calidad gracias a un equipo bien formado y con muchos a\u00f1os de experiencia en la empresa. El 48% de los empleados de Norfran llevan en la empresa 15 a\u00f1os o m\u00e1s.<\/p>\n<p>Para completar nuestros m\u00e9todos de acabado m\u00e1s tradicionales, hemos invertido en un sistema de acabado totalmente autom\u00e1tico que consiste en la eliminaci\u00f3n de rebabas, la limpieza y el secado de la pieza mediante vibraci\u00f3n.<\/p>\n<p>Otros procesos disponibles en la empresa incluyen m\u00e1quinas CNC (tanto m\u00e1quinas verticales como tornos CNC), granallado esf\u00e9rico, perforaci\u00f3n y el taladrado multi-eje, maquinaria para grandes vol\u00famenes, detecci\u00f3n autom\u00e1tica de fugas mediante una llave de giro, y comprobaci\u00f3n de p\u00e9rdida de presi\u00f3n.<\/p>\n<h2>Externalizaci\u00f3n y log\u00edstica<\/h2>\n<p>Siempre que es posible suministramos productos totalmente acabados por ello tenemos una extensa experiencia y capacidad a la hora de contratar y gestionar procesos m\u00e1s especializados como pintura en polvo, pulverizado, pulido y chapado. Todo esto es otra prueba de que Norfran Ltd lucha por dar un paso m\u00e1s para cubrir las necesidades de nuestros clientes.<\/p>\n<p>Las piezas de fundici\u00f3n y los productos acabados pueden fabricarse y entregarse mediante m\u00e9todos KAN-BAN o JIT. Podemos gestionar pedidos \u00fanicos como lotes. Norfran puede hacerle llegar sus pedidos mediante su propia red de transporte mar\u00edtimo, la empresa de transportes que usted prefiera o su veh\u00edculo particular.<\/p>","protected":false},"excerpt":{"rendered":"<p>En Norfran Ltd nos hemos especializado al cien por cien en la fabricaci\u00f3n de piezas de fundici\u00f3n a presi\u00f3n de aleaci\u00f3n de zinc y aluminio. El departamento de fundici\u00f3n recibe su suministro de la zona de fundido que aloja cuatro hornos totalmente autom\u00e1ticos Striko MH capaces de suministrar 4 toneladas de aleaci\u00f3n por hora. Dise\u00f1o y gesti\u00f3n de proyectos Para llevar a cabo los dise\u00f1os de las piezas, trabajamos mano a mano con nuestros clientes para la creaci\u00f3n del componente&hellip;<\/p>\n","protected":false},"author":2,"featured_media":0,"parent":0,"menu_order":0,"comment_status":"closed","ping_status":"closed","template":"","meta":{"footnotes":""},"class_list":["post-1811","page","type-page","status-publish","hentry"],"yoast_head":"<!-- This site is optimized with the Yoast SEO plugin v27.4 - https:\/\/yoast.com\/product\/yoast-seo-wordpress\/ -->\n<title>Servicios - Norfran Limited<\/title>\n<meta name=\"robots\" content=\"index, follow, max-snippet:-1, max-image-preview:large, max-video-preview:-1\" \/>\n<link rel=\"canonical\" href=\"https:\/\/norfran.co.uk\/services\/\" \/>\n<meta property=\"og:locale\" content=\"es_ES\" \/>\n<meta property=\"og:type\" content=\"article\" \/>\n<meta property=\"og:title\" content=\"Servicios - Norfran Limited\" \/>\n<meta property=\"og:description\" content=\"En Norfran Ltd nos hemos especializado al cien por cien en la fabricaci\u00f3n de piezas de fundici\u00f3n a presi\u00f3n de aleaci\u00f3n de zinc y aluminio. El departamento de fundici\u00f3n recibe su suministro de la zona de fundido que aloja cuatro hornos totalmente autom\u00e1ticos Striko MH capaces de suministrar 4 toneladas de aleaci\u00f3n por hora. Dise\u00f1o y gesti\u00f3n de proyectos Para llevar a cabo los dise\u00f1os de las piezas, trabajamos mano a mano con nuestros clientes para la creaci\u00f3n del componente&hellip;\" \/>\n<meta property=\"og:url\" content=\"https:\/\/norfran.co.uk\/services\/\" \/>\n<meta property=\"og:site_name\" content=\"Norfran Limited\" \/>\n<meta property=\"article:modified_time\" content=\"2017-07-07T11:47:57+00:00\" \/>\n<meta property=\"og:image\" content=\"https:\/\/norfran.co.uk\/wp-content\/uploads\/2013\/09\/services.jpg\" \/>\n<meta name=\"twitter:card\" content=\"summary_large_image\" \/>\n<meta name=\"twitter:label1\" content=\"Tiempo de lectura\" \/>\n\t<meta name=\"twitter:data1\" content=\"10 minutos\" \/>\n<script type=\"application\/ld+json\" class=\"yoast-schema-graph\">{\"@context\":\"https:\\\/\\\/schema.org\",\"@graph\":[{\"@type\":\"WebPage\",\"@id\":\"https:\\\/\\\/norfran.co.uk\\\/services\\\/\",\"url\":\"https:\\\/\\\/norfran.co.uk\\\/services\\\/\",\"name\":\"[:en]Services[:de]Dienstleistungen[:fr]Services[:es]Servicios[:] - Norfran Limited\",\"isPartOf\":{\"@id\":\"https:\\\/\\\/norfran.co.uk\\\/#website\"},\"primaryImageOfPage\":{\"@id\":\"https:\\\/\\\/norfran.co.uk\\\/services\\\/#primaryimage\"},\"image\":{\"@id\":\"https:\\\/\\\/norfran.co.uk\\\/services\\\/#primaryimage\"},\"thumbnailUrl\":\"https:\\\/\\\/norfran.co.uk\\\/wp-content\\\/uploads\\\/2013\\\/09\\\/services.jpg\",\"datePublished\":\"2013-09-30T10:48:19+00:00\",\"dateModified\":\"2017-07-07T11:47:57+00:00\",\"breadcrumb\":{\"@id\":\"https:\\\/\\\/norfran.co.uk\\\/services\\\/#breadcrumb\"},\"inLanguage\":\"es\",\"potentialAction\":[{\"@type\":\"ReadAction\",\"target\":[\"https:\\\/\\\/norfran.co.uk\\\/services\\\/\"]}]},{\"@type\":\"ImageObject\",\"inLanguage\":\"es\",\"@id\":\"https:\\\/\\\/norfran.co.uk\\\/services\\\/#primaryimage\",\"url\":\"https:\\\/\\\/norfran.co.uk\\\/wp-content\\\/uploads\\\/2013\\\/09\\\/services.jpg\",\"contentUrl\":\"https:\\\/\\\/norfran.co.uk\\\/wp-content\\\/uploads\\\/2013\\\/09\\\/services.jpg\"},{\"@type\":\"BreadcrumbList\",\"@id\":\"https:\\\/\\\/norfran.co.uk\\\/services\\\/#breadcrumb\",\"itemListElement\":[{\"@type\":\"ListItem\",\"position\":1,\"name\":\"Home\",\"item\":\"https:\\\/\\\/norfran.co.uk\\\/\"},{\"@type\":\"ListItem\",\"position\":2,\"name\":\"Services\"}]},{\"@type\":\"WebSite\",\"@id\":\"https:\\\/\\\/norfran.co.uk\\\/#website\",\"url\":\"https:\\\/\\\/norfran.co.uk\\\/\",\"name\":\"Norfran Limited\",\"description\":\"Precision Aluminium and Zinc Diecasters\",\"potentialAction\":[{\"@type\":\"SearchAction\",\"target\":{\"@type\":\"EntryPoint\",\"urlTemplate\":\"https:\\\/\\\/norfran.co.uk\\\/?s={search_term_string}\"},\"query-input\":{\"@type\":\"PropertyValueSpecification\",\"valueRequired\":true,\"valueName\":\"search_term_string\"}}],\"inLanguage\":\"es\"}]}<\/script>\n<!-- \/ Yoast SEO plugin. -->","yoast_head_json":{"title":"Servicios - Norfran Limited","robots":{"index":"index","follow":"follow","max-snippet":"max-snippet:-1","max-image-preview":"max-image-preview:large","max-video-preview":"max-video-preview:-1"},"canonical":"https:\/\/norfran.co.uk\/services\/","og_locale":"es_ES","og_type":"article","og_title":"Servicios - Norfran Limited","og_description":"En Norfran Ltd nos hemos especializado al cien por cien en la fabricaci\u00f3n de piezas de fundici\u00f3n a presi\u00f3n de aleaci\u00f3n de zinc y aluminio. El departamento de fundici\u00f3n recibe su suministro de la zona de fundido que aloja cuatro hornos totalmente autom\u00e1ticos Striko MH capaces de suministrar 4 toneladas de aleaci\u00f3n por hora. Dise\u00f1o y gesti\u00f3n de proyectos Para llevar a cabo los dise\u00f1os de las piezas, trabajamos mano a mano con nuestros clientes para la creaci\u00f3n del componente&hellip;","og_url":"https:\/\/norfran.co.uk\/services\/","og_site_name":"Norfran Limited","article_modified_time":"2017-07-07T11:47:57+00:00","og_image":[{"url":"https:\/\/norfran.co.uk\/wp-content\/uploads\/2013\/09\/services.jpg","type":"","width":"","height":""}],"twitter_card":"summary_large_image","twitter_misc":{"Tiempo de lectura":"10 minutos"},"schema":{"@context":"https:\/\/schema.org","@graph":[{"@type":"WebPage","@id":"https:\/\/norfran.co.uk\/services\/","url":"https:\/\/norfran.co.uk\/services\/","name":"[:en]Services[:de]Dienstleistungen[:fr]Services[:es]Servicios[:] - Norfran Limited","isPartOf":{"@id":"https:\/\/norfran.co.uk\/#website"},"primaryImageOfPage":{"@id":"https:\/\/norfran.co.uk\/services\/#primaryimage"},"image":{"@id":"https:\/\/norfran.co.uk\/services\/#primaryimage"},"thumbnailUrl":"https:\/\/norfran.co.uk\/wp-content\/uploads\/2013\/09\/services.jpg","datePublished":"2013-09-30T10:48:19+00:00","dateModified":"2017-07-07T11:47:57+00:00","breadcrumb":{"@id":"https:\/\/norfran.co.uk\/services\/#breadcrumb"},"inLanguage":"es","potentialAction":[{"@type":"ReadAction","target":["https:\/\/norfran.co.uk\/services\/"]}]},{"@type":"ImageObject","inLanguage":"es","@id":"https:\/\/norfran.co.uk\/services\/#primaryimage","url":"https:\/\/norfran.co.uk\/wp-content\/uploads\/2013\/09\/services.jpg","contentUrl":"https:\/\/norfran.co.uk\/wp-content\/uploads\/2013\/09\/services.jpg"},{"@type":"BreadcrumbList","@id":"https:\/\/norfran.co.uk\/services\/#breadcrumb","itemListElement":[{"@type":"ListItem","position":1,"name":"Home","item":"https:\/\/norfran.co.uk\/"},{"@type":"ListItem","position":2,"name":"Services"}]},{"@type":"WebSite","@id":"https:\/\/norfran.co.uk\/#website","url":"https:\/\/norfran.co.uk\/","name":"Norfran Limited","description":"Precision Aluminium and Zinc Diecasters","potentialAction":[{"@type":"SearchAction","target":{"@type":"EntryPoint","urlTemplate":"https:\/\/norfran.co.uk\/?s={search_term_string}"},"query-input":{"@type":"PropertyValueSpecification","valueRequired":true,"valueName":"search_term_string"}}],"inLanguage":"es"}]}},"_links":{"self":[{"href":"https:\/\/norfran.co.uk\/es\/wp-json\/wp\/v2\/pages\/1811","targetHints":{"allow":["GET"]}}],"collection":[{"href":"https:\/\/norfran.co.uk\/es\/wp-json\/wp\/v2\/pages"}],"about":[{"href":"https:\/\/norfran.co.uk\/es\/wp-json\/wp\/v2\/types\/page"}],"author":[{"embeddable":true,"href":"https:\/\/norfran.co.uk\/es\/wp-json\/wp\/v2\/users\/2"}],"replies":[{"embeddable":true,"href":"https:\/\/norfran.co.uk\/es\/wp-json\/wp\/v2\/comments?post=1811"}],"version-history":[{"count":0,"href":"https:\/\/norfran.co.uk\/es\/wp-json\/wp\/v2\/pages\/1811\/revisions"}],"wp:attachment":[{"href":"https:\/\/norfran.co.uk\/es\/wp-json\/wp\/v2\/media?parent=1811"}],"curies":[{"name":"wp","href":"https:\/\/api.w.org\/{rel}","templated":true}]}}