{"id":11186,"date":"2021-05-12T10:17:00","date_gmt":"2021-05-12T10:17:00","guid":{"rendered":"https:\/\/norfran.co.uk\/?page_id=11186"},"modified":"2024-02-01T09:47:54","modified_gmt":"2024-02-01T09:47:54","slug":"cnc-machining","status":"publish","type":"page","link":"https:\/\/norfran.co.uk\/es\/services\/cnc-machining\/","title":{"rendered":"Mecanizado CNC"},"content":{"rendered":"<p><img decoding=\"async\" class=\"size-full wp-image-11187 aligncenter lazyload\" data-src=\"https:\/\/norfran.co.uk\/wp-content\/uploads\/2021\/05\/CNC-Machining-1.jpg\" alt=\"CNC Machining\" width=\"1400\" height=\"517\" data-srcset=\"https:\/\/norfran.co.uk\/wp-content\/uploads\/2021\/05\/CNC-Machining-1.jpg 1400w, https:\/\/norfran.co.uk\/wp-content\/uploads\/2021\/05\/CNC-Machining-1-300x111.jpg 300w, https:\/\/norfran.co.uk\/wp-content\/uploads\/2021\/05\/CNC-Machining-1-1024x378.jpg 1024w, https:\/\/norfran.co.uk\/wp-content\/uploads\/2021\/05\/CNC-Machining-1-768x284.jpg 768w\" data-sizes=\"auto\" src=\"data:image\/svg+xml;base64,PHN2ZyB3aWR0aD0iMSIgaGVpZ2h0PSIxIiB4bWxucz0iaHR0cDovL3d3dy53My5vcmcvMjAwMC9zdmciPjwvc3ZnPg==\" style=\"--smush-placeholder-width: 1400px; --smush-placeholder-aspect-ratio: 1400\/517;\" data-original-sizes=\"(max-width: 1400px) 100vw, 1400px\" \/><\/p>\n<h2><strong>Mecanizado CNC: Soluciones eficientes para geometr\u00edas complejas.<\/strong><\/h2>\n<p>Para producir geometr\u00edas complejas, mecanizamos sus piezas fundidas con la \u00faltima tecnolog\u00eda CNC. Las ventajas del mecanizado CNC hablan por s\u00ed solas; el procesamiento CNC es sumamente rentable y muy eficiente.<\/p>\n<h3><strong>Mecanizado CNC para componentes de fundici\u00f3n a presi\u00f3n de alta calidad<\/strong><\/h3>\n<p>Los pasos aplicables se pueden ejecutar no solo a gran velocidad, sino tambi\u00e9n con una precisi\u00f3n extraordinaria y reproducirse con exactitud. Como resultado, la tecnolog\u00eda CNC nos permite manejar grandes series de producci\u00f3n de forma r\u00e1pida, completa y rentable.<\/p>\n<h3><strong>El centro de mecanizado adecuado para cada necesidad<\/strong><\/h3>\n<p>En la actualidad, podemos procesar los componentes de nuestros clientes en nada menos que once centros de mecanizado CNC avanzado. La forma de procesamiento aplicada a sus componentes en cada centro de mecanizado (perforaci\u00f3n, torneado, fresado u otras operaciones) depende de sus necesidades y del tama\u00f1o de la serie de producci\u00f3n. Garantizamos la m\u00e1xima profundidad de procesamiento con un mecanizado de absoluta precisi\u00f3n y menores tolerancias de delineaci\u00f3n.<\/p>\n<h3><strong>Nos centramos en el postratamiento.<\/strong><\/h3>\n<p>Aplicamos todos los medios adecuados para recortar los componentes de fundici\u00f3n a presi\u00f3n. Dependiendo del producto, utilizamos el recorte automatizado de las herramientas de prensa, el revestimiento, el pulido, el desbarbado manual, el granallado del acero inoxidable y el desbarbado por vibraci\u00f3n en un avanzado sistema de flujo continuo. Esto garantiza que sus componentes tengan una preparaci\u00f3n \u00f3ptima para su uso posterior.<\/p>\n<p>Nuestra filosof\u00eda del proceso consiste en aplicar tanta manipulaci\u00f3n como sea necesaria para obtener la m\u00e1xima eficacia y rentabilidad.<\/p>\n<p>Nuestras modernas instalaciones de mecanizado CNC se complementan con 11 centros de mecanizado verticales de doble plataforma y 4 ejes de \u00faltima generaci\u00f3n, con 4 m\u00e1quinas equipadas con instalaciones completas de sondeo de husillos. Para completar nuestro taller de maquinaria de primera clase, tambi\u00e9n disponemos de 4 tornos CNC para las necesidades de torneado.<\/p>","protected":false},"excerpt":{"rendered":"<p>Mecanizado CNC: Soluciones eficientes para geometr\u00edas complejas. Para producir geometr\u00edas complejas, mecanizamos sus piezas fundidas con la \u00faltima tecnolog\u00eda CNC. Las ventajas del mecanizado CNC hablan por s\u00ed solas; el procesamiento CNC es sumamente rentable y muy eficiente. Mecanizado CNC para componentes de fundici\u00f3n a presi\u00f3n de alta calidad Los pasos aplicables se pueden ejecutar no solo a gran velocidad, sino tambi\u00e9n con una precisi\u00f3n extraordinaria y reproducirse con exactitud. Como resultado, la tecnolog\u00eda CNC nos permite manejar grandes series&hellip;<\/p>\n","protected":false},"author":4,"featured_media":0,"parent":1811,"menu_order":0,"comment_status":"closed","ping_status":"closed","template":"","meta":{"footnotes":""},"class_list":["post-11186","page","type-page","status-publish","hentry"],"yoast_head":"<!-- This site is optimized with the Yoast SEO plugin v27.4 - https:\/\/yoast.com\/product\/yoast-seo-wordpress\/ -->\n<title>CNC Machining for High-Quality Die Cast Components - Norfran<\/title>\n<meta name=\"description\" content=\"CNC Machining: Efficient solutions for complex geometries. Norfran offer CNC Machining for High-Quality Die Cast Components\" \/>\n<meta name=\"robots\" content=\"index, follow, max-snippet:-1, max-image-preview:large, max-video-preview:-1\" \/>\n<link rel=\"canonical\" href=\"https:\/\/norfran.co.uk\/services\/cnc-machining\/\" \/>\n<meta property=\"og:locale\" content=\"es_ES\" \/>\n<meta property=\"og:type\" content=\"article\" \/>\n<meta property=\"og:title\" content=\"CNC Machining for High-Quality Die Cast Components - Norfran\" \/>\n<meta property=\"og:description\" content=\"CNC Machining: Efficient solutions for complex geometries. Norfran offer CNC Machining for High-Quality Die Cast Components\" \/>\n<meta property=\"og:url\" content=\"https:\/\/norfran.co.uk\/services\/cnc-machining\/\" \/>\n<meta property=\"og:site_name\" content=\"Norfran Limited\" \/>\n<meta property=\"article:modified_time\" content=\"2024-02-01T09:47:54+00:00\" \/>\n<meta property=\"og:image\" content=\"https:\/\/norfran.co.uk\/wp-content\/uploads\/2021\/05\/CNC-Machining-1.jpg\" \/>\n<meta name=\"twitter:card\" content=\"summary_large_image\" \/>\n<meta name=\"twitter:label1\" content=\"Tiempo de lectura\" \/>\n\t<meta name=\"twitter:data1\" content=\"2 minutos\" \/>\n<script type=\"application\/ld+json\" class=\"yoast-schema-graph\">{\"@context\":\"https:\\\/\\\/schema.org\",\"@graph\":[{\"@type\":\"WebPage\",\"@id\":\"https:\\\/\\\/norfran.co.uk\\\/services\\\/cnc-machining\\\/\",\"url\":\"https:\\\/\\\/norfran.co.uk\\\/services\\\/cnc-machining\\\/\",\"name\":\"CNC Machining for High-Quality Die Cast Components - Norfran\",\"isPartOf\":{\"@id\":\"https:\\\/\\\/norfran.co.uk\\\/#website\"},\"primaryImageOfPage\":{\"@id\":\"https:\\\/\\\/norfran.co.uk\\\/services\\\/cnc-machining\\\/#primaryimage\"},\"image\":{\"@id\":\"https:\\\/\\\/norfran.co.uk\\\/services\\\/cnc-machining\\\/#primaryimage\"},\"thumbnailUrl\":\"https:\\\/\\\/norfran.co.uk\\\/wp-content\\\/uploads\\\/2021\\\/05\\\/CNC-Machining-1.jpg\",\"datePublished\":\"2021-05-12T10:17:00+00:00\",\"dateModified\":\"2024-02-01T09:47:54+00:00\",\"description\":\"CNC Machining: Efficient solutions for complex geometries. Norfran offer CNC Machining for High-Quality Die Cast Components\",\"breadcrumb\":{\"@id\":\"https:\\\/\\\/norfran.co.uk\\\/services\\\/cnc-machining\\\/#breadcrumb\"},\"inLanguage\":\"es\",\"potentialAction\":[{\"@type\":\"ReadAction\",\"target\":[\"https:\\\/\\\/norfran.co.uk\\\/services\\\/cnc-machining\\\/\"]}]},{\"@type\":\"ImageObject\",\"inLanguage\":\"es\",\"@id\":\"https:\\\/\\\/norfran.co.uk\\\/services\\\/cnc-machining\\\/#primaryimage\",\"url\":\"https:\\\/\\\/norfran.co.uk\\\/wp-content\\\/uploads\\\/2021\\\/05\\\/CNC-Machining-1.jpg\",\"contentUrl\":\"https:\\\/\\\/norfran.co.uk\\\/wp-content\\\/uploads\\\/2021\\\/05\\\/CNC-Machining-1.jpg\"},{\"@type\":\"BreadcrumbList\",\"@id\":\"https:\\\/\\\/norfran.co.uk\\\/services\\\/cnc-machining\\\/#breadcrumb\",\"itemListElement\":[{\"@type\":\"ListItem\",\"position\":1,\"name\":\"Home\",\"item\":\"https:\\\/\\\/norfran.co.uk\\\/\"},{\"@type\":\"ListItem\",\"position\":2,\"name\":\"Services\",\"item\":\"https:\\\/\\\/norfran.co.uk\\\/services\\\/\"},{\"@type\":\"ListItem\",\"position\":3,\"name\":\"CNC Machining\"}]},{\"@type\":\"WebSite\",\"@id\":\"https:\\\/\\\/norfran.co.uk\\\/#website\",\"url\":\"https:\\\/\\\/norfran.co.uk\\\/\",\"name\":\"Norfran Limited\",\"description\":\"Precision Aluminium and Zinc Diecasters\",\"potentialAction\":[{\"@type\":\"SearchAction\",\"target\":{\"@type\":\"EntryPoint\",\"urlTemplate\":\"https:\\\/\\\/norfran.co.uk\\\/?s={search_term_string}\"},\"query-input\":{\"@type\":\"PropertyValueSpecification\",\"valueRequired\":true,\"valueName\":\"search_term_string\"}}],\"inLanguage\":\"es\"}]}<\/script>\n<!-- \/ Yoast SEO plugin. -->","yoast_head_json":{"title":"CNC Machining for High-Quality Die Cast Components - Norfran","description":"CNC Machining: Efficient solutions for complex geometries. Norfran offer CNC Machining for High-Quality Die Cast Components","robots":{"index":"index","follow":"follow","max-snippet":"max-snippet:-1","max-image-preview":"max-image-preview:large","max-video-preview":"max-video-preview:-1"},"canonical":"https:\/\/norfran.co.uk\/services\/cnc-machining\/","og_locale":"es_ES","og_type":"article","og_title":"CNC Machining for High-Quality Die Cast Components - Norfran","og_description":"CNC Machining: Efficient solutions for complex geometries. Norfran offer CNC Machining for High-Quality Die Cast Components","og_url":"https:\/\/norfran.co.uk\/services\/cnc-machining\/","og_site_name":"Norfran Limited","article_modified_time":"2024-02-01T09:47:54+00:00","og_image":[{"url":"https:\/\/norfran.co.uk\/wp-content\/uploads\/2021\/05\/CNC-Machining-1.jpg","type":"","width":"","height":""}],"twitter_card":"summary_large_image","twitter_misc":{"Tiempo de lectura":"2 minutos"},"schema":{"@context":"https:\/\/schema.org","@graph":[{"@type":"WebPage","@id":"https:\/\/norfran.co.uk\/services\/cnc-machining\/","url":"https:\/\/norfran.co.uk\/services\/cnc-machining\/","name":"CNC Machining for High-Quality Die Cast Components - Norfran","isPartOf":{"@id":"https:\/\/norfran.co.uk\/#website"},"primaryImageOfPage":{"@id":"https:\/\/norfran.co.uk\/services\/cnc-machining\/#primaryimage"},"image":{"@id":"https:\/\/norfran.co.uk\/services\/cnc-machining\/#primaryimage"},"thumbnailUrl":"https:\/\/norfran.co.uk\/wp-content\/uploads\/2021\/05\/CNC-Machining-1.jpg","datePublished":"2021-05-12T10:17:00+00:00","dateModified":"2024-02-01T09:47:54+00:00","description":"CNC Machining: Efficient solutions for complex geometries. Norfran offer CNC Machining for High-Quality Die Cast Components","breadcrumb":{"@id":"https:\/\/norfran.co.uk\/services\/cnc-machining\/#breadcrumb"},"inLanguage":"es","potentialAction":[{"@type":"ReadAction","target":["https:\/\/norfran.co.uk\/services\/cnc-machining\/"]}]},{"@type":"ImageObject","inLanguage":"es","@id":"https:\/\/norfran.co.uk\/services\/cnc-machining\/#primaryimage","url":"https:\/\/norfran.co.uk\/wp-content\/uploads\/2021\/05\/CNC-Machining-1.jpg","contentUrl":"https:\/\/norfran.co.uk\/wp-content\/uploads\/2021\/05\/CNC-Machining-1.jpg"},{"@type":"BreadcrumbList","@id":"https:\/\/norfran.co.uk\/services\/cnc-machining\/#breadcrumb","itemListElement":[{"@type":"ListItem","position":1,"name":"Home","item":"https:\/\/norfran.co.uk\/"},{"@type":"ListItem","position":2,"name":"Services","item":"https:\/\/norfran.co.uk\/services\/"},{"@type":"ListItem","position":3,"name":"CNC Machining"}]},{"@type":"WebSite","@id":"https:\/\/norfran.co.uk\/#website","url":"https:\/\/norfran.co.uk\/","name":"Norfran Limited","description":"Precision Aluminium and Zinc Diecasters","potentialAction":[{"@type":"SearchAction","target":{"@type":"EntryPoint","urlTemplate":"https:\/\/norfran.co.uk\/?s={search_term_string}"},"query-input":{"@type":"PropertyValueSpecification","valueRequired":true,"valueName":"search_term_string"}}],"inLanguage":"es"}]}},"_links":{"self":[{"href":"https:\/\/norfran.co.uk\/es\/wp-json\/wp\/v2\/pages\/11186","targetHints":{"allow":["GET"]}}],"collection":[{"href":"https:\/\/norfran.co.uk\/es\/wp-json\/wp\/v2\/pages"}],"about":[{"href":"https:\/\/norfran.co.uk\/es\/wp-json\/wp\/v2\/types\/page"}],"author":[{"embeddable":true,"href":"https:\/\/norfran.co.uk\/es\/wp-json\/wp\/v2\/users\/4"}],"replies":[{"embeddable":true,"href":"https:\/\/norfran.co.uk\/es\/wp-json\/wp\/v2\/comments?post=11186"}],"version-history":[{"count":0,"href":"https:\/\/norfran.co.uk\/es\/wp-json\/wp\/v2\/pages\/11186\/revisions"}],"up":[{"embeddable":true,"href":"https:\/\/norfran.co.uk\/es\/wp-json\/wp\/v2\/pages\/1811"}],"wp:attachment":[{"href":"https:\/\/norfran.co.uk\/es\/wp-json\/wp\/v2\/media?parent=11186"}],"curies":[{"name":"wp","href":"https:\/\/api.w.org\/{rel}","templated":true}]}}