{"id":2173,"date":"2017-05-25T11:30:43","date_gmt":"2017-05-25T11:30:43","guid":{"rendered":"http:\/\/pressurediecasting.co.uk\/?page_id=2173"},"modified":"2024-02-01T12:39:11","modified_gmt":"2024-02-01T12:39:11","slug":"linear-tolerances","status":"publish","type":"page","link":"https:\/\/norfran.co.uk\/de\/technical\/linear-tolerances\/","title":{"rendered":"Lineare Toleranzen"},"content":{"rendered":"<p><img decoding=\"async\" class=\"alignnone size-full wp-image-2262 lazyload\" data-src=\"https:\/\/norfran.co.uk\/wp-content\/uploads\/2013\/09\/tech-linear-tolerances.jpg\" alt=\"Linear Tolerances\" width=\"100%\" data-srcset=\"https:\/\/norfran.co.uk\/wp-content\/uploads\/2013\/09\/tech-linear-tolerances.jpg 1400w, https:\/\/norfran.co.uk\/wp-content\/uploads\/2013\/09\/tech-linear-tolerances-300x47.jpg 300w, https:\/\/norfran.co.uk\/wp-content\/uploads\/2013\/09\/tech-linear-tolerances-768x121.jpg 768w, https:\/\/norfran.co.uk\/wp-content\/uploads\/2013\/09\/tech-linear-tolerances-1024x161.jpg 1024w\" data-sizes=\"auto\" src=\"data:image\/svg+xml;base64,PHN2ZyB3aWR0aD0iMSIgaGVpZ2h0PSIxIiB4bWxucz0iaHR0cDovL3d3dy53My5vcmcvMjAwMC9zdmciPjwvc3ZnPg==\" style=\"--smush-placeholder-width: 1400px; --smush-placeholder-aspect-ratio: 1400\/220;\" data-original-sizes=\"(max-width: 1400px) 100vw, 1400px\" \/><\/p>\n<h1>Lineare Toleranzen<\/h1>\n<div class=\"techSplit\">\n<p><img decoding=\"async\" class=\"techImg alignright lazyload\" data-src=\"https:\/\/norfran.co.uk\/wp-content\/uploads\/2017\/07\/ger-techimg_linear.gif\" alt=\"\" width=\"271\" height=\"403\" src=\"data:image\/svg+xml;base64,PHN2ZyB3aWR0aD0iMSIgaGVpZ2h0PSIxIiB4bWxucz0iaHR0cDovL3d3dy53My5vcmcvMjAwMC9zdmciPjwvc3ZnPg==\" style=\"--smush-placeholder-width: 271px; --smush-placeholder-aspect-ratio: 271\/403;\" \/><\/p>\n<p>Die Ebenheit ist von drei weit voneinander entfernten Punkten aus auf einer fortlaufenden, ebenen Fl\u00e4che des Gussteiles zu messen.<\/p>\n<p><strong><span class=\"blueBold\">Hinweis:<\/span><\/strong> &#8211; Die Tabelle dient nur zur Orientierung und zu Vergleichszwecken. Alle Form- und Lagetoleranzen fallen entsprechend der Ausf\u00fchrung jedes Teiles unterschiedlich aus. Weitere Hinweise erhalten Sie von Norfran.<\/p>\n<p><strong>Toleranzen f\u00fcr sich bewegende Formbestandteile \u00e2\u20ac\u201c zus\u00e4tzlich zu den linearen Toleranzen<br \/>\n<\/strong>Beeinflusst die Bewegung eines Formbestandteiles ein L\u00e4ngenma\u00df, dann ist die Angabe von Toleranzen f\u00fcr die sich bewegenden Formbestandteile zus\u00e4tzlich zu den linearen Toleranzen und den Toleranzen f\u00fcr die Trennfuge erforderlich.<\/p>\n<p>Die Projektionsfl\u00e4che ist die Fl\u00e4che in mm2 des Gussteilabschnittes, auf den sich die Bewegung des Formbestandteiles auswirkt.<\/p>\n<div class=\"clear\"><\/div>\n<\/div>\n<div class=\"techSplit\">\n<p><strong>Lineare Toleranzen, im Gusszustand<br \/>\n<\/strong>Die Toleranz f\u00fcr ein Ma\u00df A ist der in der Tabelle angegebene Wert. Wo die Trennfuge der Form oder sich bewegende Formbestandteile das Ma\u00df A beeinflussen, ist diese Toleranz zu vergr\u00f6\u00dfern.<\/p>\n<p><img decoding=\"async\" class=\"alignleft lazyload\" data-src=\"https:\/\/norfran.co.uk\/wp-content\/uploads\/2017\/05\/ger-techimg_linear2H.gif\" alt=\"\" width=\"700\" height=\"130\" src=\"data:image\/svg+xml;base64,PHN2ZyB3aWR0aD0iMSIgaGVpZ2h0PSIxIiB4bWxucz0iaHR0cDovL3d3dy53My5vcmcvMjAwMC9zdmciPjwvc3ZnPg==\" style=\"--smush-placeholder-width: 700px; --smush-placeholder-aspect-ratio: 700\/130;\" \/><\/p>\n<div class=\"clear\"><\/div>\n<\/div>\n<div class=\"techSplit\">\n<p><img decoding=\"async\" class=\"techImg alignright lazyload\" data-src=\"https:\/\/norfran.co.uk\/wp-content\/uploads\/2017\/05\/ger-techimg_linear3.gif\" alt=\"Linear Tolerances\" width=\"271\" height=\"226\" src=\"data:image\/svg+xml;base64,PHN2ZyB3aWR0aD0iMSIgaGVpZ2h0PSIxIiB4bWxucz0iaHR0cDovL3d3dy53My5vcmcvMjAwMC9zdmciPjwvc3ZnPg==\" style=\"--smush-placeholder-width: 271px; --smush-placeholder-aspect-ratio: 271\/226;\" \/><\/p>\n<p><strong>Parting Line<br \/>\n<\/strong><\/p>\n<p>Toleranzen <strong>f\u00fcr Trennfuge, zus\u00e4tzlich zu linearen Toleranzen<\/strong><br \/>\n(bei einer Druckgussform mit einem Nest)<\/p>\n<p>Wird eine L\u00e4ngenabmessung durch die Trennfuge beeinflusst, ist die Angabe von Toleranzen f\u00fcr die Trennfuge zus\u00e4tzlich zu den linearen Toleranzen notwendig. Die Projektionsfl\u00e4che ist die Fl\u00e4che des Gussteiles an der Trennebene der Form in mm2.<\/p>\n<\/div>\n<p><\/p>","protected":false},"excerpt":{"rendered":"<p>Lineare Toleranzen Die Ebenheit ist von drei weit voneinander entfernten Punkten aus auf einer fortlaufenden, ebenen Fl\u00e4che des Gussteiles zu messen. Hinweis: &#8211; Die Tabelle dient nur zur Orientierung und zu Vergleichszwecken. Alle Form- und Lagetoleranzen fallen entsprechend der Ausf\u00fchrung jedes Teiles unterschiedlich aus. Weitere Hinweise erhalten Sie von Norfran. Toleranzen f\u00fcr sich bewegende Formbestandteile \u00e2\u20ac\u201c zus\u00e4tzlich zu den linearen Toleranzen Beeinflusst die Bewegung eines Formbestandteiles ein L\u00e4ngenma\u00df, dann ist die Angabe von Toleranzen f\u00fcr die sich bewegenden Formbestandteile zus\u00e4tzlich&hellip;<\/p>\n","protected":false},"author":2,"featured_media":0,"parent":2166,"menu_order":2,"comment_status":"closed","ping_status":"closed","template":"","meta":{"footnotes":""},"class_list":["post-2173","page","type-page","status-publish","hentry"],"yoast_head":"<!-- This site is optimized with the Yoast SEO plugin v27.5 - https:\/\/yoast.com\/product\/yoast-seo-wordpress\/ -->\n<title>Linear Tolerances | Die Casting | Die Casting Tolerances | Norfran<\/title>\n<meta name=\"description\" content=\"Linear Tolerances: Die Cast tolerance charts, Moving Die Part, Linear Dimensions as cast, and Addition to Linear Dimension Tolerances\" \/>\n<meta name=\"robots\" content=\"index, follow, max-snippet:-1, max-image-preview:large, max-video-preview:-1\" \/>\n<link rel=\"canonical\" href=\"https:\/\/norfran.co.uk\/technical\/linear-tolerances\/\" \/>\n<meta property=\"og:locale\" content=\"de_DE\" \/>\n<meta property=\"og:type\" content=\"article\" \/>\n<meta property=\"og:title\" content=\"Linear Tolerances | Die Casting | Die Casting Tolerances | Norfran\" \/>\n<meta property=\"og:description\" content=\"Linear Tolerances: Die Cast tolerance charts, Moving Die Part, Linear Dimensions as cast, and Addition to Linear Dimension Tolerances\" \/>\n<meta property=\"og:url\" content=\"https:\/\/norfran.co.uk\/technical\/linear-tolerances\/\" \/>\n<meta property=\"og:site_name\" content=\"Norfran Limited\" \/>\n<meta property=\"article:modified_time\" content=\"2024-02-01T12:39:11+00:00\" \/>\n<meta property=\"og:image\" content=\"https:\/\/norfran.co.uk\/wp-content\/uploads\/2013\/09\/tech-linear-tolerances.jpg\" \/>\n<meta name=\"twitter:card\" content=\"summary_large_image\" \/>\n<meta name=\"twitter:label1\" content=\"Gesch\u00e4tzte Lesezeit\" \/>\n\t<meta name=\"twitter:data1\" content=\"2\u00a0Minuten\" \/>\n<script type=\"application\/ld+json\" class=\"yoast-schema-graph\">{\"@context\":\"https:\\\/\\\/schema.org\",\"@graph\":[{\"@type\":\"WebPage\",\"@id\":\"https:\\\/\\\/norfran.co.uk\\\/technical\\\/linear-tolerances\\\/\",\"url\":\"https:\\\/\\\/norfran.co.uk\\\/technical\\\/linear-tolerances\\\/\",\"name\":\"Linear Tolerances | Die Casting | Die Casting Tolerances | Norfran\",\"isPartOf\":{\"@id\":\"https:\\\/\\\/norfran.co.uk\\\/#website\"},\"primaryImageOfPage\":{\"@id\":\"https:\\\/\\\/norfran.co.uk\\\/technical\\\/linear-tolerances\\\/#primaryimage\"},\"image\":{\"@id\":\"https:\\\/\\\/norfran.co.uk\\\/technical\\\/linear-tolerances\\\/#primaryimage\"},\"thumbnailUrl\":\"https:\\\/\\\/norfran.co.uk\\\/wp-content\\\/uploads\\\/2013\\\/09\\\/tech-linear-tolerances.jpg\",\"datePublished\":\"2017-05-25T11:30:43+00:00\",\"dateModified\":\"2024-02-01T12:39:11+00:00\",\"description\":\"Linear Tolerances: Die Cast tolerance charts, Moving Die Part, Linear Dimensions as cast, and Addition to Linear Dimension Tolerances\",\"breadcrumb\":{\"@id\":\"https:\\\/\\\/norfran.co.uk\\\/technical\\\/linear-tolerances\\\/#breadcrumb\"},\"inLanguage\":\"de\",\"potentialAction\":[{\"@type\":\"ReadAction\",\"target\":[\"https:\\\/\\\/norfran.co.uk\\\/technical\\\/linear-tolerances\\\/\"]}]},{\"@type\":\"ImageObject\",\"inLanguage\":\"de\",\"@id\":\"https:\\\/\\\/norfran.co.uk\\\/technical\\\/linear-tolerances\\\/#primaryimage\",\"url\":\"https:\\\/\\\/norfran.co.uk\\\/wp-content\\\/uploads\\\/2013\\\/09\\\/tech-linear-tolerances.jpg\",\"contentUrl\":\"https:\\\/\\\/norfran.co.uk\\\/wp-content\\\/uploads\\\/2013\\\/09\\\/tech-linear-tolerances.jpg\"},{\"@type\":\"BreadcrumbList\",\"@id\":\"https:\\\/\\\/norfran.co.uk\\\/technical\\\/linear-tolerances\\\/#breadcrumb\",\"itemListElement\":[{\"@type\":\"ListItem\",\"position\":1,\"name\":\"Home\",\"item\":\"https:\\\/\\\/norfran.co.uk\\\/\"},{\"@type\":\"ListItem\",\"position\":2,\"name\":\"Technical\",\"item\":\"https:\\\/\\\/norfran.co.uk\\\/technical\\\/\"},{\"@type\":\"ListItem\",\"position\":3,\"name\":\"Linear Tolerances\"}]},{\"@type\":\"WebSite\",\"@id\":\"https:\\\/\\\/norfran.co.uk\\\/#website\",\"url\":\"https:\\\/\\\/norfran.co.uk\\\/\",\"name\":\"Norfran Limited\",\"description\":\"Precision Aluminium and Zinc Diecasters\",\"potentialAction\":[{\"@type\":\"SearchAction\",\"target\":{\"@type\":\"EntryPoint\",\"urlTemplate\":\"https:\\\/\\\/norfran.co.uk\\\/?s={search_term_string}\"},\"query-input\":{\"@type\":\"PropertyValueSpecification\",\"valueRequired\":true,\"valueName\":\"search_term_string\"}}],\"inLanguage\":\"de\"}]}<\/script>\n<!-- \/ Yoast SEO plugin. -->","yoast_head_json":{"title":"Linear Tolerances | Die Casting | Die Casting Tolerances | Norfran","description":"Linear Tolerances: Die Cast tolerance charts, Moving Die Part, Linear Dimensions as cast, and Addition to Linear Dimension Tolerances","robots":{"index":"index","follow":"follow","max-snippet":"max-snippet:-1","max-image-preview":"max-image-preview:large","max-video-preview":"max-video-preview:-1"},"canonical":"https:\/\/norfran.co.uk\/technical\/linear-tolerances\/","og_locale":"de_DE","og_type":"article","og_title":"Linear Tolerances | Die Casting | Die Casting Tolerances | Norfran","og_description":"Linear Tolerances: Die Cast tolerance charts, Moving Die Part, Linear Dimensions as cast, and Addition to Linear Dimension Tolerances","og_url":"https:\/\/norfran.co.uk\/technical\/linear-tolerances\/","og_site_name":"Norfran Limited","article_modified_time":"2024-02-01T12:39:11+00:00","og_image":[{"url":"https:\/\/norfran.co.uk\/wp-content\/uploads\/2013\/09\/tech-linear-tolerances.jpg","type":"","width":"","height":""}],"twitter_card":"summary_large_image","twitter_misc":{"Gesch\u00e4tzte Lesezeit":"2\u00a0Minuten"},"schema":{"@context":"https:\/\/schema.org","@graph":[{"@type":"WebPage","@id":"https:\/\/norfran.co.uk\/technical\/linear-tolerances\/","url":"https:\/\/norfran.co.uk\/technical\/linear-tolerances\/","name":"Linear Tolerances | Die Casting | Die Casting Tolerances | Norfran","isPartOf":{"@id":"https:\/\/norfran.co.uk\/#website"},"primaryImageOfPage":{"@id":"https:\/\/norfran.co.uk\/technical\/linear-tolerances\/#primaryimage"},"image":{"@id":"https:\/\/norfran.co.uk\/technical\/linear-tolerances\/#primaryimage"},"thumbnailUrl":"https:\/\/norfran.co.uk\/wp-content\/uploads\/2013\/09\/tech-linear-tolerances.jpg","datePublished":"2017-05-25T11:30:43+00:00","dateModified":"2024-02-01T12:39:11+00:00","description":"Linear Tolerances: Die Cast tolerance charts, Moving Die Part, Linear Dimensions as cast, and Addition to Linear Dimension Tolerances","breadcrumb":{"@id":"https:\/\/norfran.co.uk\/technical\/linear-tolerances\/#breadcrumb"},"inLanguage":"de","potentialAction":[{"@type":"ReadAction","target":["https:\/\/norfran.co.uk\/technical\/linear-tolerances\/"]}]},{"@type":"ImageObject","inLanguage":"de","@id":"https:\/\/norfran.co.uk\/technical\/linear-tolerances\/#primaryimage","url":"https:\/\/norfran.co.uk\/wp-content\/uploads\/2013\/09\/tech-linear-tolerances.jpg","contentUrl":"https:\/\/norfran.co.uk\/wp-content\/uploads\/2013\/09\/tech-linear-tolerances.jpg"},{"@type":"BreadcrumbList","@id":"https:\/\/norfran.co.uk\/technical\/linear-tolerances\/#breadcrumb","itemListElement":[{"@type":"ListItem","position":1,"name":"Home","item":"https:\/\/norfran.co.uk\/"},{"@type":"ListItem","position":2,"name":"Technical","item":"https:\/\/norfran.co.uk\/technical\/"},{"@type":"ListItem","position":3,"name":"Linear Tolerances"}]},{"@type":"WebSite","@id":"https:\/\/norfran.co.uk\/#website","url":"https:\/\/norfran.co.uk\/","name":"Norfran Limited","description":"Precision Aluminium and Zinc Diecasters","potentialAction":[{"@type":"SearchAction","target":{"@type":"EntryPoint","urlTemplate":"https:\/\/norfran.co.uk\/?s={search_term_string}"},"query-input":{"@type":"PropertyValueSpecification","valueRequired":true,"valueName":"search_term_string"}}],"inLanguage":"de"}]}},"_links":{"self":[{"href":"https:\/\/norfran.co.uk\/de\/wp-json\/wp\/v2\/pages\/2173","targetHints":{"allow":["GET"]}}],"collection":[{"href":"https:\/\/norfran.co.uk\/de\/wp-json\/wp\/v2\/pages"}],"about":[{"href":"https:\/\/norfran.co.uk\/de\/wp-json\/wp\/v2\/types\/page"}],"author":[{"embeddable":true,"href":"https:\/\/norfran.co.uk\/de\/wp-json\/wp\/v2\/users\/2"}],"replies":[{"embeddable":true,"href":"https:\/\/norfran.co.uk\/de\/wp-json\/wp\/v2\/comments?post=2173"}],"version-history":[{"count":0,"href":"https:\/\/norfran.co.uk\/de\/wp-json\/wp\/v2\/pages\/2173\/revisions"}],"up":[{"embeddable":true,"href":"https:\/\/norfran.co.uk\/de\/wp-json\/wp\/v2\/pages\/2166"}],"wp:attachment":[{"href":"https:\/\/norfran.co.uk\/de\/wp-json\/wp\/v2\/media?parent=2173"}],"curies":[{"name":"wp","href":"https:\/\/api.w.org\/{rel}","templated":true}]}}