{"id":2,"date":"2017-05-25T10:47:22","date_gmt":"2017-05-25T10:47:22","guid":{"rendered":"http:\/\/pressurediecasting.co.uk\/?page_id=2"},"modified":"2022-03-17T11:58:09","modified_gmt":"2022-03-17T11:58:09","slug":"corporate","status":"publish","type":"page","link":"https:\/\/norfran.co.uk\/de\/corporate\/","title":{"rendered":"Corporate"},"content":{"rendered":"<p><img decoding=\"async\" class=\"alignnone size-full wp-image-2253 lazyload\" data-src=\"https:\/\/norfran.co.uk\/wp-content\/uploads\/2017\/05\/corporate.jpg\" alt=\"Corporate\" width=\"100%\" data-srcset=\"https:\/\/norfran.co.uk\/wp-content\/uploads\/2017\/05\/corporate.jpg 1400w, https:\/\/norfran.co.uk\/wp-content\/uploads\/2017\/05\/corporate-300x47.jpg 300w, https:\/\/norfran.co.uk\/wp-content\/uploads\/2017\/05\/corporate-768x121.jpg 768w, https:\/\/norfran.co.uk\/wp-content\/uploads\/2017\/05\/corporate-1024x161.jpg 1024w\" data-sizes=\"auto\" src=\"data:image\/svg+xml;base64,PHN2ZyB3aWR0aD0iMSIgaGVpZ2h0PSIxIiB4bWxucz0iaHR0cDovL3d3dy53My5vcmcvMjAwMC9zdmciPjwvc3ZnPg==\" style=\"--smush-placeholder-width: 1400px; --smush-placeholder-aspect-ratio: 1400\/220;\" data-original-sizes=\"(max-width: 1400px) 100vw, 1400px\" \/><\/p>\n<h2>\u00dcber uns<\/h2>\n<p>Die Norfran Ltd. wurde zur Produktion von Hochdruckaluminium &#8211; und Zinkdruckguss f\u00fcr viele Branchen und Endprodukte gegr\u00fcndet.<\/p>\n<p>Die Norfran Ltd. ist im Rahmen ihrer Arbeit zu Gro\u00dfbritanniens f\u00fchrendem Hersteller f\u00fcr Druckguss geworden.<\/p>\n<p>Das auf einem 6500 Quadratmeter gro\u00dfen Gel\u00e4nde in North Shields ans\u00e4ssige Unternehmen befindet sich nahe der Autobahn A1 und kann dank seiner guten Anbindung schnell alle Gebiete Gro\u00dfbritanniens beliefern.<\/p>\n<p>Im Rahmen unserer Unternehmensphilosophie m\u00f6chten wir allen Anforderungen unserer Kunden gerecht werden und in dem Sinne einen kompletten Kundendienst anbieten. Norfran ist um kontinuierliche Verbesserung und Abfallreduzierung bem\u00fcht.<\/p>\n<h2>Unser Leitbild<\/h2>\n<p>Norfran hat das erkl\u00e4rte Ziel, der bevorzugte Anbieter hochwertiger Aluminium-Druckgussteile und Ingenieur-Dienstleistungen zu werden<\/p>\n<h2>Unsere Aufgabe<\/h2>\n<p>Es ist Norfrans Vorsatz, den Anforderungen unserer Kunden aufgrund unserer unvergleichlichen Zuverl\u00e4ssigkeit und Flexibilit\u00e4t gerecht zu werden.<\/p>\n<h2>Wie ist unsere Firmenpers\u00f6nlichkeit?<\/h2>\n<p>Entscheidungsfreudig<br \/>\nWille zum Sieg<br \/>\nAgil<br \/>\nBem\u00fcht<\/p>\n<h2>Was wir sch\u00e4tzen?<\/h2>\n<p>Verpflichtung<br \/>\nVielf\u00e4ltigkeit<br \/>\nReaktionsfreudigkeit<br \/>\nInnovation<\/p>\n<p><img decoding=\"async\" class=\"alignnone wp-image-16617 size-full lazyload\" data-src=\"https:\/\/norfran.co.uk\/wp-content\/uploads\/2022\/03\/Best-of-British-Casting-Logo-e1647518210483.jpg\" alt=\"\" width=\"292\" height=\"80\" src=\"data:image\/svg+xml;base64,PHN2ZyB3aWR0aD0iMSIgaGVpZ2h0PSIxIiB4bWxucz0iaHR0cDovL3d3dy53My5vcmcvMjAwMC9zdmciPjwvc3ZnPg==\" style=\"--smush-placeholder-width: 292px; --smush-placeholder-aspect-ratio: 292\/80;\" \/>\u00a0 \u00a0<img decoding=\"async\" class=\"alignnone wp-image-16618 lazyload\" data-src=\"https:\/\/norfran.co.uk\/wp-content\/uploads\/2022\/03\/cast-metals-federation-Logo.jpg\" alt=\"\" width=\"233\" height=\"80\" src=\"data:image\/svg+xml;base64,PHN2ZyB3aWR0aD0iMSIgaGVpZ2h0PSIxIiB4bWxucz0iaHR0cDovL3d3dy53My5vcmcvMjAwMC9zdmciPjwvc3ZnPg==\" style=\"--smush-placeholder-width: 233px; --smush-placeholder-aspect-ratio: 233\/80;\" \/><\/p>","protected":false},"excerpt":{"rendered":"<p>\u00dcber uns Die Norfran Ltd. wurde zur Produktion von Hochdruckaluminium &#8211; und Zinkdruckguss f\u00fcr viele Branchen und Endprodukte gegr\u00fcndet. Die Norfran Ltd. ist im Rahmen ihrer Arbeit zu Gro\u00dfbritanniens f\u00fchrendem Hersteller f\u00fcr Druckguss geworden. Das auf einem 6500 Quadratmeter gro\u00dfen Gel\u00e4nde in North Shields ans\u00e4ssige Unternehmen befindet sich nahe der Autobahn A1 und kann dank seiner guten Anbindung schnell alle Gebiete Gro\u00dfbritanniens beliefern. Im Rahmen unserer Unternehmensphilosophie m\u00f6chten wir allen Anforderungen unserer Kunden gerecht werden und in dem Sinne einen&hellip;<\/p>\n","protected":false},"author":2,"featured_media":0,"parent":0,"menu_order":0,"comment_status":"closed","ping_status":"closed","template":"","meta":{"footnotes":""},"class_list":["post-2","page","type-page","status-publish","hentry"],"yoast_head":"<!-- This site is optimized with the Yoast SEO plugin v27.5 - https:\/\/yoast.com\/product\/yoast-seo-wordpress\/ -->\n<title>Corporate - Norfran Limited<\/title>\n<meta name=\"robots\" content=\"index, follow, max-snippet:-1, max-image-preview:large, max-video-preview:-1\" \/>\n<link rel=\"canonical\" href=\"https:\/\/norfran.co.uk\/corporate\/\" \/>\n<meta property=\"og:locale\" content=\"de_DE\" \/>\n<meta property=\"og:type\" content=\"article\" \/>\n<meta property=\"og:title\" content=\"Corporate - Norfran Limited\" \/>\n<meta property=\"og:description\" content=\"\u00dcber uns Die Norfran Ltd. wurde zur Produktion von Hochdruckaluminium &#8211; und Zinkdruckguss f\u00fcr viele Branchen und Endprodukte gegr\u00fcndet. Die Norfran Ltd. ist im Rahmen ihrer Arbeit zu Gro\u00dfbritanniens f\u00fchrendem Hersteller f\u00fcr Druckguss geworden. Das auf einem 6500 Quadratmeter gro\u00dfen Gel\u00e4nde in North Shields ans\u00e4ssige Unternehmen befindet sich nahe der Autobahn A1 und kann dank seiner guten Anbindung schnell alle Gebiete Gro\u00dfbritanniens beliefern. Im Rahmen unserer Unternehmensphilosophie m\u00f6chten wir allen Anforderungen unserer Kunden gerecht werden und in dem Sinne einen&hellip;\" \/>\n<meta property=\"og:url\" content=\"https:\/\/norfran.co.uk\/corporate\/\" \/>\n<meta property=\"og:site_name\" content=\"Norfran Limited\" \/>\n<meta property=\"article:modified_time\" content=\"2022-03-17T11:58:09+00:00\" \/>\n<meta property=\"og:image\" content=\"https:\/\/norfran.co.uk\/wp-content\/uploads\/2017\/05\/corporate.jpg\" \/>\n<meta name=\"twitter:card\" content=\"summary_large_image\" \/>\n<meta name=\"twitter:label1\" content=\"Gesch\u00e4tzte Lesezeit\" \/>\n\t<meta name=\"twitter:data1\" content=\"2\u00a0Minuten\" \/>\n<script type=\"application\/ld+json\" class=\"yoast-schema-graph\">{\"@context\":\"https:\\\/\\\/schema.org\",\"@graph\":[{\"@type\":\"WebPage\",\"@id\":\"https:\\\/\\\/norfran.co.uk\\\/corporate\\\/\",\"url\":\"https:\\\/\\\/norfran.co.uk\\\/corporate\\\/\",\"name\":\"Corporate - Norfran Limited\",\"isPartOf\":{\"@id\":\"https:\\\/\\\/norfran.co.uk\\\/#website\"},\"primaryImageOfPage\":{\"@id\":\"https:\\\/\\\/norfran.co.uk\\\/corporate\\\/#primaryimage\"},\"image\":{\"@id\":\"https:\\\/\\\/norfran.co.uk\\\/corporate\\\/#primaryimage\"},\"thumbnailUrl\":\"https:\\\/\\\/norfran.co.uk\\\/wp-content\\\/uploads\\\/2017\\\/05\\\/corporate.jpg\",\"datePublished\":\"2017-05-25T10:47:22+00:00\",\"dateModified\":\"2022-03-17T11:58:09+00:00\",\"breadcrumb\":{\"@id\":\"https:\\\/\\\/norfran.co.uk\\\/corporate\\\/#breadcrumb\"},\"inLanguage\":\"de\",\"potentialAction\":[{\"@type\":\"ReadAction\",\"target\":[\"https:\\\/\\\/norfran.co.uk\\\/corporate\\\/\"]}]},{\"@type\":\"ImageObject\",\"inLanguage\":\"de\",\"@id\":\"https:\\\/\\\/norfran.co.uk\\\/corporate\\\/#primaryimage\",\"url\":\"https:\\\/\\\/norfran.co.uk\\\/wp-content\\\/uploads\\\/2017\\\/05\\\/corporate.jpg\",\"contentUrl\":\"https:\\\/\\\/norfran.co.uk\\\/wp-content\\\/uploads\\\/2017\\\/05\\\/corporate.jpg\"},{\"@type\":\"BreadcrumbList\",\"@id\":\"https:\\\/\\\/norfran.co.uk\\\/corporate\\\/#breadcrumb\",\"itemListElement\":[{\"@type\":\"ListItem\",\"position\":1,\"name\":\"Home\",\"item\":\"https:\\\/\\\/norfran.co.uk\\\/\"},{\"@type\":\"ListItem\",\"position\":2,\"name\":\"Corporate\"}]},{\"@type\":\"WebSite\",\"@id\":\"https:\\\/\\\/norfran.co.uk\\\/#website\",\"url\":\"https:\\\/\\\/norfran.co.uk\\\/\",\"name\":\"Norfran Limited\",\"description\":\"Precision Aluminium and Zinc Diecasters\",\"potentialAction\":[{\"@type\":\"SearchAction\",\"target\":{\"@type\":\"EntryPoint\",\"urlTemplate\":\"https:\\\/\\\/norfran.co.uk\\\/?s={search_term_string}\"},\"query-input\":{\"@type\":\"PropertyValueSpecification\",\"valueRequired\":true,\"valueName\":\"search_term_string\"}}],\"inLanguage\":\"de\"}]}<\/script>\n<!-- \/ Yoast SEO plugin. -->","yoast_head_json":{"title":"Corporate - Norfran Limited","robots":{"index":"index","follow":"follow","max-snippet":"max-snippet:-1","max-image-preview":"max-image-preview:large","max-video-preview":"max-video-preview:-1"},"canonical":"https:\/\/norfran.co.uk\/corporate\/","og_locale":"de_DE","og_type":"article","og_title":"Corporate - Norfran Limited","og_description":"\u00dcber uns Die Norfran Ltd. wurde zur Produktion von Hochdruckaluminium &#8211; und Zinkdruckguss f\u00fcr viele Branchen und Endprodukte gegr\u00fcndet. Die Norfran Ltd. ist im Rahmen ihrer Arbeit zu Gro\u00dfbritanniens f\u00fchrendem Hersteller f\u00fcr Druckguss geworden. Das auf einem 6500 Quadratmeter gro\u00dfen Gel\u00e4nde in North Shields ans\u00e4ssige Unternehmen befindet sich nahe der Autobahn A1 und kann dank seiner guten Anbindung schnell alle Gebiete Gro\u00dfbritanniens beliefern. Im Rahmen unserer Unternehmensphilosophie m\u00f6chten wir allen Anforderungen unserer Kunden gerecht werden und in dem Sinne einen&hellip;","og_url":"https:\/\/norfran.co.uk\/corporate\/","og_site_name":"Norfran Limited","article_modified_time":"2022-03-17T11:58:09+00:00","og_image":[{"url":"https:\/\/norfran.co.uk\/wp-content\/uploads\/2017\/05\/corporate.jpg","type":"","width":"","height":""}],"twitter_card":"summary_large_image","twitter_misc":{"Gesch\u00e4tzte Lesezeit":"2\u00a0Minuten"},"schema":{"@context":"https:\/\/schema.org","@graph":[{"@type":"WebPage","@id":"https:\/\/norfran.co.uk\/corporate\/","url":"https:\/\/norfran.co.uk\/corporate\/","name":"Corporate - Norfran Limited","isPartOf":{"@id":"https:\/\/norfran.co.uk\/#website"},"primaryImageOfPage":{"@id":"https:\/\/norfran.co.uk\/corporate\/#primaryimage"},"image":{"@id":"https:\/\/norfran.co.uk\/corporate\/#primaryimage"},"thumbnailUrl":"https:\/\/norfran.co.uk\/wp-content\/uploads\/2017\/05\/corporate.jpg","datePublished":"2017-05-25T10:47:22+00:00","dateModified":"2022-03-17T11:58:09+00:00","breadcrumb":{"@id":"https:\/\/norfran.co.uk\/corporate\/#breadcrumb"},"inLanguage":"de","potentialAction":[{"@type":"ReadAction","target":["https:\/\/norfran.co.uk\/corporate\/"]}]},{"@type":"ImageObject","inLanguage":"de","@id":"https:\/\/norfran.co.uk\/corporate\/#primaryimage","url":"https:\/\/norfran.co.uk\/wp-content\/uploads\/2017\/05\/corporate.jpg","contentUrl":"https:\/\/norfran.co.uk\/wp-content\/uploads\/2017\/05\/corporate.jpg"},{"@type":"BreadcrumbList","@id":"https:\/\/norfran.co.uk\/corporate\/#breadcrumb","itemListElement":[{"@type":"ListItem","position":1,"name":"Home","item":"https:\/\/norfran.co.uk\/"},{"@type":"ListItem","position":2,"name":"Corporate"}]},{"@type":"WebSite","@id":"https:\/\/norfran.co.uk\/#website","url":"https:\/\/norfran.co.uk\/","name":"Norfran Limited","description":"Precision Aluminium and Zinc Diecasters","potentialAction":[{"@type":"SearchAction","target":{"@type":"EntryPoint","urlTemplate":"https:\/\/norfran.co.uk\/?s={search_term_string}"},"query-input":{"@type":"PropertyValueSpecification","valueRequired":true,"valueName":"search_term_string"}}],"inLanguage":"de"}]}},"_links":{"self":[{"href":"https:\/\/norfran.co.uk\/de\/wp-json\/wp\/v2\/pages\/2","targetHints":{"allow":["GET"]}}],"collection":[{"href":"https:\/\/norfran.co.uk\/de\/wp-json\/wp\/v2\/pages"}],"about":[{"href":"https:\/\/norfran.co.uk\/de\/wp-json\/wp\/v2\/types\/page"}],"author":[{"embeddable":true,"href":"https:\/\/norfran.co.uk\/de\/wp-json\/wp\/v2\/users\/2"}],"replies":[{"embeddable":true,"href":"https:\/\/norfran.co.uk\/de\/wp-json\/wp\/v2\/comments?post=2"}],"version-history":[{"count":0,"href":"https:\/\/norfran.co.uk\/de\/wp-json\/wp\/v2\/pages\/2\/revisions"}],"wp:attachment":[{"href":"https:\/\/norfran.co.uk\/de\/wp-json\/wp\/v2\/media?parent=2"}],"curies":[{"name":"wp","href":"https:\/\/api.w.org\/{rel}","templated":true}]}}