{"id":11193,"date":"2021-05-12T10:40:22","date_gmt":"2021-05-12T10:40:22","guid":{"rendered":"https:\/\/norfran.co.uk\/?page_id=11193"},"modified":"2024-02-01T10:41:16","modified_gmt":"2024-02-01T10:41:16","slug":"design-and-project-management","status":"publish","type":"page","link":"https:\/\/norfran.co.uk\/de\/services\/design-and-project-management\/","title":{"rendered":"Design und Projektleitung"},"content":{"rendered":"<p><img decoding=\"async\" class=\"size-full wp-image-11194 aligncenter lazyload\" data-src=\"https:\/\/norfran.co.uk\/wp-content\/uploads\/2021\/05\/design-project-management.jpg\" alt=\"Diecasting design and project management\" width=\"1400\" height=\"245\" data-srcset=\"https:\/\/norfran.co.uk\/wp-content\/uploads\/2021\/05\/design-project-management.jpg 1400w, https:\/\/norfran.co.uk\/wp-content\/uploads\/2021\/05\/design-project-management-300x53.jpg 300w, https:\/\/norfran.co.uk\/wp-content\/uploads\/2021\/05\/design-project-management-1024x179.jpg 1024w, https:\/\/norfran.co.uk\/wp-content\/uploads\/2021\/05\/design-project-management-768x134.jpg 768w\" data-sizes=\"auto\" src=\"data:image\/svg+xml;base64,PHN2ZyB3aWR0aD0iMSIgaGVpZ2h0PSIxIiB4bWxucz0iaHR0cDovL3d3dy53My5vcmcvMjAwMC9zdmciPjwvc3ZnPg==\" style=\"--smush-placeholder-width: 1400px; --smush-placeholder-aspect-ratio: 1400\/245;\" data-original-sizes=\"(max-width: 1400px) 100vw, 1400px\" \/><\/p>\n<p>Neben dem Design von Druckgie\u00dfformen arbeiten wir Hand in Hand mit unseren Kunden, um sie beim Design ihrer Komponenten zu unterst\u00fctzen. Wir bieten unseren Kunden einen vollst\u00e4ndig integrierten Service. Design for Manufacture (DFM) bzw. das \u201eproduktionsgerechte Gestalten\u201c ist eine der St\u00e4rken von Norfran. Wir verwenden die neueste Iteration der MAGMA-Software, um unsere Tools f\u00fcr die Verbesserung der Metallgussqualit\u00e4t sowie die Prozessbedingungen zu optimieren und die Produktionskosten zu senken. Aus diesem Grund greifen wir auf die Methodik der virtuellen Versuchsdesigns und der autonomen Optimierung zur\u00fcck.<\/p>\n<p>Wir verwenden die neueste Iteration von SolidWorks und verf\u00fcgen \u00fcber eine 3D-Druckeinrichtung.<\/p>\n<p>Wir \u00fcbernehmen sogar die Beschaffung Ihrer schnellen Prototypentwicklung f\u00fcr Sie und fertigen Kunststoff-Werkzeuge (Soft-Tooling) f\u00fcr Prototypen-Druckg\u00fcsse.<\/p>\n<div style=\"display: flex; flex-direction: row; flex-wrap: wrap; justify-content: space-between;\"><img decoding=\"async\" class=\"alignnone wp-image-11114 lazyload\" data-src=\"https:\/\/norfran.co.uk\/wp-content\/uploads\/2021\/05\/Pump-Body-300x300.jpg\" alt=\"\" width=\"250\" height=\"250\" data-srcset=\"https:\/\/norfran.co.uk\/wp-content\/uploads\/2021\/05\/Pump-Body-300x300.jpg 300w, https:\/\/norfran.co.uk\/wp-content\/uploads\/2021\/05\/Pump-Body-150x150.jpg 150w, https:\/\/norfran.co.uk\/wp-content\/uploads\/2021\/05\/Pump-Body.jpg 600w\" data-sizes=\"auto\" src=\"data:image\/svg+xml;base64,PHN2ZyB3aWR0aD0iMSIgaGVpZ2h0PSIxIiB4bWxucz0iaHR0cDovL3d3dy53My5vcmcvMjAwMC9zdmciPjwvc3ZnPg==\" style=\"--smush-placeholder-width: 250px; --smush-placeholder-aspect-ratio: 250\/250;\" data-original-sizes=\"(max-width: 250px) 100vw, 250px\" \/> <img decoding=\"async\" class=\"alignnone wp-image-11113 lazyload\" data-src=\"https:\/\/norfran.co.uk\/wp-content\/uploads\/2021\/05\/Pump-Body-Trace-300x300.jpg\" alt=\"\" width=\"250\" height=\"250\" data-srcset=\"https:\/\/norfran.co.uk\/wp-content\/uploads\/2021\/05\/Pump-Body-Trace-300x300.jpg 300w, https:\/\/norfran.co.uk\/wp-content\/uploads\/2021\/05\/Pump-Body-Trace-150x150.jpg 150w, https:\/\/norfran.co.uk\/wp-content\/uploads\/2021\/05\/Pump-Body-Trace.jpg 600w\" data-sizes=\"auto\" src=\"data:image\/svg+xml;base64,PHN2ZyB3aWR0aD0iMSIgaGVpZ2h0PSIxIiB4bWxucz0iaHR0cDovL3d3dy53My5vcmcvMjAwMC9zdmciPjwvc3ZnPg==\" style=\"--smush-placeholder-width: 250px; --smush-placeholder-aspect-ratio: 250\/250;\" data-original-sizes=\"(max-width: 250px) 100vw, 250px\" \/> <img decoding=\"async\" class=\"alignnone wp-image-11116 lazyload\" data-src=\"https:\/\/norfran.co.uk\/wp-content\/uploads\/2021\/05\/Pump-HSG-Vel-300x300.jpg\" alt=\"\" width=\"250\" height=\"250\" data-srcset=\"https:\/\/norfran.co.uk\/wp-content\/uploads\/2021\/05\/Pump-HSG-Vel-300x300.jpg 300w, https:\/\/norfran.co.uk\/wp-content\/uploads\/2021\/05\/Pump-HSG-Vel-150x150.jpg 150w, https:\/\/norfran.co.uk\/wp-content\/uploads\/2021\/05\/Pump-HSG-Vel.jpg 600w\" data-sizes=\"auto\" src=\"data:image\/svg+xml;base64,PHN2ZyB3aWR0aD0iMSIgaGVpZ2h0PSIxIiB4bWxucz0iaHR0cDovL3d3dy53My5vcmcvMjAwMC9zdmciPjwvc3ZnPg==\" style=\"--smush-placeholder-width: 250px; --smush-placeholder-aspect-ratio: 250\/250;\" data-original-sizes=\"(max-width: 250px) 100vw, 250px\" \/> <img decoding=\"async\" class=\"alignnone wp-image-11131 size-medium lazyload\" data-src=\"https:\/\/norfran.co.uk\/wp-content\/uploads\/2021\/05\/3d-printing-225x300.jpg\" alt=\"\" width=\"225\" height=\"300\" data-srcset=\"https:\/\/norfran.co.uk\/wp-content\/uploads\/2021\/05\/3d-printing-225x300.jpg 225w, https:\/\/norfran.co.uk\/wp-content\/uploads\/2021\/05\/3d-printing.jpg 600w\" data-sizes=\"auto\" src=\"data:image\/svg+xml;base64,PHN2ZyB3aWR0aD0iMSIgaGVpZ2h0PSIxIiB4bWxucz0iaHR0cDovL3d3dy53My5vcmcvMjAwMC9zdmciPjwvc3ZnPg==\" style=\"--smush-placeholder-width: 225px; --smush-placeholder-aspect-ratio: 225\/300;\" data-original-sizes=\"(max-width: 225px) 100vw, 225px\" \/><\/div>\n<p><\/p>","protected":false},"excerpt":{"rendered":"<p>Neben dem Design von Druckgie\u00dfformen arbeiten wir Hand in Hand mit unseren Kunden, um sie beim Design ihrer Komponenten zu unterst\u00fctzen. Wir bieten unseren Kunden einen vollst\u00e4ndig integrierten Service. Design for Manufacture (DFM) bzw. das \u201eproduktionsgerechte Gestalten\u201c ist eine der St\u00e4rken von Norfran. Wir verwenden die neueste Iteration der MAGMA-Software, um unsere Tools f\u00fcr die Verbesserung der Metallgussqualit\u00e4t sowie die Prozessbedingungen zu optimieren und die Produktionskosten zu senken. Aus diesem Grund greifen wir auf die Methodik der virtuellen Versuchsdesigns und&hellip;<\/p>\n","protected":false},"author":4,"featured_media":0,"parent":1811,"menu_order":0,"comment_status":"closed","ping_status":"closed","template":"","meta":{"footnotes":""},"class_list":["post-11193","page","type-page","status-publish","hentry"],"yoast_head":"<!-- This site is optimized with the Yoast SEO plugin v27.4 - https:\/\/yoast.com\/product\/yoast-seo-wordpress\/ -->\n<title>Design und Projektleitung - Norfran Limited<\/title>\n<meta name=\"description\" content=\"Design and Project Management for Manufacture is one of Norfran\u2019s strengths\" \/>\n<meta name=\"robots\" content=\"index, follow, max-snippet:-1, max-image-preview:large, max-video-preview:-1\" \/>\n<link rel=\"canonical\" href=\"https:\/\/norfran.co.uk\/services\/design-and-project-management\/\" \/>\n<meta property=\"og:locale\" content=\"de_DE\" \/>\n<meta property=\"og:type\" content=\"article\" \/>\n<meta property=\"og:title\" content=\"Design und Projektleitung - Norfran Limited\" \/>\n<meta property=\"og:description\" content=\"Design and Project Management for Manufacture is one of Norfran\u2019s strengths\" \/>\n<meta property=\"og:url\" content=\"https:\/\/norfran.co.uk\/services\/design-and-project-management\/\" \/>\n<meta property=\"og:site_name\" content=\"Norfran Limited\" \/>\n<meta property=\"article:modified_time\" content=\"2024-02-01T10:41:16+00:00\" \/>\n<meta property=\"og:image\" content=\"https:\/\/norfran.co.uk\/wp-content\/uploads\/2021\/05\/design-project-management.jpg\" \/>\n<meta name=\"twitter:card\" content=\"summary_large_image\" \/>\n<meta name=\"twitter:label1\" content=\"Gesch\u00e4tzte Lesezeit\" \/>\n\t<meta name=\"twitter:data1\" content=\"2\u00a0Minuten\" \/>\n<script type=\"application\/ld+json\" class=\"yoast-schema-graph\">{\"@context\":\"https:\\\/\\\/schema.org\",\"@graph\":[{\"@type\":\"WebPage\",\"@id\":\"https:\\\/\\\/norfran.co.uk\\\/services\\\/design-and-project-management\\\/\",\"url\":\"https:\\\/\\\/norfran.co.uk\\\/services\\\/design-and-project-management\\\/\",\"name\":\"[:en]Design and Project Management[:de]Design und Projektleitung[:fr]Conception et gestion de projet[:es]Dise\u00f1o y gesti\u00f3n de proyectos[:] - Norfran Limited\",\"isPartOf\":{\"@id\":\"https:\\\/\\\/norfran.co.uk\\\/#website\"},\"primaryImageOfPage\":{\"@id\":\"https:\\\/\\\/norfran.co.uk\\\/services\\\/design-and-project-management\\\/#primaryimage\"},\"image\":{\"@id\":\"https:\\\/\\\/norfran.co.uk\\\/services\\\/design-and-project-management\\\/#primaryimage\"},\"thumbnailUrl\":\"https:\\\/\\\/norfran.co.uk\\\/wp-content\\\/uploads\\\/2021\\\/05\\\/design-project-management.jpg\",\"datePublished\":\"2021-05-12T10:40:22+00:00\",\"dateModified\":\"2024-02-01T10:41:16+00:00\",\"description\":\"Design and Project Management for Manufacture is one of Norfran\u2019s strengths\",\"breadcrumb\":{\"@id\":\"https:\\\/\\\/norfran.co.uk\\\/services\\\/design-and-project-management\\\/#breadcrumb\"},\"inLanguage\":\"de\",\"potentialAction\":[{\"@type\":\"ReadAction\",\"target\":[\"https:\\\/\\\/norfran.co.uk\\\/services\\\/design-and-project-management\\\/\"]}]},{\"@type\":\"ImageObject\",\"inLanguage\":\"de\",\"@id\":\"https:\\\/\\\/norfran.co.uk\\\/services\\\/design-and-project-management\\\/#primaryimage\",\"url\":\"https:\\\/\\\/norfran.co.uk\\\/wp-content\\\/uploads\\\/2021\\\/05\\\/design-project-management.jpg\",\"contentUrl\":\"https:\\\/\\\/norfran.co.uk\\\/wp-content\\\/uploads\\\/2021\\\/05\\\/design-project-management.jpg\"},{\"@type\":\"BreadcrumbList\",\"@id\":\"https:\\\/\\\/norfran.co.uk\\\/services\\\/design-and-project-management\\\/#breadcrumb\",\"itemListElement\":[{\"@type\":\"ListItem\",\"position\":1,\"name\":\"Home\",\"item\":\"https:\\\/\\\/norfran.co.uk\\\/\"},{\"@type\":\"ListItem\",\"position\":2,\"name\":\"Services\",\"item\":\"https:\\\/\\\/norfran.co.uk\\\/services\\\/\"},{\"@type\":\"ListItem\",\"position\":3,\"name\":\"Design and Project Management\"}]},{\"@type\":\"WebSite\",\"@id\":\"https:\\\/\\\/norfran.co.uk\\\/#website\",\"url\":\"https:\\\/\\\/norfran.co.uk\\\/\",\"name\":\"Norfran Limited\",\"description\":\"Precision Aluminium and Zinc Diecasters\",\"potentialAction\":[{\"@type\":\"SearchAction\",\"target\":{\"@type\":\"EntryPoint\",\"urlTemplate\":\"https:\\\/\\\/norfran.co.uk\\\/?s={search_term_string}\"},\"query-input\":{\"@type\":\"PropertyValueSpecification\",\"valueRequired\":true,\"valueName\":\"search_term_string\"}}],\"inLanguage\":\"de\"}]}<\/script>\n<!-- \/ Yoast SEO plugin. -->","yoast_head_json":{"title":"Design und Projektleitung - Norfran Limited","description":"Design and Project Management for Manufacture is one of Norfran\u2019s strengths","robots":{"index":"index","follow":"follow","max-snippet":"max-snippet:-1","max-image-preview":"max-image-preview:large","max-video-preview":"max-video-preview:-1"},"canonical":"https:\/\/norfran.co.uk\/services\/design-and-project-management\/","og_locale":"de_DE","og_type":"article","og_title":"Design und Projektleitung - Norfran Limited","og_description":"Design and Project Management for Manufacture is one of Norfran\u2019s strengths","og_url":"https:\/\/norfran.co.uk\/services\/design-and-project-management\/","og_site_name":"Norfran Limited","article_modified_time":"2024-02-01T10:41:16+00:00","og_image":[{"url":"https:\/\/norfran.co.uk\/wp-content\/uploads\/2021\/05\/design-project-management.jpg","type":"","width":"","height":""}],"twitter_card":"summary_large_image","twitter_misc":{"Gesch\u00e4tzte Lesezeit":"2\u00a0Minuten"},"schema":{"@context":"https:\/\/schema.org","@graph":[{"@type":"WebPage","@id":"https:\/\/norfran.co.uk\/services\/design-and-project-management\/","url":"https:\/\/norfran.co.uk\/services\/design-and-project-management\/","name":"[:en]Design and Project Management[:de]Design und Projektleitung[:fr]Conception et gestion de projet[:es]Dise\u00f1o y gesti\u00f3n de proyectos[:] - Norfran Limited","isPartOf":{"@id":"https:\/\/norfran.co.uk\/#website"},"primaryImageOfPage":{"@id":"https:\/\/norfran.co.uk\/services\/design-and-project-management\/#primaryimage"},"image":{"@id":"https:\/\/norfran.co.uk\/services\/design-and-project-management\/#primaryimage"},"thumbnailUrl":"https:\/\/norfran.co.uk\/wp-content\/uploads\/2021\/05\/design-project-management.jpg","datePublished":"2021-05-12T10:40:22+00:00","dateModified":"2024-02-01T10:41:16+00:00","description":"Design and Project Management for Manufacture is one of Norfran\u2019s strengths","breadcrumb":{"@id":"https:\/\/norfran.co.uk\/services\/design-and-project-management\/#breadcrumb"},"inLanguage":"de","potentialAction":[{"@type":"ReadAction","target":["https:\/\/norfran.co.uk\/services\/design-and-project-management\/"]}]},{"@type":"ImageObject","inLanguage":"de","@id":"https:\/\/norfran.co.uk\/services\/design-and-project-management\/#primaryimage","url":"https:\/\/norfran.co.uk\/wp-content\/uploads\/2021\/05\/design-project-management.jpg","contentUrl":"https:\/\/norfran.co.uk\/wp-content\/uploads\/2021\/05\/design-project-management.jpg"},{"@type":"BreadcrumbList","@id":"https:\/\/norfran.co.uk\/services\/design-and-project-management\/#breadcrumb","itemListElement":[{"@type":"ListItem","position":1,"name":"Home","item":"https:\/\/norfran.co.uk\/"},{"@type":"ListItem","position":2,"name":"Services","item":"https:\/\/norfran.co.uk\/services\/"},{"@type":"ListItem","position":3,"name":"Design and Project Management"}]},{"@type":"WebSite","@id":"https:\/\/norfran.co.uk\/#website","url":"https:\/\/norfran.co.uk\/","name":"Norfran Limited","description":"Precision Aluminium and Zinc Diecasters","potentialAction":[{"@type":"SearchAction","target":{"@type":"EntryPoint","urlTemplate":"https:\/\/norfran.co.uk\/?s={search_term_string}"},"query-input":{"@type":"PropertyValueSpecification","valueRequired":true,"valueName":"search_term_string"}}],"inLanguage":"de"}]}},"_links":{"self":[{"href":"https:\/\/norfran.co.uk\/de\/wp-json\/wp\/v2\/pages\/11193","targetHints":{"allow":["GET"]}}],"collection":[{"href":"https:\/\/norfran.co.uk\/de\/wp-json\/wp\/v2\/pages"}],"about":[{"href":"https:\/\/norfran.co.uk\/de\/wp-json\/wp\/v2\/types\/page"}],"author":[{"embeddable":true,"href":"https:\/\/norfran.co.uk\/de\/wp-json\/wp\/v2\/users\/4"}],"replies":[{"embeddable":true,"href":"https:\/\/norfran.co.uk\/de\/wp-json\/wp\/v2\/comments?post=11193"}],"version-history":[{"count":0,"href":"https:\/\/norfran.co.uk\/de\/wp-json\/wp\/v2\/pages\/11193\/revisions"}],"up":[{"embeddable":true,"href":"https:\/\/norfran.co.uk\/de\/wp-json\/wp\/v2\/pages\/1811"}],"wp:attachment":[{"href":"https:\/\/norfran.co.uk\/de\/wp-json\/wp\/v2\/media?parent=11193"}],"curies":[{"name":"wp","href":"https:\/\/api.w.org\/{rel}","templated":true}]}}